{"id":2384,"date":"2021-10-28T14:56:40","date_gmt":"2021-10-28T19:56:40","guid":{"rendered":"https:\/\/www.tamaulipas.gob.mx\/cultura\/?page_id=2384"},"modified":"2023-04-11T15:50:45","modified_gmt":"2023-04-11T21:50:45","slug":"barco-museo-del-nino","status":"publish","type":"page","link":"https:\/\/www.tamaulipas.gob.mx\/cultura\/barco-museo-del-nino\/","title":{"rendered":"Barco Museo del Ni\u00f1o"},"content":{"rendered":"<h1 style=\"text-align: center;\">Antecedentes y objetivos<\/h1>\n<p>En 1922, durante el gobierno del General \u00c1lvaro Obreg\u00f3n, surgi\u00f3 la necesidad de construir una prisi\u00f3n en el sur de Tamaulipas, fue as\u00ed como comenz\u00f3 la construcci\u00f3n de este gran edificio que hoy alberga al BARCO Museo del Ni\u00f1o. El Palacio Penal de Andonegui, se inaugur\u00f3 el 3 de marzo de 1924 por el Profesor Candelario Garza, quien fung\u00eda como Gobernador de Tamaulipas.<\/p>\n<p>El edificio tiene un corte neocl\u00e1sico que se apega al modelo pan\u00f3ptico de arquitectura carcelaria, el cual dicta que la prisi\u00f3n debe ser vigilada en su totalidad desde un punto, as\u00ed que los tres galerones y cuatro patios del penal, pod\u00edan ser vigilados desde el edificio administrativo.<\/p>\n<p>Despu\u00e9s de 81 a\u00f1os de funcionamiento, la prisi\u00f3n cerr\u00f3 sus puertas el 25 de octubre del 2005, y los internos fueron trasladados al CERESO de Altamira. Durante 13 a\u00f1os el edificio qued\u00f3 en abandono y se fue deteriorando. Hasta que en el 2018 el Gobierno del Estado de Tamaulipas anunci\u00f3 el rescate y restauraci\u00f3n del Palacio Penal de Andonegui para instalar en su interior el Museo del Ni\u00f1o.<\/p>\n<p>Tras m\u00e1s de un a\u00f1o de arduo trabajo de reconstrucci\u00f3n y museograf\u00eda, BARCO abri\u00f3 sus puertas el 11 de abril de 2019, con la presencia del Gobernador del Estado, Lic. Francisco Javier Garc\u00eda Cabeza de Vaca. Actualmente el Museo es un recinto que suma a la oferta tur\u00edstica y cultural del sur de Tamaulipas, promoviendo la sana convivencia familiar, el juego y el desarrollo intelectual y personal de los ni\u00f1os y ni\u00f1as.<\/p>\n<p>En BARCO Museo del Ni\u00f1o puedes descubrir, imaginar, experimentar y aprender, ya sea en una visita escolar o con tu familia y amigos; y por la noche, gracias a su imponente arquitectura e iluminaci\u00f3n, sus espacios se han convertido en sede de importantes eventos sociales, empresariales y culturales.<\/p>\n<h1 style=\"text-align: center;\">Espacios<\/h1>\n<ul>\n<li>Sala 1 Actualidad en Tamaulipas: conoce el estado a trav\u00e9s de su flora, fauna, cuerpos de agua, actividades econ\u00f3micas, energ\u00edas y mucho m\u00e1s.<\/li>\n<li>Sala 2 T\u00fanel del tiempo: \u00bfQu\u00e9 tanto sabes sobre la historia de la regi\u00f3n? Aprende a fondo sobre los hechos m\u00e1s relevantes de M\u00e9xico y Tamaulipas.<\/li>\n<li>Sala 3 Mi sociedad: sum\u00e9rgete en los valores y buenas pr\u00e1cticas que constituyen una sana sociedad.<\/li>\n<li>Sala 4 Sue\u00f1os, gustos, ideas y planes: a modo de juego y fomentando la convivencia familiar, refuerza el aprendizaje de las primeras 3 salas a la vez que suma contenido sobre orientaci\u00f3n vocacional.<\/li>\n<li>Sala de exposiciones temporales: redescubre el Museo cada vez que lo visites, aqu\u00ed podr\u00e1s encontrar exposiciones digitales y\/o f\u00edsicas itinerantes.<\/li>\n<li>Talleres art\u00edsticos: ponte creativo y expr\u00e9sate a trav\u00e9s de nuestros talleres art\u00edsticos que fomentan las buenas pr\u00e1cticas ecol\u00f3gicas reutilizando materiales que encuentras en casa.<\/li>\n<li>Mediateca: equipada con 13 computadoras de pantalla t\u00e1ctil es la sala ideal para convertirte en todo un investigador digital con nuestros juegos educativos.<\/li>\n<li>Biblioteca: ad\u00e9ntrate a la aventura de imaginar y del saber con las historias y datos sorprendentes que encontrar\u00e1s en los libros de nuestra biblioteca infantil.<\/li>\n<\/ul>\n","protected":false},"excerpt":{"rendered":"<p>Antecedentes y objetivos En 1922, durante el gobierno del General \u00c1lvaro Obreg\u00f3n, surgi\u00f3 la necesidad de construir una prisi\u00f3n en el sur de Tamaulipas, fue\u2026<\/p>\n","protected":false},"author":156,"featured_media":0,"parent":0,"menu_order":0,"comment_status":"closed","ping_status":"closed","template":"","meta":{"footnotes":""},"class_list":["post-2384","page","type-page","status-publish","hentry"],"publishpress_future_action":{"enabled":false,"date":"2026-05-09 20:48:40","action":"change-status","newStatus":"draft","terms":[],"taxonomy":""},"_links":{"self":[{"href":"https:\/\/www.tamaulipas.gob.mx\/cultura\/wp-json\/wp\/v2\/pages\/2384"}],"collection":[{"href":"https:\/\/www.tamaulipas.gob.mx\/cultura\/wp-json\/wp\/v2\/pages"}],"about":[{"href":"https:\/\/www.tamaulipas.gob.mx\/cultura\/wp-json\/wp\/v2\/types\/page"}],"author":[{"embeddable":true,"href":"https:\/\/www.tamaulipas.gob.mx\/cultura\/wp-json\/wp\/v2\/users\/156"}],"replies":[{"embeddable":true,"href":"https:\/\/www.tamaulipas.gob.mx\/cultura\/wp-json\/wp\/v2\/comments?post=2384"}],"version-history":[{"count":3,"href":"https:\/\/www.tamaulipas.gob.mx\/cultura\/wp-json\/wp\/v2\/pages\/2384\/revisions"}],"predecessor-version":[{"id":2651,"href":"https:\/\/www.tamaulipas.gob.mx\/cultura\/wp-json\/wp\/v2\/pages\/2384\/revisions\/2651"}],"wp:attachment":[{"href":"https:\/\/www.tamaulipas.gob.mx\/cultura\/wp-json\/wp\/v2\/media?parent=2384"}],"curies":[{"name":"wp","href":"https:\/\/api.w.org\/{rel}","templated":true}]}}