{"id":13,"date":"2017-06-22T13:07:00","date_gmt":"2017-06-22T18:07:00","guid":{"rendered":"http:\/\/www.tamaulipas.gob.mx\/cultura\/?page_id=13"},"modified":"2024-10-10T10:42:13","modified_gmt":"2024-10-10T16:42:13","slug":"mision-y-vision","status":"publish","type":"page","link":"https:\/\/www.tamaulipas.gob.mx\/cultura\/mision-y-vision\/","title":{"rendered":"Misi\u00f3n y Visi\u00f3n"},"content":{"rendered":"<p style=\"text-align: justify;\"><strong>Misi\u00f3n<\/strong><\/p>\n<p style=\"text-align: justify;\">Garantizar el Desarrollo, Fortalecimiento, Promoci\u00f3n y Difusi\u00f3n cultural, art\u00edstica y del patrimonio cultural en la Entidad, mediante el impulso constante de acciones que fomenten la asistencia y participaci\u00f3n de la sociedad en actividades culturales y art\u00edsticas,\u00a0 la capacitaci\u00f3n y formaci\u00f3n de creadores, acad\u00e9micos, docentes, promotores y gestores, fomento a la lectura y creaci\u00f3n de libros, la vinculaci\u00f3n con redes comunitarias, promover el consumo de bienes y servicios culturales, as\u00ed como preservar las ra\u00edces culturales e hist\u00f3ricas tangibles e intangibles de la identidad de los tamaulipecos en colaboraci\u00f3n con los tres ordenes de gobierno, sociedad civil, otras entidades y organismos internacionales.<\/p>\n<p>&nbsp;<\/p>\n<p><strong>Visi\u00f3n<\/strong><\/p>\n<p style=\"text-align: justify;\">Ser la instancia comprometida de construir la Cultura, como un derecho social; y el Arte, como una expresi\u00f3n superior de la voluntad de las y los tamaulipecos. Que impulsa la preservaci\u00f3n de la diversidad cultural en sus distintas identidades, el desarrollo sociocultural y el fomento a la investigaci\u00f3n y formaci\u00f3n cultural, mediante iniciativas de transformaci\u00f3n con prop\u00f3sito de crear sociedades sostenibles, cohesionadas e inclusivas, regidas por principios de equidad y justicia que permitan mejorar la calidad de vida de los ciudadanos.<\/p>\n","protected":false},"excerpt":{"rendered":"<p>Misi\u00f3n Garantizar el Desarrollo, Fortalecimiento, Promoci\u00f3n y Difusi\u00f3n cultural, art\u00edstica y del patrimonio cultural en la Entidad, mediante el impulso constante de acciones que fomenten\u2026<\/p>\n","protected":false},"author":7,"featured_media":0,"parent":0,"menu_order":0,"comment_status":"closed","ping_status":"closed","template":"","meta":{"footnotes":""},"class_list":["post-13","page","type-page","status-publish","hentry"],"publishpress_future_action":{"enabled":false,"date":"2026-05-09 23:21:55","action":"change-status","newStatus":"draft","terms":[],"taxonomy":""},"_links":{"self":[{"href":"https:\/\/www.tamaulipas.gob.mx\/cultura\/wp-json\/wp\/v2\/pages\/13"}],"collection":[{"href":"https:\/\/www.tamaulipas.gob.mx\/cultura\/wp-json\/wp\/v2\/pages"}],"about":[{"href":"https:\/\/www.tamaulipas.gob.mx\/cultura\/wp-json\/wp\/v2\/types\/page"}],"author":[{"embeddable":true,"href":"https:\/\/www.tamaulipas.gob.mx\/cultura\/wp-json\/wp\/v2\/users\/7"}],"replies":[{"embeddable":true,"href":"https:\/\/www.tamaulipas.gob.mx\/cultura\/wp-json\/wp\/v2\/comments?post=13"}],"version-history":[{"count":6,"href":"https:\/\/www.tamaulipas.gob.mx\/cultura\/wp-json\/wp\/v2\/pages\/13\/revisions"}],"predecessor-version":[{"id":3109,"href":"https:\/\/www.tamaulipas.gob.mx\/cultura\/wp-json\/wp\/v2\/pages\/13\/revisions\/3109"}],"wp:attachment":[{"href":"https:\/\/www.tamaulipas.gob.mx\/cultura\/wp-json\/wp\/v2\/media?parent=13"}],"curies":[{"name":"wp","href":"https:\/\/api.w.org\/{rel}","templated":true}]}}