{"id":11,"date":"2017-06-22T13:06:22","date_gmt":"2017-06-22T18:06:22","guid":{"rendered":"http:\/\/www.tamaulipas.gob.mx\/cultura\/?page_id=11"},"modified":"2017-06-22T13:06:22","modified_gmt":"2017-06-22T18:06:22","slug":"decreto-de-creacion-del-itca","status":"publish","type":"page","link":"https:\/\/www.tamaulipas.gob.mx\/cultura\/decreto-de-creacion-del-itca\/","title":{"rendered":"Decreto de creaci\u00f3n del ITCA"},"content":{"rendered":"<p>Se crea el Organismo P\u00fablico Descentralizado denominado Instituto Tamaulipeco para la Cultura, en el Gobierno del C. Ing. Am\u00e9rico Villarreal Guerra, mediante Decreto No. 56 publicado en el Peri\u00f3dico Oficial del 9 de septiembre de 1987, teniendo como objetivos fundamentales, promover y difundir las actividades culturales, impulsar los valores locales y fomentar la preservaci\u00f3n del patrimonio arqueol\u00f3gico e hist\u00f3rico del Estado.<\/p>\n","protected":false},"excerpt":{"rendered":"<p>Se crea el Organismo P\u00fablico Descentralizado denominado Instituto Tamaulipeco para la Cultura, en el Gobierno del C. Ing. Am\u00e9rico Villarreal Guerra, mediante Decreto No. 56\u2026<\/p>\n","protected":false},"author":7,"featured_media":0,"parent":0,"menu_order":0,"comment_status":"closed","ping_status":"closed","template":"","meta":{"footnotes":""},"class_list":["post-11","page","type-page","status-publish","hentry"],"publishpress_future_action":{"enabled":false,"date":"2026-04-21 14:19:53","action":"change-status","newStatus":"draft","terms":[],"taxonomy":""},"_links":{"self":[{"href":"https:\/\/www.tamaulipas.gob.mx\/cultura\/wp-json\/wp\/v2\/pages\/11"}],"collection":[{"href":"https:\/\/www.tamaulipas.gob.mx\/cultura\/wp-json\/wp\/v2\/pages"}],"about":[{"href":"https:\/\/www.tamaulipas.gob.mx\/cultura\/wp-json\/wp\/v2\/types\/page"}],"author":[{"embeddable":true,"href":"https:\/\/www.tamaulipas.gob.mx\/cultura\/wp-json\/wp\/v2\/users\/7"}],"replies":[{"embeddable":true,"href":"https:\/\/www.tamaulipas.gob.mx\/cultura\/wp-json\/wp\/v2\/comments?post=11"}],"version-history":[{"count":1,"href":"https:\/\/www.tamaulipas.gob.mx\/cultura\/wp-json\/wp\/v2\/pages\/11\/revisions"}],"predecessor-version":[{"id":12,"href":"https:\/\/www.tamaulipas.gob.mx\/cultura\/wp-json\/wp\/v2\/pages\/11\/revisions\/12"}],"wp:attachment":[{"href":"https:\/\/www.tamaulipas.gob.mx\/cultura\/wp-json\/wp\/v2\/media?parent=11"}],"curies":[{"name":"wp","href":"https:\/\/api.w.org\/{rel}","templated":true}]}}