{"id":80,"date":"2017-05-25T15:36:09","date_gmt":"2017-05-25T20:36:09","guid":{"rendered":"http:\/\/www.tamaulipas.gob.mx\/coepris\/?page_id=80"},"modified":"2024-07-02T15:11:09","modified_gmt":"2024-07-02T21:11:09","slug":"preguntas-frecuentes-faqs","status":"publish","type":"page","link":"https:\/\/www.tamaulipas.gob.mx\/coepris\/preguntas-frecuentes-faqs\/","title":{"rendered":"Preguntas Frecuentes FAQ\u00b4S"},"content":{"rendered":"<p><strong>\u00bfQu\u00e9 hace la COEPRIS? <\/strong><br \/>\nEjerce la regulaci\u00f3n, control y fomento sanitarios en:<\/p>\n<ol style=\"list-style-type: lower-alpha;\">\n<li>Establecimientos de salud;<\/li>\n<li>Medicamentos y otros insumos para la salud;<\/li>\n<li>Disposici\u00f3n de \u00f3rganos, tejidos, c\u00e9lulas de seres humanos y sus componentes;<\/li>\n<li>Alimentos y bebidas;<\/li>\n<li>Productos cosm\u00e9ticos;<\/li>\n<li>Productos de aseo;<\/li>\n<li>Tabaco, plaguicidas, nutrientes vegetales, sustancias t\u00f3xicas o peligrosas para la salud;<\/li>\n<li>Productos biotecnol\u00f3gicos, suplementos alimenticios, materias primas y aditivos que intervengan en la elaboraci\u00f3n de los productos anteriores; y<\/li>\n<li>Productos de prevenci\u00f3n y control de los efectos nocivos de los factores ambientales en la salud del hombre, salud ocupacional y saneamiento b\u00e1sico.<\/li>\n<\/ol>\n<p>&nbsp;<\/p>\n<p><strong>\u00bfQu\u00e9 tr\u00e1mites realiza la COEPRIS?<\/strong><br \/>\nLa Coepris, emite diferentes tipos de autorizaciones sanitarias estatales, las cuales pueden ser: Licencias, Permisos, Constancias o Certificados de Salud para manejadores de alimentos, de acuerdo a la legislaci\u00f3n sanitaria vigente en el Estado.<\/p>\n<p>Tambi\u00e9n la COEPRIS, tiene el servicio de ventanilla para aquellos tr\u00e1mites que se realizan directamente en la COFEPRIS como las autorizaciones publicitarias, registros sanitarios, protocolos de investigaci\u00f3n, medicamentos, entre otros.<\/p>\n<p>&nbsp;<\/p>\n<p><strong>\u00bfEn d\u00f3nde puedo obtener informaci\u00f3n sobre los requisitos para realizar alg\u00fan tr\u00e1mite estatal en la COEPRIS?<\/strong><br \/>\nLos requisitos para los tr\u00e1mites y servicios de la COEPRIS, se encuentran en la p\u00e1gina oficial de Gobierno del Estado de Tamaulipas www.tamaulipas.gob.mx;<\/p>\n<p>As\u00ed mismo, la COEPRIS cuenta tambi\u00e9n con la l\u00ednea sin costo 01 800 720 3774.<\/p>\n<p>&nbsp;<\/p>\n<p><strong>\u00bfEn d\u00f3nde puedo realizar los tr\u00e1mites?<\/strong><br \/>\nEl tr\u00e1mite se realiza directamente en las Oficinas de la Coordinaciones Jurisdiccionales del Estado.<\/p>\n<p>&nbsp;<\/p>\n<p><strong>\u00bfEn d\u00f3nde puedo realizar el pago de los tr\u00e1mites y servicios de la COEPRIS en Tamaulipas? <\/strong><br \/>\nModernizamos la realizaci\u00f3n de los tr\u00e1mites y servicios, a trav\u00e9s del pago de derechos en l\u00ednea en la p\u00e1gina oficial de la Secretar\u00eda de Finanzas de Gobierno del Estado, para dar certeza y seguridad a nuestros usuarios; as\u00ed mismo puede elegir la opci\u00f3n de pagar directamente en la Instituci\u00f3n Bancaria de su preferencia agilizando de esta manera la realizaci\u00f3n de los tr\u00e1mites de la COEPRIS.<\/p>\n","protected":false},"excerpt":{"rendered":"<p>\u00bfQu\u00e9 hace la COEPRIS? Ejerce la regulaci\u00f3n, control y fomento sanitarios en: Establecimientos de salud; Medicamentos y otros insumos para la salud; Disposici\u00f3n de \u00f3rganos,\u2026<\/p>\n","protected":false},"author":7,"featured_media":0,"parent":0,"menu_order":0,"comment_status":"closed","ping_status":"closed","template":"","meta":{"footnotes":""},"class_list":["post-80","page","type-page","status-publish","hentry"],"publishpress_future_action":{"enabled":false,"date":"2026-04-19 08:17:19","action":"change-status","newStatus":"draft","terms":[],"taxonomy":""},"_links":{"self":[{"href":"https:\/\/www.tamaulipas.gob.mx\/coepris\/wp-json\/wp\/v2\/pages\/80"}],"collection":[{"href":"https:\/\/www.tamaulipas.gob.mx\/coepris\/wp-json\/wp\/v2\/pages"}],"about":[{"href":"https:\/\/www.tamaulipas.gob.mx\/coepris\/wp-json\/wp\/v2\/types\/page"}],"author":[{"embeddable":true,"href":"https:\/\/www.tamaulipas.gob.mx\/coepris\/wp-json\/wp\/v2\/users\/7"}],"replies":[{"embeddable":true,"href":"https:\/\/www.tamaulipas.gob.mx\/coepris\/wp-json\/wp\/v2\/comments?post=80"}],"version-history":[{"count":3,"href":"https:\/\/www.tamaulipas.gob.mx\/coepris\/wp-json\/wp\/v2\/pages\/80\/revisions"}],"predecessor-version":[{"id":623,"href":"https:\/\/www.tamaulipas.gob.mx\/coepris\/wp-json\/wp\/v2\/pages\/80\/revisions\/623"}],"wp:attachment":[{"href":"https:\/\/www.tamaulipas.gob.mx\/coepris\/wp-json\/wp\/v2\/media?parent=80"}],"curies":[{"name":"wp","href":"https:\/\/api.w.org\/{rel}","templated":true}]}}