{"id":64,"date":"2017-05-25T13:29:47","date_gmt":"2017-05-25T18:29:47","guid":{"rendered":"http:\/\/www.tamaulipas.gob.mx\/coepris\/?page_id=64"},"modified":"2017-05-25T13:29:47","modified_gmt":"2017-05-25T18:29:47","slug":"codigo-de-etica-de-los-trabajadores-de-salud","status":"publish","type":"page","link":"https:\/\/www.tamaulipas.gob.mx\/coepris\/codigo-de-etica-de-los-trabajadores-de-salud\/","title":{"rendered":"C\u00f3digo de \u00c9tica de los Trabajadores de Salud"},"content":{"rendered":"<p><strong>Bien Com\u00fan:<\/strong> Nuestras decisiones se dirigen a satisfacer\u00a0 necesidades e intereses de la sociedad, por encima de conveniencias particulares. Nuestros juicios y conducta no son influenciados por empe\u00f1os que perjudican o benefician a personas o grupos en detrimento de la sociedad. El servicio p\u00fablico es una\u00a0 misi\u00f3n que adquiere legitimidad al satisfacer las demandas sociales y nunca cuando se persiguen beneficios individuales.<\/p>\n<p><strong>Integridad:<\/strong> Actuamos con honestidad y apego a la verdad.\u00a0 Fomentamos la credibilidad de la sociedad en las instituciones p\u00fablicas y contribuimos a generar la cultura de confianza y apego a la verdad.<\/p>\n<p><strong>Honradez:<\/strong> Evitamos obtener provecho o ventaja personal de nuestro cargo p\u00fablico o para favorecer a terceros.\u00a0 No buscamos ni aceptamos compensaci\u00f3n o prestaci\u00f3n de cualquier persona u organizaci\u00f3n que comprometa nuestro desempe\u00f1o p\u00fablico.<\/p>\n<p><strong>Imparcialidad:<\/strong> Actuamos sin conceder preferencias o privilegios indebidos a organizaci\u00f3n o persona alguna. Tomamos decisiones objetivas, sin prejuicios y sin permitir influencia de otras personas.<\/p>\n<p><strong>Respeto:<\/strong> Damos a las personas trato digno, cort\u00e9s, cordial y tolerante. Reconocemos en todo momento sus derechos, libertades y cualidades.<\/p>\n<p><strong>Justicia:<\/strong> Nos conducimos con apego a las normas jur\u00eddicas inherentes a la funci\u00f3n p\u00fablica que desempe\u00f1amos, con la obligaci\u00f3n de conocer, cumplir y hacer cumplir las disposiciones jur\u00eddicas que regulan el ejercicio de nuestra responsabilidad institucional.<\/p>\n<p><strong>Transparencia:<\/strong> Permitimos y garantizamos el acceso a la informaci\u00f3n gubernamental, en apego a las disposiciones normativas y los derechos de privacidad de los particulares se\u00f1aladas en la Ley. Hacemos uso responsable y claro de los recursos p\u00fablicos, con transparencia y sin discrecionalidad indebida en su aplicaci\u00f3n.<\/p>\n<p><strong>Rendici\u00f3n de cuentas:<\/strong> Asumimos la responsabilidad\u00a0 de nuestro desempe\u00f1o en observancia a procesos de evaluaci\u00f3n de la misma. Realizamos nuestras funciones con eficacia y calidad.\u00a0 Desarrollamos procesos de mejora continua,\u00a0 con apertura, modernizaci\u00f3n y optimizaci\u00f3n de los recursos p\u00fablicos.<\/p>\n<p><strong>Entorno Cultural y Ecol\u00f3gico:<\/strong> Evitamos afectar nuestro patrimonio cultural y ecosistema,\u00a0 asumimos una f\u00e9rrea voluntad de respeto, defensa y preservaci\u00f3n de la cultura del medio ambiente en nuestro estado y pa\u00eds en cada una de nuestras decisiones y actos.<\/p>\n<p><strong>Liderazgo:<\/strong> Cumplir \u00edntegramente este c\u00f3digo de \u00e9tica en el desempe\u00f1o de nuestra funci\u00f3n p\u00fablica promueve valores y principios en la sociedad. Construimos confianza de los ciudadanos en sus instituciones, a trav\u00e9s de nuestra actitud, actuaci\u00f3n y buen desempe\u00f1o.<\/p>\n<p><strong>Igualdad:<\/strong> Proporcionamos los servicios de nuestra responsabilidad a toda persona, sin importar su sexo, edad, raza, credo, religi\u00f3n, o preferencia pol\u00edtica. No aceptamos influencia de circunstancias ajenas que propicien el incumplimiento de la responsabilidad.<\/p>\n<p><strong>Generosidad:<\/strong> Nos conducimos con actitud sensible y solidaria, de respeto y apoyo ante servidores p\u00fablicos con quienes interactuamos, y en especial\u00a0 hacia las personas o grupos sociales con insuficiencias, todo\u00a0 para alcanzar su desarrollo integral como adultos, ni\u00f1os, personas con capacidades especiales, miembros de etnias y sobre todo quienes menos tienen.<\/p>\n","protected":false},"excerpt":{"rendered":"<p>Bien Com\u00fan: Nuestras decisiones se dirigen a satisfacer\u00a0 necesidades e intereses de la sociedad, por encima de conveniencias particulares. Nuestros juicios y conducta no son\u2026<\/p>\n","protected":false},"author":7,"featured_media":0,"parent":0,"menu_order":0,"comment_status":"closed","ping_status":"closed","template":"","meta":{"footnotes":""},"class_list":["post-64","page","type-page","status-publish","hentry"],"publishpress_future_action":{"enabled":false,"date":"2026-04-19 09:14:19","action":"change-status","newStatus":"draft","terms":[],"taxonomy":""},"_links":{"self":[{"href":"https:\/\/www.tamaulipas.gob.mx\/coepris\/wp-json\/wp\/v2\/pages\/64"}],"collection":[{"href":"https:\/\/www.tamaulipas.gob.mx\/coepris\/wp-json\/wp\/v2\/pages"}],"about":[{"href":"https:\/\/www.tamaulipas.gob.mx\/coepris\/wp-json\/wp\/v2\/types\/page"}],"author":[{"embeddable":true,"href":"https:\/\/www.tamaulipas.gob.mx\/coepris\/wp-json\/wp\/v2\/users\/7"}],"replies":[{"embeddable":true,"href":"https:\/\/www.tamaulipas.gob.mx\/coepris\/wp-json\/wp\/v2\/comments?post=64"}],"version-history":[{"count":1,"href":"https:\/\/www.tamaulipas.gob.mx\/coepris\/wp-json\/wp\/v2\/pages\/64\/revisions"}],"predecessor-version":[{"id":65,"href":"https:\/\/www.tamaulipas.gob.mx\/coepris\/wp-json\/wp\/v2\/pages\/64\/revisions\/65"}],"wp:attachment":[{"href":"https:\/\/www.tamaulipas.gob.mx\/coepris\/wp-json\/wp\/v2\/media?parent=64"}],"curies":[{"name":"wp","href":"https:\/\/api.w.org\/{rel}","templated":true}]}}