{"id":579,"date":"2023-12-19T12:01:51","date_gmt":"2023-12-19T18:01:51","guid":{"rendered":"https:\/\/www.tamaulipas.gob.mx\/coepris\/?page_id=579"},"modified":"2026-04-06T09:57:47","modified_gmt":"2026-04-06T15:57:47","slug":"enbg","status":"publish","type":"page","link":"https:\/\/www.tamaulipas.gob.mx\/coepris\/enbg\/","title":{"rendered":"ENBG"},"content":{"rendered":"<p><strong>ESTRATEGIA NACIONAL DE BUEN GOBIERNO &#8211; ENBG<\/strong><\/p>\n<p><span style=\"color: #993300;\"><b>Objetivo general <\/b><\/span><\/p>\n<p>Implementar mecanismos de coordinaci\u00f3n en materia de difusi\u00f3n, capacitaci\u00f3n, supervisi\u00f3n y vinculaci\u00f3n, orientados a fortalecer la rendici\u00f3n de cuentas, promover la integridad en el servicio p\u00fablico, prevenir actos discrecionales y\/o de corrupci\u00f3n y dar certeza sobre la correcta ejecuci\u00f3n de los procesos de regulaci\u00f3n, control y fomento sanitario.<\/p>\n<p>La presente Estrategia ser\u00e1 implementada en apego al marco normativo vigente en materia de protecci\u00f3n de la salud contra riesgos sanitarios, orientada a promover los valores, las reglas de integridad y \u00e9tica en el servicio p\u00fablico en las APCRS, en el pleno y debido ejercicio de las personas servidoras p\u00fablicas, mediante la prevenci\u00f3n de conductas que representen posibles actos de corrupci\u00f3n y que repercutan en la debida ejecuci\u00f3n de los procesos de operaci\u00f3n y fomento sanitarios en el SFS, fortaleciendo as\u00ed la honradez, la eficiencia, la eficacia, e imparcialidad de la persona servidora p\u00fablica.<\/p>\n<p><span style=\"color: #993300;\"><b>ANTECEDENTES:<\/b><\/span><\/p>\n<p>De acuerdo con el art\u00edculo 17 bis, fracci\u00f3n II, de la Ley General de Salud, a la Comisi\u00f3n Federal para la Protecci\u00f3n contra Riesgos Sanitarios (COFEPRIS), le compete proponer e instrumentar la <b>pol\u00edtica nacional de protecci\u00f3n contra riesgos sanitarios<\/b>.<\/p>\n<p>En el 2002, inici\u00f3 la suscripci\u00f3n de <b>Acuerdos de Coordinaci\u00f3n para el Ejercicio de Facultades en Materia de Control y Fomento <\/b><b>Sanitarios <\/b>con los gobiernos de las entidades federativas, en los que se establecieron compromisos y responsabilidades para el ejercicio de facultades de vigilancia y verificaci\u00f3n sanitaria, emisi\u00f3n de autorizaciones sanitarias, generaci\u00f3n y env\u00edo de informaci\u00f3n, an\u00e1lisis de riesgos y atenci\u00f3n de emergencias.<\/p>\n<p>En el 2003 se estableci\u00f3 en el Reglamento de la COFEPRIS, el <b>Sistema Federal Sanitario (SFS) <\/b>con el prop\u00f3sito de conducir la pol\u00edtica nacional de protecci\u00f3n contra riesgos sanitarios de manera coordinada con los gobiernos de las entidades federativas, a trav\u00e9s de las <b>APCRS<\/b>.<\/p>\n<p>Derivado del dise\u00f1o de esta pol\u00edtica p\u00fablica, resulta fundamental que las acciones de vigilancia, verificaci\u00f3n y autorizaci\u00f3n sanitaria sean ejecutadas por parte de las entidades federativas en apego a la normatividad y procedimientos establecidos. Las <b>APCRS<\/b>, por la relaci\u00f3n que guardan con los sectores regulados y poblaci\u00f3n en general, son instancias p\u00fablicas vulnerables a actos que atentan contra el debido ejercicio del servicio p\u00fablico (corrupci\u00f3n); lo que compromete los efectos de las acciones de protecci\u00f3n contra riesgos sanitarios.<\/p>\n<p><span style=\"color: #993300;\"><b>La corrupci\u00f3n como problema <\/b><b>p\u00fablico<\/b><\/span><\/p>\n<p>En el contexto de la administraci\u00f3n p\u00fablica, la corrupci\u00f3n se concibe como el abuso de un cargo p\u00fablico para obtener una ganancia privada, pr\u00e1ctica que constituye una forma espec\u00edfica de dominaci\u00f3n que tiene que ver con un diferencial de poder estructural.<\/p>\n<p>En general, el fen\u00f3meno de la corrupci\u00f3n en el sector p\u00fablico puede ser entendido como el beneficio indebido que obtiene un servidor p\u00fablico, a costa del bienestar colectivo o individual por acci\u00f3n u omisi\u00f3n en la realizaci\u00f3n de su trabajo, el cual puede ser resultado de las deficiencias en los procesos y en la aplicaci\u00f3n de las normas, la falta de una cultura \u00e9tica y organizacional, y la prevalencia de un inadecuado sistema de selecci\u00f3n y profesionalizaci\u00f3n del personal.<\/p>\n<p>En el \u00e1mbito de la pol\u00edtica nacional de protecci\u00f3n contra riesgos sanitarios, <b>los efectos de las acciones de regulaci\u00f3n, vigilancia y fomento sanitarios pueden ser limitados por pr\u00e1cticas de corrupci\u00f3n<\/b>. Lo anterior refiere a que, la falta de integridad y \u00e9tica en el servicio p\u00fablico, vulnera el debido funcionamiento del SFS.<\/p>\n<p>La COFEPRIS identifica varios elementos que act\u00faan en prevenci\u00f3n de los actos de corrupci\u00f3n (Carta de ausencia de conflicto de inter\u00e9s, C\u00f3digo de \u00e9tica, Buz\u00f3n de quejas, Emisi\u00f3n de \u00f3rdenes de verificaci\u00f3n a trav\u00e9s de SIIPRIS M\u00f3dulo Vigilancia, Emisi\u00f3n de credenciales de verificadores a trav\u00e9s de SIIPRIS M\u00f3dulo Vigilancia, Emisi\u00f3n de avisos y licencias a trav\u00e9s de SIIPRIS M\u00f3dulo Tr\u00e1mites, Manejo de papel de seguridad), por lo que promovi\u00f3 su implementaci\u00f3n en las APCRS.<\/p>\n<p>No obstante del avance en estos elementos, se considera necesario llevar a cabo acciones espec\u00edficas que permitan una mayor integridad en la ejecuci\u00f3n de los procesos de operaci\u00f3n y autorizaci\u00f3n sanitaria con la finalidad de prevenir posibles actos contrarios a la \u00e9tica p\u00fablica.<\/p>\n<p>De esta manera, la COFEPRIS aborda la prevenci\u00f3n del fen\u00f3meno de la corrupci\u00f3n en las APCRS por medio de la Estrategia Nacional de Buen Gobierno en el Sistema Federal Sanitario, a fin de fortalecer el correcto y adecuado cumplimiento del servicio p\u00fablico con acciones puntuales que contribuyan a la eficacia y eficiencia de las acciones de regulaci\u00f3n, control y fomento sanitario a nivel nacional.<\/p>\n<p><span style=\"color: #993300;\"><strong>ENBG<\/strong><\/span><\/p>\n<p>La Coordinaci\u00f3n General del Sistema Federal Sanitario CGSFS, en el \u00e1mbito de su competencia, establece la presente Estrategia Nacional de Buen Gobierno para implementarse en las APCRS de las entidades federativas, en observancia y apego a los c\u00f3digos de \u00e9tica para las personas servidoras p\u00fablicas que dispongan las entidades federativas, mismos en los que se incluyen las pr\u00e1cticas, valores, criterios y principios que deben regir el desempe\u00f1o de su empleo, cargo, comisi\u00f3n o funci\u00f3n.<\/p>\n<p>Por lo que refiere en el \u00e1mbito federal, en el contexto del C\u00f3digo de Conducta de la Comisi\u00f3n Federal para la Protecci\u00f3n contra Riesgos Sanitarios, el cual tiene por objetivo el establecer principios, valores, reglas de integridad, conductas y compromisos, que deber\u00e1n ser observados, promovidos y respetados por todo el personal de la COFEPRIS, con la finalidad de que la Instituci\u00f3n se distinga por el cumplimiento de los est\u00e1ndares \u00e9ticos y de desempe\u00f1o profesional en la protecci\u00f3n contra riesgos sanitarios; y en concordancia con el marco normativo y el marco conceptual de la corrupci\u00f3n, la presente estrategia busca fortalecer la prevenci\u00f3n de posibles actos de corrupci\u00f3n en las APCRS, a trav\u00e9s de la implementaci\u00f3n de 5 Ejes estrat\u00e9gicos que tienen como prop\u00f3sito cumplir la ejecuci\u00f3n de 20 actividades espec\u00edficas, que, a su vez, coadyuvar\u00e1n al logro del objetivo principal de la presente Estrategia.<\/p>\n<p><span style=\"color: #993300;\"><b>EJES Y ACTVIDADES<\/b><\/span><\/p>\n<p><img loading=\"lazy\" decoding=\"async\" class=\"alignnone size-full wp-image-580\" src=\"https:\/\/www.tamaulipas.gob.mx\/coepris\/wp-content\/uploads\/sites\/26\/2023\/12\/imagen-1.png\" alt=\"\" width=\"1172\" height=\"870\" \/><\/p>\n<p><img loading=\"lazy\" decoding=\"async\" class=\"alignnone size-full wp-image-725\" src=\"https:\/\/www.tamaulipas.gob.mx\/coepris\/wp-content\/uploads\/sites\/26\/2025\/04\/1_responsable.jpg\" alt=\"\" width=\"1200\" height=\"1125\" \/><\/p>\n<p>&nbsp;<\/p>\n<p><span style=\"color: #993300;\"><b>AVANCE AL MES DE MARZO 2026<\/b><\/span><\/p>\n<p><img loading=\"lazy\" decoding=\"async\" class=\"alignnone size-full wp-image-767\" src=\"https:\/\/www.tamaulipas.gob.mx\/coepris\/wp-content\/uploads\/sites\/26\/2026\/03\/avances-pagina-web-feb-2026.png\" alt=\"\" width=\"725\" height=\"1200\" \/><\/p>\n<p>&nbsp;<\/p>\n<p><span style=\"color: #993300;\"><b>DENUNCIA<\/b><\/span><\/p>\n<p>Si eres v\u00edctima de un acto de corrupci\u00f3n por parte de personal de la COEPRIS, \u00a1DENUNCIA!<\/p>\n<p>QUEJAS Y DENUNCIAS<\/p>\n<p><em>Secretar\u00eda Anticorrupci\u00f3n<\/em>\u00a0y\u00a0<em>Buen Gobierno<\/em><\/p>\n<p>\u00d3rgano de Control Interno en la Secretar\u00eda de Salud<\/p>\n<p>L\u00ednea 070<\/p>\n<p><a href=\"https:\/\/quejasydenuncias.tamaulipas.gob.mx\/\">https:\/\/quejasydenuncias.tamaulipas.gob.mx\/<\/a><\/p>\n<p>INFORMES:<\/p>\n<p>L\u00ednea COEPRIS: 800 72 037 74<\/p>\n<p>Correo electr\u00f3nico : contacto.coepris@tamaulipas.gob.mx<\/p>\n<p>MEDIOS:<\/p>\n<p>Presencial, Escrito libre, telef\u00f3nica o internet.<\/p>\n<p>REQUISITOS:<\/p>\n<p>1.-Describir las circunstancias de los hechos que motivan la queja o denuncia (d\u00eda, hora, lugar, modo, circunstancia, entre otros).<\/p>\n<p>2.-De manera opcional proporcionar nombre, domicilio y tel\u00e9fono para localizar al ciudadano.<\/p>\n<p>3.-Proporcionar nombre y cargo del servidor p\u00fablico o nombre de la oficina.<\/p>\n<p>4.-Mencionar el servicio o tr\u00e1mite que solicit\u00f3 y datos que ayuden a identificar lugar.<\/p>\n<p>5.-Datos como n\u00famero de placas, folios de documentos, n\u00famero de acta por ejemplo.<\/p>\n<p>*En caso de existir una duda en relaci\u00f3n a los requisitos o a la forma en que puede presentar la queja o denuncia, puede comunicarse a los tel\u00e9fonos 834 107 86 99, 070, 800 58 111 00<\/p>\n<p><b>MATERIAL AUDIOVISUAL<\/b><\/p>\n<p><img loading=\"lazy\" decoding=\"async\" class=\"alignnone size-full wp-image-731\" src=\"https:\/\/www.tamaulipas.gob.mx\/coepris\/wp-content\/uploads\/sites\/26\/2025\/05\/muestra_corrupcion.jpg\" alt=\"\" width=\"1200\" height=\"927\" \/><\/p>\n<p><span style=\"color: #993300;\"><b>MEMORIA FOTOGRAFICA<\/b><\/span><\/p>\n","protected":false},"excerpt":{"rendered":"<p>ESTRATEGIA NACIONAL DE BUEN GOBIERNO &#8211; ENBG Objetivo general Implementar mecanismos de coordinaci\u00f3n en materia de difusi\u00f3n, capacitaci\u00f3n, supervisi\u00f3n y vinculaci\u00f3n, orientados a fortalecer la\u2026<\/p>\n","protected":false},"author":35,"featured_media":0,"parent":0,"menu_order":0,"comment_status":"closed","ping_status":"closed","template":"","meta":{"footnotes":""},"class_list":["post-579","page","type-page","status-publish","hentry"],"publishpress_future_action":{"enabled":false,"date":"2026-04-19 09:15:49","action":"change-status","newStatus":"draft","terms":[],"taxonomy":""},"_links":{"self":[{"href":"https:\/\/www.tamaulipas.gob.mx\/coepris\/wp-json\/wp\/v2\/pages\/579"}],"collection":[{"href":"https:\/\/www.tamaulipas.gob.mx\/coepris\/wp-json\/wp\/v2\/pages"}],"about":[{"href":"https:\/\/www.tamaulipas.gob.mx\/coepris\/wp-json\/wp\/v2\/types\/page"}],"author":[{"embeddable":true,"href":"https:\/\/www.tamaulipas.gob.mx\/coepris\/wp-json\/wp\/v2\/users\/35"}],"replies":[{"embeddable":true,"href":"https:\/\/www.tamaulipas.gob.mx\/coepris\/wp-json\/wp\/v2\/comments?post=579"}],"version-history":[{"count":33,"href":"https:\/\/www.tamaulipas.gob.mx\/coepris\/wp-json\/wp\/v2\/pages\/579\/revisions"}],"predecessor-version":[{"id":783,"href":"https:\/\/www.tamaulipas.gob.mx\/coepris\/wp-json\/wp\/v2\/pages\/579\/revisions\/783"}],"wp:attachment":[{"href":"https:\/\/www.tamaulipas.gob.mx\/coepris\/wp-json\/wp\/v2\/media?parent=579"}],"curies":[{"name":"wp","href":"https:\/\/api.w.org\/{rel}","templated":true}]}}