{"id":51,"date":"2017-05-24T15:50:47","date_gmt":"2017-05-24T20:50:47","guid":{"rendered":"http:\/\/www.tamaulipas.gob.mx\/coepris\/?page_id=51"},"modified":"2017-05-24T15:50:59","modified_gmt":"2017-05-24T20:50:59","slug":"tabaco","status":"publish","type":"page","link":"https:\/\/www.tamaulipas.gob.mx\/coepris\/tabaco\/","title":{"rendered":"Tabaco"},"content":{"rendered":"<p>Existe una gran cantidad de informaci\u00f3n sobre el consumo, uso y exposici\u00f3n al humo de tabaco, informaci\u00f3n que promueve la toma de decisiones en relaci\u00f3n con el riesgo sanitario que implica cualquiera de estas conductas.<\/p>\n<p>Un dato que deber\u00eda ser suficiente para evitar totalmente el consumo, uso y exposici\u00f3n al humo de tabaco, es que es la principal causa de muertes evitables a nivel mundial, adem\u00e1s, las proyecciones indican que ser\u00e1 la principal causa de mortalidad en el 2020, provocando una de cada 8 muertes.<\/p>\n<p>Otro elemento que se debe tomar en cuenta, en la toma de decisiones, es que se ha comprobado que el humo de tabaco no s\u00f3lo ocasiona da\u00f1os graves a la salud del fumador, sino que tambi\u00e9n afecta gravemente al no fumador que est\u00e1 expuesto involuntariamente al humo del tabaco, pues tambi\u00e9n le puede provocar c\u00e1ncer pulmonar o enfermedad pulmonar obstructiva cr\u00f3nica.<\/p>\n<p>Por eso, el gobierno federal, preocupado por prevenir estos riesgos sanitarios public\u00f3, en 2009, la Ley General para el Control del Tabaco (LGCT) y su Reglamento con el prop\u00f3sito de evitar el riesgo que provoca el humo de segunda mano.<\/p>\n<p>Sin embargo, el gobierno no es el \u00fanico responsable de proteger la salud de los no fumadores. Esto es un trabajo en el que tenemos que intervenir todos y cada uno de nosotros, aun siendo fumadores, porque todos estamos obligados a cumplir con la norma:<\/p>\n<ul>\n<li>Los establecimientos que frecuenta la poblaci\u00f3n<\/li>\n<li>La propia poblaci\u00f3n<\/li>\n<li>Las autoridades sanitarias<\/li>\n<li>Las instancias cuyo quehacer est\u00e1 relacionado con la prevenci\u00f3n del tabaquismo<\/li>\n<\/ul>\n<p>Por eso:<\/p>\n<ul>\n<li>Los establecimientos deber\u00e1n colocar la se\u00f1alizaci\u00f3n como ambiente libre de humo de tabaco, as\u00ed como asesorarse con las autoridades sanitarias en el cumplimiento de la Ley y su Reglamento<\/li>\n<li>La poblaci\u00f3n tendr\u00e1 que denunciar a los establecimientos en los que observe que no se cumple la Ley, para lo cual deber\u00e1 conocerla<\/li>\n<li>Las autoridades sanitarias, deber\u00e1n dar respuesta a las denuncias, adem\u00e1s de hacer visitas de verificaci\u00f3n peri\u00f3dicas. Asimismo, deber\u00e1 proporcionar la asesor\u00eda necesaria tanto a los establecimientos cuanto a la poblaci\u00f3n.<\/li>\n<li>Las instancias cuyo quehacer est\u00e9 relacionado con el tabaquismo deber\u00e1n difundir la informaci\u00f3n preventiva entre la poblaci\u00f3n, as\u00ed como hacer convenios con las autoridades sanitarias para trabajar conjuntamente en la prevenci\u00f3n de los riesgos que implica el consumo de tabaco.<\/li>\n<\/ul>\n<p><strong>Todos juntos podremos cuidar nuestra salud y la de nuestras familias, cumplamos con la Ley, cuidemos los espacios libres de humo de tabaco. <\/strong><\/p>\n","protected":false},"excerpt":{"rendered":"<p>Existe una gran cantidad de informaci\u00f3n sobre el consumo, uso y exposici\u00f3n al humo de tabaco, informaci\u00f3n que promueve la toma de decisiones en relaci\u00f3n\u2026<\/p>\n","protected":false},"author":7,"featured_media":0,"parent":0,"menu_order":0,"comment_status":"closed","ping_status":"closed","template":"","meta":{"footnotes":""},"class_list":["post-51","page","type-page","status-publish","hentry"],"publishpress_future_action":{"enabled":false,"date":"2026-04-19 09:15:50","action":"change-status","newStatus":"draft","terms":[],"taxonomy":""},"_links":{"self":[{"href":"https:\/\/www.tamaulipas.gob.mx\/coepris\/wp-json\/wp\/v2\/pages\/51"}],"collection":[{"href":"https:\/\/www.tamaulipas.gob.mx\/coepris\/wp-json\/wp\/v2\/pages"}],"about":[{"href":"https:\/\/www.tamaulipas.gob.mx\/coepris\/wp-json\/wp\/v2\/types\/page"}],"author":[{"embeddable":true,"href":"https:\/\/www.tamaulipas.gob.mx\/coepris\/wp-json\/wp\/v2\/users\/7"}],"replies":[{"embeddable":true,"href":"https:\/\/www.tamaulipas.gob.mx\/coepris\/wp-json\/wp\/v2\/comments?post=51"}],"version-history":[{"count":1,"href":"https:\/\/www.tamaulipas.gob.mx\/coepris\/wp-json\/wp\/v2\/pages\/51\/revisions"}],"predecessor-version":[{"id":52,"href":"https:\/\/www.tamaulipas.gob.mx\/coepris\/wp-json\/wp\/v2\/pages\/51\/revisions\/52"}],"wp:attachment":[{"href":"https:\/\/www.tamaulipas.gob.mx\/coepris\/wp-json\/wp\/v2\/media?parent=51"}],"curies":[{"name":"wp","href":"https:\/\/api.w.org\/{rel}","templated":true}]}}