{"id":17,"date":"2017-05-23T11:33:39","date_gmt":"2017-05-23T16:33:39","guid":{"rendered":"http:\/\/www.tamaulipas.gob.mx\/coepris\/?page_id=17"},"modified":"2017-05-23T11:36:38","modified_gmt":"2017-05-23T16:36:38","slug":"direccion","status":"publish","type":"page","link":"https:\/\/www.tamaulipas.gob.mx\/coepris\/direccion\/","title":{"rendered":"Direcciones"},"content":{"rendered":"<p><strong>Direcci\u00f3n de Evidencia y Manejo de Riesgos Sanitarios<\/strong><br \/>\nInstrumentar acciones para identificar y evaluar los riesgos sanitarios de la poblaci\u00f3n, proponiendo alternativas para su manejo, as\u00ed como, aplicando y difundiendo las medidas de prevenci\u00f3n y correctivas de \u00edndole regulatorio y no regulatorio, en los t\u00e9rminos de las disposiciones sanitarias aplicables.<\/p>\n<p>&nbsp;<\/p>\n<p><strong>Direcci\u00f3n de Operaci\u00f3n Sanitaria<\/strong><br \/>\nDirigir la operaci\u00f3n de los programas de vigilancia sanitaria de los prestadores de servicios p\u00fablicos y privados, as\u00ed como de fomento sanitario con base en la normatividad vigente, a fin de contribuir a la disminuci\u00f3n de los riesgos y da\u00f1os a la salud.<\/p>\n<p>&nbsp;<\/p>\n<p><strong>Direcci\u00f3n de Evaluaci\u00f3n y Autorizaci\u00f3n Sanitaria<\/strong><br \/>\nCoordinar las estrategias y acciones para el ejercicio del control sanitario, a trav\u00e9s de la expedici\u00f3n de autorizaciones sanitarias: permisos, licencias, constancias y avisos, relativo a servicios e insumos para la salud, importaciones, exportaciones y otros servicios sujetos a regulaci\u00f3n, as\u00ed como la vigilancia sanitaria de la publicidad a fin de reducir riesgos a la salud de la poblaci\u00f3n.<\/p>\n<p>&nbsp;<\/p>\n<p><strong>Direcci\u00f3n de Sanidad Internacional<\/strong><br \/>\nDirigir la operaci\u00f3n de los programas y servicios de sanidad internacional terrestre, mar\u00edtima y a\u00e9rea con apego a la Ley General de Salud y Reglamento Sanitario Internacional a fin de proteger a la poblaci\u00f3n contra los riesgos sanitarios generados por la entrada de personas, bienes y productos al pa\u00eds.<\/p>\n","protected":false},"excerpt":{"rendered":"<p>Direcci\u00f3n de Evidencia y Manejo de Riesgos Sanitarios Instrumentar acciones para identificar y evaluar los riesgos sanitarios de la poblaci\u00f3n, proponiendo alternativas para su manejo,\u2026<\/p>\n","protected":false},"author":7,"featured_media":0,"parent":0,"menu_order":0,"comment_status":"closed","ping_status":"closed","template":"","meta":{"footnotes":""},"class_list":["post-17","page","type-page","status-publish","hentry"],"publishpress_future_action":{"enabled":false,"date":"2026-04-19 09:15:11","action":"change-status","newStatus":"draft","terms":[],"taxonomy":""},"_links":{"self":[{"href":"https:\/\/www.tamaulipas.gob.mx\/coepris\/wp-json\/wp\/v2\/pages\/17"}],"collection":[{"href":"https:\/\/www.tamaulipas.gob.mx\/coepris\/wp-json\/wp\/v2\/pages"}],"about":[{"href":"https:\/\/www.tamaulipas.gob.mx\/coepris\/wp-json\/wp\/v2\/types\/page"}],"author":[{"embeddable":true,"href":"https:\/\/www.tamaulipas.gob.mx\/coepris\/wp-json\/wp\/v2\/users\/7"}],"replies":[{"embeddable":true,"href":"https:\/\/www.tamaulipas.gob.mx\/coepris\/wp-json\/wp\/v2\/comments?post=17"}],"version-history":[{"count":3,"href":"https:\/\/www.tamaulipas.gob.mx\/coepris\/wp-json\/wp\/v2\/pages\/17\/revisions"}],"predecessor-version":[{"id":20,"href":"https:\/\/www.tamaulipas.gob.mx\/coepris\/wp-json\/wp\/v2\/pages\/17\/revisions\/20"}],"wp:attachment":[{"href":"https:\/\/www.tamaulipas.gob.mx\/coepris\/wp-json\/wp\/v2\/media?parent=17"}],"curies":[{"name":"wp","href":"https:\/\/api.w.org\/{rel}","templated":true}]}}