{"id":13,"date":"2017-05-23T11:03:58","date_gmt":"2017-05-23T16:03:58","guid":{"rendered":"http:\/\/www.tamaulipas.gob.mx\/coepris\/?page_id=13"},"modified":"2018-05-22T13:24:52","modified_gmt":"2018-05-22T18:24:52","slug":"antecedentes","status":"publish","type":"page","link":"https:\/\/www.tamaulipas.gob.mx\/coepris\/antecedentes\/","title":{"rendered":"Antecedentes"},"content":{"rendered":"<p>El 5 de Julio de 2001, fue creada la Comisi\u00f3n Federal para la Protecci\u00f3n contra Riesgos Sanitarios (COFEPRIS) que estableci\u00f3 la organizaci\u00f3n y funcionamiento de un \u00f3rgano administrativo desconcentrado de la Secretar\u00eda de Salud, con autonom\u00eda t\u00e9cnica, administrativa y operativa, responsable del ejercicio de las atribuciones en materia de regulaci\u00f3n, control y fomento sanitarios en los t\u00e9rminos de la Ley General de Salud y dem\u00e1s disposiciones aplicables.<\/p>\n<p>Dadas las diferentes dimensiones, niveles de desarrollo de nuestro pa\u00eds y problem\u00e1tica particular en materia de riesgos sanitarios, se consider\u00f3 que era necesario que el ejercicio de algunas de las atribuciones en la materia se distribuyeran hacia los gobiernos de las entidades federativas de acuerdo con sus capacidades y recursos, mediante la suscripci\u00f3n, en un marco de respeto a las atribuciones de los diferentes \u00f3rdenes de gobierno, de Acuerdos Espec\u00edficos de Coordinaci\u00f3n para el Ejercicio de Facultades en Materia de Control y Fomento Sanitario.<\/p>\n<p>Tamaulipas, es la quinta de 15 Entidades Federativas en transformar la entonces llamada \u201cDirecci\u00f3n de Regulaci\u00f3n y Fomento Sanitario\u201d en \u201cComisi\u00f3n Estatal para la Protecci\u00f3n contra Riesgos Sanitarios\u201d mediante la publicaci\u00f3n en el Peri\u00f3dico Oficial del Estado n\u00famero 146 del 07 de Diciembre de 2005, su Decreto de Creaci\u00f3n, como un \u00f3rgano desconcentrado de la Secretar\u00eda de Salud con autonom\u00eda t\u00e9cnica, administrativa y operativa, tanto para el manejo de los recursos humanos, materiales y financieros, como para la ejecuci\u00f3n de los programas de protecci\u00f3n contra riesgos sanitarios a su cargo.<\/p>\n<p>Posteriormente con la finalidad de contar con instituciones acordes a las necesidades de la poblaci\u00f3n, se actualiz\u00f3 la estructura, funciones y facultades en los \u00e1mbitos de competencia de esta Comisi\u00f3n Estatal, como un \u00f3rgano desconcentrado de la Secretar\u00eda de Salud con autonom\u00eda t\u00e9cnica y de gesti\u00f3n.<\/p>\n<p>Su objeto, el ejercicio de las atribuciones en materia de control, vigilancia y fomento sanitario que corresponden a la Secretar\u00eda de Salud del Estado conforme a la legislaci\u00f3n sanitaria vigente.<\/p>\n<p>&nbsp;<\/p>\n","protected":false},"excerpt":{"rendered":"<p>El 5 de Julio de 2001, fue creada la Comisi\u00f3n Federal para la Protecci\u00f3n contra Riesgos Sanitarios (COFEPRIS) que estableci\u00f3 la organizaci\u00f3n y funcionamiento de\u2026<\/p>\n","protected":false},"author":7,"featured_media":0,"parent":0,"menu_order":0,"comment_status":"closed","ping_status":"closed","template":"","meta":{"footnotes":""},"class_list":["post-13","page","type-page","status-publish","hentry"],"publishpress_future_action":{"enabled":false,"date":"2026-04-19 09:15:12","action":"change-status","newStatus":"draft","terms":[],"taxonomy":""},"_links":{"self":[{"href":"https:\/\/www.tamaulipas.gob.mx\/coepris\/wp-json\/wp\/v2\/pages\/13"}],"collection":[{"href":"https:\/\/www.tamaulipas.gob.mx\/coepris\/wp-json\/wp\/v2\/pages"}],"about":[{"href":"https:\/\/www.tamaulipas.gob.mx\/coepris\/wp-json\/wp\/v2\/types\/page"}],"author":[{"embeddable":true,"href":"https:\/\/www.tamaulipas.gob.mx\/coepris\/wp-json\/wp\/v2\/users\/7"}],"replies":[{"embeddable":true,"href":"https:\/\/www.tamaulipas.gob.mx\/coepris\/wp-json\/wp\/v2\/comments?post=13"}],"version-history":[{"count":2,"href":"https:\/\/www.tamaulipas.gob.mx\/coepris\/wp-json\/wp\/v2\/pages\/13\/revisions"}],"predecessor-version":[{"id":187,"href":"https:\/\/www.tamaulipas.gob.mx\/coepris\/wp-json\/wp\/v2\/pages\/13\/revisions\/187"}],"wp:attachment":[{"href":"https:\/\/www.tamaulipas.gob.mx\/coepris\/wp-json\/wp\/v2\/media?parent=13"}],"curies":[{"name":"wp","href":"https:\/\/api.w.org\/{rel}","templated":true}]}}