{"id":873,"date":"2024-10-23T16:14:30","date_gmt":"2024-10-23T22:14:30","guid":{"rendered":"https:\/\/www.tamaulipas.gob.mx\/cdmx\/?page_id=873"},"modified":"2024-11-12T14:03:58","modified_gmt":"2024-11-12T20:03:58","slug":"tramites","status":"publish","type":"page","link":"https:\/\/www.tamaulipas.gob.mx\/cdmx\/tramites\/","title":{"rendered":"Tr\u00e1mites"},"content":{"rendered":"<p style=\"text-align: justify;\"><strong><span style=\"font-size: 20px;\">Servicios de la Representaci\u00f3n<\/span><\/strong><\/p>\n<p>&nbsp;<\/p>\n<p><img loading=\"lazy\" decoding=\"async\" class=\"alignnone size-full wp-image-981\" src=\"https:\/\/www.tamaulipas.gob.mx\/cdmx\/wp-content\/uploads\/sites\/16\/2024\/11\/whatsapp-image-2024-11-12-at-1.44.04-pm-2.jpeg\" alt=\"\" width=\"1200\" height=\"900\" \/><\/p>\n<p>&nbsp;<\/p>\n<p><span style=\"font-weight: 400;\">En las oficinas de la Representaci\u00f3n del Gobierno de Tamaulipas en la Ciudad de M\u00e9xico, apoyamos a la sociedad tamaulipeca que radica en el centro del pa\u00eds para auxiliar en la soluci\u00f3n de algunos problemas relacionados con el Registro Civil del Estado.<\/span><\/p>\n<p>&nbsp;<\/p>\n<p><img loading=\"lazy\" decoding=\"async\" class=\"alignnone size-full wp-image-982\" src=\"https:\/\/www.tamaulipas.gob.mx\/cdmx\/wp-content\/uploads\/sites\/16\/2024\/11\/whatsapp-image-2024-11-12-at-1.44.05-pm.jpeg\" alt=\"\" width=\"1200\" height=\"900\" \/><\/p>\n<p>&nbsp;<\/p>\n<p><span style=\"font-weight: 400;\">Es as\u00ed que podemos auxiliar a las y los tamaulipecos con:<\/span><\/p>\n<p>&nbsp;<\/p>\n<ul>\n<li style=\"font-weight: 400;\" aria-level=\"1\"><span style=\"font-weight: 400;\">Certificaci\u00f3n de actas (nacimiento, matrimonio y defunci\u00f3n)<\/span><\/li>\n<li style=\"font-weight: 400;\" aria-level=\"1\"><span style=\"font-weight: 400;\">Correcciones administrativas (modificar datos).<\/span><\/li>\n<\/ul>\n<p><img loading=\"lazy\" decoding=\"async\" class=\"alignnone size-full wp-image-985\" src=\"https:\/\/www.tamaulipas.gob.mx\/cdmx\/wp-content\/uploads\/sites\/16\/2024\/11\/whatsapp-image-2024-11-12-at-1.44.04-pm.jpeg\" alt=\"\" width=\"1200\" height=\"900\" \/><\/p>\n<p>&nbsp;<\/p>\n<p><span style=\"font-weight: 400;\">En ambos casos la Direcci\u00f3n Jur\u00eddica del Registro Civil, es y ser\u00e1 la autoridad que autorice los cambios con base en su reglamento interior<\/span><\/p>\n<p><span style=\"font-weight: 400;\">Para informaci\u00f3n de tr\u00e1mites de documentos\u00a0<\/span><\/p>\n<p><span style=\"font-weight: 400;\">Comunicarse con Ana Bertha Bautista\u00a0<\/span><\/p>\n<p><span style=\"font-weight: 400;\">Contacto: <\/span><a href=\"mailto:ana.bautista@tamaulipas.gob.mx\"><span style=\"font-weight: 400;\">ana.bautista@tamaulipas.gob.mx<\/span><\/a><span style=\"font-weight: 400;\">\u00a0<\/span><\/p>\n<p><span style=\"font-weight: 400;\">Tel\u00e9fono de Oficina 55 52 01 92 30 al 37<\/span><\/p>\n<p><span style=\"font-weight: 400;\">De 09 a 16 horas de lunes a jueves<\/span><\/p>\n<p>De 09 a 14 horas, los viernes<\/p>\n<p>&nbsp;<\/p>\n<p>&nbsp;<\/p>\n<p>&nbsp;<\/p>\n","protected":false},"excerpt":{"rendered":"<p>Servicios de la Representaci\u00f3n &nbsp; &nbsp; En las oficinas de la Representaci\u00f3n del Gobierno de Tamaulipas en la Ciudad de M\u00e9xico, apoyamos a la sociedad\u2026<\/p>\n","protected":false},"author":390,"featured_media":0,"parent":0,"menu_order":0,"comment_status":"closed","ping_status":"closed","template":"","meta":{"footnotes":""},"class_list":["post-873","page","type-page","status-publish","hentry"],"publishpress_future_action":{"enabled":false,"date":"2026-04-20 07:12:16","action":"change-status","newStatus":"draft","terms":[],"taxonomy":""},"_links":{"self":[{"href":"https:\/\/www.tamaulipas.gob.mx\/cdmx\/wp-json\/wp\/v2\/pages\/873"}],"collection":[{"href":"https:\/\/www.tamaulipas.gob.mx\/cdmx\/wp-json\/wp\/v2\/pages"}],"about":[{"href":"https:\/\/www.tamaulipas.gob.mx\/cdmx\/wp-json\/wp\/v2\/types\/page"}],"author":[{"embeddable":true,"href":"https:\/\/www.tamaulipas.gob.mx\/cdmx\/wp-json\/wp\/v2\/users\/390"}],"replies":[{"embeddable":true,"href":"https:\/\/www.tamaulipas.gob.mx\/cdmx\/wp-json\/wp\/v2\/comments?post=873"}],"version-history":[{"count":6,"href":"https:\/\/www.tamaulipas.gob.mx\/cdmx\/wp-json\/wp\/v2\/pages\/873\/revisions"}],"predecessor-version":[{"id":987,"href":"https:\/\/www.tamaulipas.gob.mx\/cdmx\/wp-json\/wp\/v2\/pages\/873\/revisions\/987"}],"wp:attachment":[{"href":"https:\/\/www.tamaulipas.gob.mx\/cdmx\/wp-json\/wp\/v2\/media?parent=873"}],"curies":[{"name":"wp","href":"https:\/\/api.w.org\/{rel}","templated":true}]}}