{"id":2,"date":"2016-11-22T16:34:25","date_gmt":"2016-11-22T16:34:25","guid":{"rendered":"http:\/\/www.tamaulipas.gob.mx\/cdmx\/?page_id=2"},"modified":"2024-11-05T15:55:14","modified_gmt":"2024-11-05T21:55:14","slug":"contacto","status":"publish","type":"page","link":"https:\/\/www.tamaulipas.gob.mx\/cdmx\/contacto\/","title":{"rendered":"Contacto"},"content":{"rendered":"<p><strong>Oficina de la Representaci\u00f3n del Gobierno de Tamaulipas en la Ciudad de M\u00e9xico<\/strong><\/p>\n<blockquote><p>Av. Paseo de la Reforma No.195<br \/>\nPiso 4, Colonia Cuauht\u00e9moc, Alcald\u00eda Cuauht\u00e9moc<\/p>\n<p>C.P. 06500, Ciudad de M\u00e9xico.<\/p>\n<p>(55) 52 01 92 30 al 37<\/p>\n<p>De lunes a jueves:<\/p>\n<p>De 09:00 a 17:00 horas<\/p>\n<p>Viernes:<\/p>\n<p>De 09:00 a 14:00 horas<\/p><\/blockquote>\n<div class=\"embed-responsive  embed-responsive-16by9  mb20\"><iframe loading=\"lazy\" style=\"border: 0;\" src=\"https:\/\/www.google.com\/maps\/embed?pb=!1m18!1m12!1m3!1d3762.572397784823!2d-99.16279603588073!3d19.430872924430737!2m3!1f0!2f0!3f0!3m2!1i1024!2i768!4f13.1!3m3!1m2!1s0x0%3A0xfc0a8a1d8cffc231!2sOficina+del+Gobierno+de+Tamaulipas+en+CDMX!5e0!3m2!1ses!2sus!4v1516824262925\" width=\"600\" height=\"450\" frameborder=\"0\" allowfullscreen=\"allowfullscreen\" class=\" embed-responsive-item\"><\/iframe><\/div>\n<p>Si desea escribirnos lo puede hacer a trav\u00e9s de la siguiente forma de contacto<\/p>\n\n<div class=\"wpcf7 no-js\" id=\"wpcf7-f4-o1\" lang=\"es-ES\" dir=\"ltr\">\n<div class=\"screen-reader-response\"><p role=\"status\" aria-live=\"polite\" aria-atomic=\"true\"><\/p> <ul><\/ul><\/div>\n<form action=\"\/cdmx\/wp-json\/wp\/v2\/pages\/2#wpcf7-f4-o1\" method=\"post\" class=\"wpcf7-form init\" aria-label=\"Formulario de contacto\" novalidate=\"novalidate\" data-status=\"init\">\n<div style=\"display: none;\">\n<input type=\"hidden\" name=\"_wpcf7\" value=\"4\" \/>\n<input type=\"hidden\" name=\"_wpcf7_version\" value=\"5.7.6\" \/>\n<input type=\"hidden\" name=\"_wpcf7_locale\" value=\"es_ES\" \/>\n<input type=\"hidden\" name=\"_wpcf7_unit_tag\" value=\"wpcf7-f4-o1\" \/>\n<input type=\"hidden\" name=\"_wpcf7_container_post\" value=\"0\" \/>\n<input type=\"hidden\" name=\"_wpcf7_posted_data_hash\" value=\"\" \/>\n<input type=\"hidden\" name=\"_wpcf7_recaptcha_response\" value=\"\" \/>\n<\/div>\n<div class=\"row mb20\">\n\t<div class=\"col-sm-6\">\n\t\t<p><label for=\"nombre\">Nombre <span class=\"requerido\">*<\/span><\/label><br \/>\n<span class=\"wpcf7-form-control-wrap\" data-name=\"nombre\"><input size=\"40\" class=\"wpcf7-form-control wpcf7-text wpcf7-validates-as-required form-control\" aria-required=\"true\" aria-invalid=\"false\" placeholder=\"Nombre\" value=\"\" type=\"text\" name=\"nombre\" \/><\/span>\n\t\t<\/p>\n\t<\/div>\n\t<div class=\"col-sm-6\">\n\t\t<p><label for=\"correo\">Correo Electr\u00f3nico <span class=\"requerido\">*<\/span><\/label><br \/>\n<span class=\"wpcf7-form-control-wrap\" data-name=\"correo\"><input size=\"40\" class=\"wpcf7-form-control wpcf7-text wpcf7-email wpcf7-validates-as-required wpcf7-validates-as-email form-control\" aria-required=\"true\" aria-invalid=\"false\" placeholder=\"Correo\" value=\"\" type=\"email\" name=\"correo\" \/><\/span>\n\t\t<\/p>\n\t<\/div>\n<\/div>\n<div class=\"row mb20\">\n\t<div class=\"col-sm-6\">\n\t\t<p><label for=\"ciudad\">Ciudad <span class=\"requerido\">*<\/span><\/label><br \/>\n<span class=\"wpcf7-form-control-wrap\" data-name=\"ciudad\"><input size=\"40\" class=\"wpcf7-form-control wpcf7-text wpcf7-validates-as-required form-control\" aria-required=\"true\" aria-invalid=\"false\" placeholder=\"Ciudad\" value=\"\" type=\"text\" name=\"ciudad\" \/><\/span>\n\t\t<\/p>\n\t<\/div>\n\t<div class=\"col-sm-6\">\n\t\t<p><label for=\"estado\">Estado <span class=\"requerido\">*<\/span><\/label><br \/>\n<span class=\"wpcf7-form-control-wrap\" data-name=\"estado\"><input size=\"40\" class=\"wpcf7-form-control wpcf7-text wpcf7-validates-as-required form-control\" aria-required=\"true\" aria-invalid=\"false\" value=\"Tamaulipas\" type=\"text\" name=\"estado\" \/><\/span>\n\t\t<\/p>\n\t<\/div>\n<\/div>\n<div class=\"row mb20\">\n\t<div class=\"col-xs-12\">\n\t\t<p><label for=\"mensaje\">Mensaje <span class=\"requerido\">*<\/span><\/label><br \/>\n<span class=\"wpcf7-form-control-wrap\" data-name=\"mensaje\"><textarea cols=\"99\" rows=\"5\" class=\"wpcf7-form-control wpcf7-textarea wpcf7-validates-as-required form-control\" aria-required=\"true\" aria-invalid=\"false\" placeholder=\"Mensaje\" name=\"mensaje\"><\/textarea><\/span>\n\t\t<\/p>\n\t<\/div>\n<\/div>\n<div class=\"row mb20\">\n\t<div class=\"col-xs-12\">\n\t\t<p>*<small>Favor de marcar la casilla de verificaci\u00f3n<\/small>\n\t\t<\/p>\n\t<\/div>\n\t<div class=\"col-xs-12\">\n\t\n\t<\/div>\n\t<div class=\"col-xs-12\">\n\t\t<p><input class=\"wpcf7-form-control has-spinner wpcf7-submit btn btn-primary center-block\" type=\"submit\" value=\"Enviar\" \/>\n\t\t<\/p>\n\t<\/div>\n<\/div><div class=\"wpcf7-response-output\" aria-hidden=\"true\"><\/div>\n<\/form>\n<\/div>\n\n","protected":false},"excerpt":{"rendered":"<p>Oficina de la Representaci\u00f3n del Gobierno de Tamaulipas en la Ciudad de M\u00e9xico Av. Paseo de la Reforma No.195 Piso 4, Colonia Cuauht\u00e9moc, Alcald\u00eda Cuauht\u00e9moc\u2026<\/p>\n","protected":false},"author":1,"featured_media":0,"parent":0,"menu_order":0,"comment_status":"closed","ping_status":"closed","template":"","meta":{"footnotes":""},"class_list":["post-2","page","type-page","status-publish","hentry"],"publishpress_future_action":{"enabled":false,"date":"2026-04-20 07:11:27","action":"change-status","newStatus":"draft","terms":[],"taxonomy":""},"_links":{"self":[{"href":"https:\/\/www.tamaulipas.gob.mx\/cdmx\/wp-json\/wp\/v2\/pages\/2"}],"collection":[{"href":"https:\/\/www.tamaulipas.gob.mx\/cdmx\/wp-json\/wp\/v2\/pages"}],"about":[{"href":"https:\/\/www.tamaulipas.gob.mx\/cdmx\/wp-json\/wp\/v2\/types\/page"}],"author":[{"embeddable":true,"href":"https:\/\/www.tamaulipas.gob.mx\/cdmx\/wp-json\/wp\/v2\/users\/1"}],"replies":[{"embeddable":true,"href":"https:\/\/www.tamaulipas.gob.mx\/cdmx\/wp-json\/wp\/v2\/comments?post=2"}],"version-history":[{"count":5,"href":"https:\/\/www.tamaulipas.gob.mx\/cdmx\/wp-json\/wp\/v2\/pages\/2\/revisions"}],"predecessor-version":[{"id":971,"href":"https:\/\/www.tamaulipas.gob.mx\/cdmx\/wp-json\/wp\/v2\/pages\/2\/revisions\/971"}],"wp:attachment":[{"href":"https:\/\/www.tamaulipas.gob.mx\/cdmx\/wp-json\/wp\/v2\/media?parent=2"}],"curies":[{"name":"wp","href":"https:\/\/api.w.org\/{rel}","templated":true}]}}