{"id":123,"date":"2018-01-08T10:55:56","date_gmt":"2018-01-08T16:55:56","guid":{"rendered":"http:\/\/www.tamaulipas.gob.mx\/cdmx\/?page_id=123"},"modified":"2024-10-23T14:34:10","modified_gmt":"2024-10-23T20:34:10","slug":"institucional","status":"publish","type":"page","link":"https:\/\/www.tamaulipas.gob.mx\/cdmx\/institucional\/","title":{"rendered":"Enlace Institucional"},"content":{"rendered":"<p><span style=\"font-weight: 400;\">La Direcci\u00f3n de Enlace Institucional de la Representaci\u00f3n del Gobierno de Tamaulipas en la Ciudad de M\u00e9xico tiene como principal objetivo promover y fortalecer las relaciones entre el gobierno estatal y las diversas instituciones federales, \u00f3rganos legislativos y otras entidades nacionales e internacionales en la capital del pa\u00eds.\u00a0<\/span><\/p>\n<p><span style=\"font-weight: 400;\">Esta oficina sirve como puente entre la administraci\u00f3n p\u00fablica tamaulipeca con otros organismos, garantizando que los intereses y necesidades del Estado sean escuchados y atendidos en el \u00e1mbito nacional.<\/span><\/p>\n<p><span style=\"font-weight: 400;\">Adem\u00e1s, coordina la participaci\u00f3n del Gobierno de Tamaulipas 2022-2028 en eventos, foros y reuniones de car\u00e1cter oficial que se realicen en el \u00e1mbito de su competencia.<\/span><\/p>\n<p><img loading=\"lazy\" decoding=\"async\" class=\"alignnone size-full wp-image-852\" src=\"https:\/\/www.tamaulipas.gob.mx\/cdmx\/wp-content\/uploads\/sites\/16\/2024\/10\/okkkk.jpeg\" alt=\"\" width=\"1200\" height=\"821\" \/><\/p>\n","protected":false},"excerpt":{"rendered":"<p>La Direcci\u00f3n de Enlace Institucional de la Representaci\u00f3n del Gobierno de Tamaulipas en la Ciudad de M\u00e9xico tiene como principal objetivo promover y fortalecer las\u2026<\/p>\n","protected":false},"author":7,"featured_media":0,"parent":0,"menu_order":0,"comment_status":"closed","ping_status":"closed","template":"","meta":{"footnotes":""},"class_list":["post-123","page","type-page","status-publish","hentry"],"publishpress_future_action":{"enabled":false,"date":"2026-04-20 07:12:48","action":"change-status","newStatus":"draft","terms":[],"taxonomy":""},"_links":{"self":[{"href":"https:\/\/www.tamaulipas.gob.mx\/cdmx\/wp-json\/wp\/v2\/pages\/123"}],"collection":[{"href":"https:\/\/www.tamaulipas.gob.mx\/cdmx\/wp-json\/wp\/v2\/pages"}],"about":[{"href":"https:\/\/www.tamaulipas.gob.mx\/cdmx\/wp-json\/wp\/v2\/types\/page"}],"author":[{"embeddable":true,"href":"https:\/\/www.tamaulipas.gob.mx\/cdmx\/wp-json\/wp\/v2\/users\/7"}],"replies":[{"embeddable":true,"href":"https:\/\/www.tamaulipas.gob.mx\/cdmx\/wp-json\/wp\/v2\/comments?post=123"}],"version-history":[{"count":6,"href":"https:\/\/www.tamaulipas.gob.mx\/cdmx\/wp-json\/wp\/v2\/pages\/123\/revisions"}],"predecessor-version":[{"id":850,"href":"https:\/\/www.tamaulipas.gob.mx\/cdmx\/wp-json\/wp\/v2\/pages\/123\/revisions\/850"}],"wp:attachment":[{"href":"https:\/\/www.tamaulipas.gob.mx\/cdmx\/wp-json\/wp\/v2\/media?parent=123"}],"curies":[{"name":"wp","href":"https:\/\/api.w.org\/{rel}","templated":true}]}}