{"id":121,"date":"2018-01-08T10:55:41","date_gmt":"2018-01-08T16:55:41","guid":{"rendered":"http:\/\/www.tamaulipas.gob.mx\/cdmx\/?page_id=121"},"modified":"2024-10-23T16:41:24","modified_gmt":"2024-10-23T22:41:24","slug":"empresarial","status":"publish","type":"page","link":"https:\/\/www.tamaulipas.gob.mx\/cdmx\/empresarial\/","title":{"rendered":"Enlace Empresarial"},"content":{"rendered":"<p><strong><span style=\"font-size: 20px;\">Enlace Empresarial<\/span><\/strong><\/p>\n<p><span style=\"font-weight: 400;\">La Direcci\u00f3n de Enlace Empresarial de la Representaci\u00f3n del Gobierno de Tamaulipas en la Ciudad de M\u00e9xico tiene como objetivo principal fortalecer la relaci\u00f3n entre el sector empresarial tamaulipeco y las instituciones econ\u00f3micas a nivel federal y en la capital del pa\u00eds.\u00a0<\/span><\/p>\n<p><span style=\"font-weight: 400;\">Su misi\u00f3n es promover la inversi\u00f3n y el desarrollo econ\u00f3mico del estado mediante la creaci\u00f3n de v\u00ednculos estrat\u00e9gicos con empresas y organismos de diferentes sectores.<\/span><\/p>\n<p><span style=\"font-weight: 400;\">Adem\u00e1s, esta direcci\u00f3n facilita el acceso de empresarios tamaulipecos a oportunidades de inversi\u00f3n, financiamiento y crecimiento a nivel nacional e internacional.\u00a0<\/span><\/p>\n<p><span style=\"font-weight: 400;\">Trabaja en la organizaci\u00f3n de eventos, ferias y encuentros de negocios que permiten a los emprendedores y empresarios del estado conectarse con otros actores clave de la econom\u00eda nacional, promoviendo la competitividad del estado.<\/span><\/p>\n<p><span style=\"font-weight: 400;\">Por \u00faltimo, la direcci\u00f3n act\u00faa como intermediaria para resolver problem\u00e1ticas que puedan surgir entre las empresas tamaulipecas y las instituciones nacionales, contribuyendo a una mejor comunicaci\u00f3n y facilitaci\u00f3n de proyectos que beneficien el desarrollo ecol\u00f3gico.<\/span><\/p>\n<p><span style=\"font-weight: 400;\">-oo-0-oo-<\/span><\/p>\n<p>&nbsp;<\/p>\n<p><img loading=\"lazy\" decoding=\"async\" class=\"alignnone size-full wp-image-885\" src=\"https:\/\/www.tamaulipas.gob.mx\/cdmx\/wp-content\/uploads\/sites\/16\/2024\/10\/productos.png\" alt=\"\" width=\"1200\" height=\"800\" \/><\/p>\n<p>&nbsp;<\/p>\n","protected":false},"excerpt":{"rendered":"<p>Enlace Empresarial La Direcci\u00f3n de Enlace Empresarial de la Representaci\u00f3n del Gobierno de Tamaulipas en la Ciudad de M\u00e9xico tiene como objetivo principal fortalecer la\u2026<\/p>\n","protected":false},"author":7,"featured_media":0,"parent":0,"menu_order":0,"comment_status":"closed","ping_status":"closed","template":"","meta":{"footnotes":""},"class_list":["post-121","page","type-page","status-publish","hentry"],"publishpress_future_action":{"enabled":false,"date":"2026-04-20 07:12:16","action":"change-status","newStatus":"draft","terms":[],"taxonomy":""},"_links":{"self":[{"href":"https:\/\/www.tamaulipas.gob.mx\/cdmx\/wp-json\/wp\/v2\/pages\/121"}],"collection":[{"href":"https:\/\/www.tamaulipas.gob.mx\/cdmx\/wp-json\/wp\/v2\/pages"}],"about":[{"href":"https:\/\/www.tamaulipas.gob.mx\/cdmx\/wp-json\/wp\/v2\/types\/page"}],"author":[{"embeddable":true,"href":"https:\/\/www.tamaulipas.gob.mx\/cdmx\/wp-json\/wp\/v2\/users\/7"}],"replies":[{"embeddable":true,"href":"https:\/\/www.tamaulipas.gob.mx\/cdmx\/wp-json\/wp\/v2\/comments?post=121"}],"version-history":[{"count":5,"href":"https:\/\/www.tamaulipas.gob.mx\/cdmx\/wp-json\/wp\/v2\/pages\/121\/revisions"}],"predecessor-version":[{"id":886,"href":"https:\/\/www.tamaulipas.gob.mx\/cdmx\/wp-json\/wp\/v2\/pages\/121\/revisions\/886"}],"wp:attachment":[{"href":"https:\/\/www.tamaulipas.gob.mx\/cdmx\/wp-json\/wp\/v2\/media?parent=121"}],"curies":[{"name":"wp","href":"https:\/\/api.w.org\/{rel}","templated":true}]}}