{"id":8,"date":"2022-10-25T11:27:00","date_gmt":"2022-10-25T16:27:00","guid":{"rendered":"http:\/\/ccltam.gob.mx\/?page_id=8"},"modified":"2024-09-18T11:11:50","modified_gmt":"2024-09-18T17:11:50","slug":"conocenos","status":"publish","type":"page","link":"https:\/\/www.tamaulipas.gob.mx\/ccl\/conocenos\/","title":{"rendered":"Con\u00f3cenos"},"content":{"rendered":"<p>El Centro de Conciliaci\u00f3n Laboral del Estado de Tamaulipas es un organismo p\u00fablico descentralizado de la administraci\u00f3n estatal, especializado e imparcial con personalidad jur\u00eddica y patrimonio propio, dotado de plena autonom\u00eda t\u00e9cnica, operativa, presupuestaria, de decisi\u00f3n y de gesti\u00f3n, sectorizado a la Secretar\u00eda del Trabajo del Poder Ejecutivo del Estado, conforme a lo dispuesto en los art\u00edculos 123, apartado A, fracci\u00f3n XX de la Constituci\u00f3n Pol\u00edtica de los Estados Unidos Mexicanos; 1 de la Ley Org\u00e1nica del Centro Laboral del Estado de Tamaulipas.<\/p>\n<div class=\"panel-group\" id=\"custom-collapse-0\">\n<div class=\"panel panel-default\">\n\t\t\t\t<div class=\"panel-heading\">\n\t\t\t\t\t<h4 class=\"panel-title\">\n\t\t\t\t\t\t<a class=\"\" data-toggle=\"collapse\" data-parent=\"#custom-collapse-0\" href=\"#custom-collapse-0-0\">Misi\u00f3n<\/a>\n\t\t\t\t\t<\/h4>\n\t\t\t\t<\/div>\n\t\t\t\t<div id=\"custom-collapse-0-0\" class=\"panel-collapse in\">\n\t\t\t\t\t<div class=\"panel-body\">\n<p>Ayudar a los trabajadores y patrones a establecer acuerdos en asuntos individuales y colectivos para la soluci\u00f3n de conflictos laborales en una etapa prejudicial.<\/p>\n<\/div>\n\t\t\t\t<\/div>\n\t\t\t<\/div>\n<div class=\"panel panel-default\">\n\t\t\t\t<div class=\"panel-heading\">\n\t\t\t\t\t<h4 class=\"panel-title\">\n\t\t\t\t\t\t<a class=\"collapsed\" data-toggle=\"collapse\" data-parent=\"#custom-collapse-0\" href=\"#custom-collapse-0-1\">Visi\u00f3n<\/a>\n\t\t\t\t\t<\/h4>\n\t\t\t\t<\/div>\n\t\t\t\t<div id=\"custom-collapse-0-1\" class=\"panel-collapse collapse\">\n\t\t\t\t\t<div class=\"panel-body\">\n<p>El Centro de Conciliaci\u00f3n Laboral del Estado de Tamaulipas es un organismo especializado e imparcial con personalidad jur\u00eddica para ayudar a establecer acuerdos justos entre los trabajadores y patrones, a trav\u00e9s de mecanismos r\u00e1pidos, eficaces, gratuitos, transparentes y confiables para dar soluci\u00f3n a los conflictos laborales.<\/p>\n<\/div>\n\t\t\t\t<\/div>\n\t\t\t<\/div>\n<div class=\"panel panel-default\">\n\t\t\t\t<div class=\"panel-heading\">\n\t\t\t\t\t<h4 class=\"panel-title\">\n\t\t\t\t\t\t<a class=\"collapsed\" data-toggle=\"collapse\" data-parent=\"#custom-collapse-0\" href=\"#custom-collapse-0-2\">Principios<\/a>\n\t\t\t\t\t<\/h4>\n\t\t\t\t<\/div>\n\t\t\t\t<div id=\"custom-collapse-0-2\" class=\"panel-collapse collapse\">\n\t\t\t\t\t<div class=\"panel-body\">\n<ul>\n<li>Certeza<\/li>\n<li>Independencia<\/li>\n<li>Legalidad<\/li>\n<li>Imparcialidad<\/li>\n<li>Igualdad<\/li>\n<li>Confiabilidad<\/li>\n<li>Eficacia<\/li>\n<li>Objetividad<\/li>\n<li>Profesionalismo<\/li>\n<li>Transparencia<\/li>\n<li>Publicidad<\/li>\n<\/ul>\n<\/div>\n\t\t\t\t<\/div>\n\t\t\t<\/div>\n<div class=\"panel panel-default\">\n\t\t\t\t<div class=\"panel-heading\">\n\t\t\t\t\t<h4 class=\"panel-title\">\n\t\t\t\t\t\t<a class=\"collapsed\" data-toggle=\"collapse\" data-parent=\"#custom-collapse-0\" href=\"#custom-collapse-0-3\">Valores<\/a>\n\t\t\t\t\t<\/h4>\n\t\t\t\t<\/div>\n\t\t\t\t<div id=\"custom-collapse-0-3\" class=\"panel-collapse collapse\">\n\t\t\t\t\t<div class=\"panel-body\">\n<ul>\n<li>Confiabilidad<\/li>\n<li>Respeto<\/li>\n<li>Justicia<\/li>\n<li>Igualdad y no discriminaci\u00f3n<\/li>\n<li>Equidad<\/li>\n<li>Entorno cultural y ecol\u00f3gico<\/li>\n<li>Cooperaci\u00f3n<\/li>\n<li>Liderazgo<\/li>\n<li>Actuaci\u00f3n Responsable<\/li>\n<li>Integridad<\/li>\n<li>Compromiso<\/li>\n<li>Responsabilidad<\/li>\n<li>Probidad<\/li>\n<li>Veracidad<\/li>\n<li>Verdad<\/li>\n<\/ul>\n<\/div>\n\t\t\t\t<\/div>\n\t\t\t<\/div>\n<div class=\"panel panel-default\">\n\t\t\t\t<div class=\"panel-heading\">\n\t\t\t\t\t<h4 class=\"panel-title\">\n\t\t\t\t\t\t<a class=\"collapsed\" data-toggle=\"collapse\" data-parent=\"#custom-collapse-0\" href=\"#custom-collapse-0-4\">Objetivo<\/a>\n\t\t\t\t\t<\/h4>\n\t\t\t\t<\/div>\n\t\t\t\t<div id=\"custom-collapse-0-4\" class=\"panel-collapse collapse\">\n\t\t\t\t\t<div class=\"panel-body\">\n<p>Garantizar la igualdad de condiciones en las conciliaciones laborales brindando un trato digno y cordial, el respeto a los derechos humanos, igualdad, no discriminaci\u00f3n y equidad de g\u00e9nero.<\/p>\n<\/div>\n\t\t\t\t<\/div>\n\t\t\t<\/div>\n<div class=\"panel panel-default\">\n\t\t\t\t<div class=\"panel-heading\">\n\t\t\t\t\t<h4 class=\"panel-title\">\n\t\t\t\t\t\t<a class=\"collapsed\" data-toggle=\"collapse\" data-parent=\"#custom-collapse-0\" href=\"#custom-collapse-0-5\">Servicios<\/a>\n\t\t\t\t\t<\/h4>\n\t\t\t\t<\/div>\n\t\t\t\t<div id=\"custom-collapse-0-5\" class=\"panel-collapse collapse\">\n\t\t\t\t\t<div class=\"panel-body\">\n<ol>\n<li>Conciliaci\u00f3n<\/li>\n<li>Asesor\u00eda<\/li>\n<li>Ratificaci\u00f3n de convenios<\/li>\n<\/ol>\n<\/div>\n\t\t\t\t<\/div>\n\t\t\t<\/div>\n<\/div>\n","protected":false},"excerpt":{"rendered":"<p>El Centro de Conciliaci\u00f3n Laboral del Estado de Tamaulipas es un organismo p\u00fablico descentralizado de la administraci\u00f3n estatal, especializado e imparcial con personalidad jur\u00eddica y\u2026<\/p>\n","protected":false},"author":1,"featured_media":0,"parent":0,"menu_order":0,"comment_status":"closed","ping_status":"closed","template":"","meta":{"footnotes":""},"class_list":["post-8","page","type-page","status-publish","hentry"],"publishpress_future_action":{"enabled":false,"date":"2026-05-23 17:45:12","action":"change-status","newStatus":"draft","terms":[],"taxonomy":""},"_links":{"self":[{"href":"https:\/\/www.tamaulipas.gob.mx\/ccl\/wp-json\/wp\/v2\/pages\/8"}],"collection":[{"href":"https:\/\/www.tamaulipas.gob.mx\/ccl\/wp-json\/wp\/v2\/pages"}],"about":[{"href":"https:\/\/www.tamaulipas.gob.mx\/ccl\/wp-json\/wp\/v2\/types\/page"}],"author":[{"embeddable":true,"href":"https:\/\/www.tamaulipas.gob.mx\/ccl\/wp-json\/wp\/v2\/users\/1"}],"replies":[{"embeddable":true,"href":"https:\/\/www.tamaulipas.gob.mx\/ccl\/wp-json\/wp\/v2\/comments?post=8"}],"version-history":[{"count":9,"href":"https:\/\/www.tamaulipas.gob.mx\/ccl\/wp-json\/wp\/v2\/pages\/8\/revisions"}],"predecessor-version":[{"id":847,"href":"https:\/\/www.tamaulipas.gob.mx\/ccl\/wp-json\/wp\/v2\/pages\/8\/revisions\/847"}],"wp:attachment":[{"href":"https:\/\/www.tamaulipas.gob.mx\/ccl\/wp-json\/wp\/v2\/media?parent=8"}],"curies":[{"name":"wp","href":"https:\/\/api.w.org\/{rel}","templated":true}]}}