{"id":540,"date":"2023-11-07T16:41:39","date_gmt":"2023-11-07T22:41:39","guid":{"rendered":"https:\/\/www.tamaulipas.gob.mx\/ccl\/?page_id=540"},"modified":"2026-04-15T09:48:16","modified_gmt":"2026-04-15T15:48:16","slug":"cuenta-publica","status":"publish","type":"page","link":"https:\/\/www.tamaulipas.gob.mx\/ccl\/cuenta-publica\/","title":{"rendered":"Cuenta P\u00fablica"},"content":{"rendered":"<p><a href=\"http:\/\/www.tamaulipas.gob.mx\/ccl\/wp-content\/uploads\/sites\/118\/2023\/11\/cclt-cuenta-publica-2022.pdf\">Cuenta-P\u00fablica-2022<\/a><\/p>\n<p><a href=\"http:\/\/www.tamaulipas.gob.mx\/ccl\/wp-content\/uploads\/sites\/118\/2024\/05\/cp2023_cclt.pdf\">Cuenta-P\u00fablica-2023<\/a><\/p>\n<p><a href=\"http:\/\/www.tamaulipas.gob.mx\/ccl\/wp-content\/uploads\/sites\/118\/2025\/10\/cp24-cecolab-2024.pdf\">Cuenta-P\u00fablica-2024<\/a><\/p>\n<p><a href=\"http:\/\/www.tamaulipas.gob.mx\/ccl\/wp-content\/uploads\/sites\/118\/2026\/04\/cuenta-publica-2025.pdf\">Cuenta-P\u00fablica-2025<\/a><\/p>\n","protected":false},"excerpt":{"rendered":"<p>Cuenta-P\u00fablica-2022 Cuenta-P\u00fablica-2023 Cuenta-P\u00fablica-2024 Cuenta-P\u00fablica-2025<\/p>\n","protected":false},"author":381,"featured_media":0,"parent":0,"menu_order":0,"comment_status":"closed","ping_status":"closed","template":"","meta":{"footnotes":""},"class_list":["post-540","page","type-page","status-publish","hentry"],"publishpress_future_action":{"enabled":false,"date":"2026-05-06 21:30:36","action":"change-status","newStatus":"draft","terms":[],"taxonomy":""},"_links":{"self":[{"href":"https:\/\/www.tamaulipas.gob.mx\/ccl\/wp-json\/wp\/v2\/pages\/540"}],"collection":[{"href":"https:\/\/www.tamaulipas.gob.mx\/ccl\/wp-json\/wp\/v2\/pages"}],"about":[{"href":"https:\/\/www.tamaulipas.gob.mx\/ccl\/wp-json\/wp\/v2\/types\/page"}],"author":[{"embeddable":true,"href":"https:\/\/www.tamaulipas.gob.mx\/ccl\/wp-json\/wp\/v2\/users\/381"}],"replies":[{"embeddable":true,"href":"https:\/\/www.tamaulipas.gob.mx\/ccl\/wp-json\/wp\/v2\/comments?post=540"}],"version-history":[{"count":6,"href":"https:\/\/www.tamaulipas.gob.mx\/ccl\/wp-json\/wp\/v2\/pages\/540\/revisions"}],"predecessor-version":[{"id":1405,"href":"https:\/\/www.tamaulipas.gob.mx\/ccl\/wp-json\/wp\/v2\/pages\/540\/revisions\/1405"}],"wp:attachment":[{"href":"https:\/\/www.tamaulipas.gob.mx\/ccl\/wp-json\/wp\/v2\/media?parent=540"}],"curies":[{"name":"wp","href":"https:\/\/api.w.org\/{rel}","templated":true}]}}