{"id":41,"date":"2022-11-09T12:01:20","date_gmt":"2022-11-09T18:01:20","guid":{"rendered":"https:\/\/ccltam.gob.mx\/?page_id=41"},"modified":"2025-02-14T14:27:09","modified_gmt":"2025-02-14T20:27:09","slug":"privacidad","status":"publish","type":"page","link":"https:\/\/www.tamaulipas.gob.mx\/ccl\/privacidad\/","title":{"rendered":"Aviso de privacidad"},"content":{"rendered":"<p style=\"text-align: center;\"><strong>CENTRO DE CONCILIACI\u00d3N LABORAL DEL ESTADO DE TAMAULIPAS<\/strong><\/p>\n<p style=\"text-align: center;\"><strong>AVISO DE PRIVACIDAD INTEGRAL<\/strong><\/p>\n<p style=\"text-align: justify;\">El <strong>Centro de Conciliaci\u00f3n Laboral del Estado de Tamaulipas<\/strong>, con domicilio en Calle Hermanos V\u00e1zquez G\u00f3mez, n\u00famero 113, entre calle Miguel Hidalgo y calle Jos\u00e9 Mar\u00eda Morelos, Zona Centro, C\u00f3digo Postal 87000, en Ciudad Victoria, Tamaulipas, es el responsable del tratamiento de sus datos personales, de conformidad con los art\u00edculos 3 fracci\u00f3n XXIX, y 46 de la Ley de Protecci\u00f3n de Datos Personales en Posesi\u00f3n de los Sujetos Obligados del Estado de Tamaulipas.<\/p>\n<p style=\"text-align: justify;\"><strong>El presente aviso de privacidad tiene por objeto, dar a conocer a todas las personas que soliciten alg\u00fan tr\u00e1mite, servicio o informaci\u00f3n en este Centro de Conciliaci\u00f3n Laboral del Estado de Tamaulipas, la forma en que ser\u00e1n utilizados, tratados y protegidos sus datos personales. <\/strong><\/p>\n<p style=\"text-align: justify;\">La protecci\u00f3n de datos personales es un derecho fundamental vinculado a la protecci\u00f3n de su privacidad, que se encuentra consagrado en el art\u00edculo 16 p\u00e1rrafo segundo y 116 fracci\u00f3n VIII de la Constituci\u00f3n Pol\u00edtica de los Estados Unidos Mexicanos.<\/p>\n<p><strong>Los datos personales que ser\u00e1n recabados para brindar los servicios del Centro de Conciliaci\u00f3n Laboral del Estado de Tamaulipas son:<\/strong><\/p>\n<p>SOLICITANTE<\/p>\n<ul>\n<li>Nombre completo de la persona que solicita el servicio.<\/li>\n<li>Clave \u00danica de Registro Poblacional<\/li>\n<li>Edad<\/li>\n<li>Fecha de Nacimiento<\/li>\n<li>Nacionalidad<\/li>\n<li>Domicilio<\/li>\n<li>Registro Federal de Contribuyentes (RFC)<\/li>\n<li>N\u00famero de tel\u00e9fono<\/li>\n<li>Correo Electr\u00f3nico<\/li>\n<li>N\u00famero de Seguridad Social<\/li>\n<li>Puesto que desempe\u00f1a<\/li>\n<li>Sueldo<\/li>\n<li>Periodo de pago (Semanal-Quincenal)<\/li>\n<li>Fecha de Ingreso<\/li>\n<li>Fecha de Salida<\/li>\n<\/ul>\n<p>&nbsp;<\/p>\n<p>&nbsp;<\/p>\n<p>PATR\u00d3N\/EMPLEADOR<\/p>\n<ul>\n<li>Nombre del Patr\u00f3n<\/li>\n<li>Clave \u00danica de Registro Poblacional (CURP). Persona F\u00edsica<\/li>\n<li>Fecha de Nacimiento<\/li>\n<li>Edad<\/li>\n<li>Nacionalidad<\/li>\n<li>Registro Federal de Contribuyentes (RFC)<\/li>\n<li>Raz\u00f3n Social (Persona moral)<\/li>\n<li>Correo Electr\u00f3nico<\/li>\n<li>Nombre del Centro de Trabajo<\/li>\n<li>Direcci\u00f3n del Centro de Trabajo<\/li>\n<li>Giro Comercial<\/li>\n<\/ul>\n<p>Los anteriores datos son se\u00f1alados de manera enunciativa y no limitativa.<\/p>\n<p><strong>Del mismo modo, le informo que sus datos ser\u00e1n utilizados para las siguientes finalidades:<\/strong><\/p>\n<ol>\n<li style=\"text-align: justify;\">a) Realizar los tr\u00e1mites inherentes a su naturaleza y facultades como acreditar la identidad del titular de los datos, con el prop\u00f3sito de registrar al usuario en el\u00a0 Sistema Nacional de Conciliaci\u00f3n Laboral, efectuar notificaciones, otorgar constancias de no conciliaci\u00f3n en su caso, redactar, revisar y sancionar los acuerdos o convenios a que lleguen las partes, expedir las actas de las audiencias de conciliaci\u00f3n, realizar las constancias de cumplimiento de pago total o parcial, entre otras.<\/li>\n<li style=\"text-align: justify;\">b) Realizar las actividades propias del Centro de Conciliaci\u00f3n Laboral del Estado de Tamaulipas, seg\u00fan lo establecido en la Constituci\u00f3n Pol\u00edtica de los Estados Unidos Mexicanos, la Ley Federal del Trabajo, la Constituci\u00f3n Pol\u00edtica del Estado de Tamaulipas, as\u00ed como en los Lineamientos para el Procedimiento de Conciliaci\u00f3n Prejudicial Individual, Lineamientos para el Procedimiento de Conciliaci\u00f3n V\u00eda Remota y Lineamientos para el Procedimiento de Conciliaci\u00f3n Colectiva y dem\u00e1s disposiciones aplicables.<\/li>\n<\/ol>\n<p style=\"text-align: justify;\">Tambi\u00e9n, se hace de su conocimiento, que no se realizar\u00e1n transferencias de datos personales que requieran su conocimiento, salvo aquellas que sean necesarias para atender requerimientos de informaci\u00f3n de una autoridad competente, que est\u00e9n debidamente fundados y motivados o se \u00e9ste en alguno de los supuestos excepciones al consentimiento establecidos en el art\u00edculo 97 de la Ley de Protecci\u00f3n de Datos Personales en Posesi\u00f3n de Sujetos Obligados del Estado de Tamaulipas.<\/p>\n<p style=\"text-align: justify;\">Por lo anterior, le comunico que parte de las obligaciones de este Centro de Conciliaci\u00f3n Laboral del Estado de Tamaulipas, es proporcionar datos estad\u00edsticos y geogr\u00e1ficos al Instituto Nacional de Estad\u00edstica y Geograf\u00eda (INEGI), quien es el responsable de captar y difundir informaci\u00f3n de M\u00e9xico en cuanto al territorio, los recursos, la poblaci\u00f3n y econom\u00eda, que permita dar a conocer\u00a0 las caracter\u00edsticas de nuestro pa\u00eds y ayudar a la toma de decisiones, lo anterior conforme lo disponen los art\u00edculos 3, 38 y 40 de la Ley del Sistema Nacional de Informaci\u00f3n Estad\u00edstica y Geogr\u00e1fica.<\/p>\n<p style=\"text-align: justify;\">En cumplimiento a las disposiciones legales aplicables, es obligaci\u00f3n del Centro de Conciliaci\u00f3n Laboral del Estado de Tamaulipas, inf\u00f3rmale que tiene el derecho de conocer los datos personales que tenemos de usted, los prop\u00f3sitos para los cuales ser\u00e1n utilizados, as\u00ed como las condiciones de uso. Estos derechos son llamados ARCO (Acceso, Rectificaci\u00f3n, Cancelaci\u00f3n u Oposici\u00f3n) aplicables para la utilizaci\u00f3n de sus datos personales los cuales se encuentran expresados y protegidos por la Ley de Protecci\u00f3n de Datos Personales en Posesi\u00f3n de Sujetos Obligados del Estado de Tamaulipas.<\/p>\n<p style=\"text-align: justify;\">Este Centro de Conciliaci\u00f3n Laboral del Estado de Tamaulipas ofrece los medios para controlar el uso y destino de su informaci\u00f3n personal, haci\u00e9ndole de su conocimiento que usted podr\u00e1 en cualquier momento:<\/p>\n<p>1.-\u00a0<strong>Acceder<\/strong>\u00a0en saber qui\u00e9n dispone de sus datos y para qu\u00e9 est\u00e1n siendo utilizados.<\/p>\n<p>2.- Solicitar la\u00a0<strong>Rectificaci\u00f3n<\/strong>\u00a0de datos en caso de que resulten incompletos o inexactos.<\/p>\n<p>3.- Solicitar la\u00a0<strong>Cancelaci\u00f3n<\/strong>\u00a0de \u00e9stos, por no ajustarse a las disposiciones aplicables.<\/p>\n<p>4.-\u00a0<strong>Oponerse<\/strong>\u00a0al uso de sus datos, si es que los mismos fueron obtenidos sin su consentimiento.<\/p>\n<p style=\"text-align: justify;\">Lo anterior, mediante escrito libre dirigido al <strong>Lic. Tsanda Itsi Gallegos Garc\u00eda, Subdirectora Jur\u00eddica y de Transparencia del Centro de Conciliaci\u00f3n Laboral del Estado de Tamaulipas<\/strong>\u00a0al correo electr\u00f3nico<u> sub.juridccl@tamaulipas.gob.mx<\/u>. o bien de manera f\u00edsica en las oficinas ubicadas en calle Hermanos V\u00e1zquez G\u00f3mez, n\u00famero 113, Zona Centro, entre calle Miguel Hidalgo y calle Jos\u00e9 Mar\u00eda Morelos, C\u00f3digo Postal 87000, en Ciudad Victoria, Tamaulipas.<\/p>\n<p style=\"text-align: justify;\">No se omite mencionar, que este tipo de informaci\u00f3n contar\u00e1 con altas condiciones de seguridad y de estricta confidencialidad, con la intenci\u00f3n de que su tratamiento sea leg\u00edtimo y controlado, garantizando su privacidad, as\u00ed como su derecho a la autodeterminaci\u00f3n informativa.<\/p>\n<p style=\"text-align: justify;\">La temporalidad del manejo de los Datos Personales ser\u00e1 indefinida a partir de la fecha en que sean proporcionados, pudiendo el usuario oponerse al manejo de \u00e9stos en cualquier momento que lo considere oportuno, con las limitaciones de Ley; en caso de que la solicitud de oposici\u00f3n sea procedente, el Centro de Conciliaci\u00f3n Laboral el Estado de Tamaulipas dejar\u00e1 de manejar sus Datos Personales sin ninguna responsabilidad de nuestra parte.<\/p>\n<p style=\"text-align: justify;\">Al proporcionar sus Datos Personales por escrito, a trav\u00e9s de la solicitud, usted acepta y autoriza al Centro de Conciliaci\u00f3n Laboral de Tamaulipas a utilizar y tratar de forma automatizada sus datos personales e informaci\u00f3n suministrados ya sea de manera presencial, p\u00e1ginas de internet o medios remotos; con la intenci\u00f3n de\u00a0 identificarlo, ubicarlo, mantener comunicaci\u00f3n, contactarlo y enviar informaci\u00f3n, por cualquier medio que permita la ley para cumplir con el inter\u00e9s social, siempre y cuando no transgredan las disposiciones aplicables a este organismo y se utilicen para el ejercicio de facultades propias de los mismos<\/p>\n<p><strong>CAMBIOS EN EL AVISO DE PRIVACIDAD<\/strong><\/p>\n<p style=\"text-align: justify;\">El presente Aviso de Privacidad tiene una vigencia indeterminada, pudiendo en el transcurso del tiempo sufrir algunas modificaciones, cambios o actualizaciones derivadas de nuevos requerimientos t\u00e9cnicos o legales del Centro. As\u00ed como reajuste en nuestras pr\u00e1cticas de privacidad o por cualquiera otra que no \u00e9ste mencionada en el presente.<\/p>\n<p style=\"text-align: justify;\">Citado lo anterior, el Centro se compromete a mantenerlo informado de los cambios que pueda sufrir el presente aviso de privacidad a trav\u00e9s de los medios de comunicaci\u00f3n que tiene implementados tales como su p\u00e1gina web oficial y redes sociales.<\/p>\n<p style=\"text-align: justify;\"><strong>FUNDAMENTO LEGAL:<\/strong> Art\u00edculos 16, p\u00e1rrafo segundo y 116 fracci\u00f3n VIII de la Constituci\u00f3n Pol\u00edtica de los Estados Unidos Mexicanos; art\u00edculos 684-C, fracci\u00f3n IV, p\u00e1rrafo cuarto de la Ley Federal del Trabajo, y diversos 4,5,6,7,8, 34, 35, 36, 38, 39, 96, 97, 98, y 99 de la Ley de Protecci\u00f3n de Datos Personales en Posesi\u00f3n de Sujetos Obligados para el Estado de Tamaulipas.<\/p>\n<p>&nbsp;<\/p>\n<p>&nbsp;<\/p>\n","protected":false},"excerpt":{"rendered":"<p>CENTRO DE CONCILIACI\u00d3N LABORAL DEL ESTADO DE TAMAULIPAS AVISO DE PRIVACIDAD INTEGRAL El Centro de Conciliaci\u00f3n Laboral del Estado de Tamaulipas, con domicilio en Calle\u2026<\/p>\n","protected":false},"author":1,"featured_media":0,"parent":0,"menu_order":0,"comment_status":"closed","ping_status":"closed","template":"","meta":{"footnotes":""},"class_list":["post-41","page","type-page","status-publish","hentry"],"publishpress_future_action":{"enabled":false,"date":"2026-05-23 17:45:13","action":"change-status","newStatus":"draft","terms":[],"taxonomy":""},"_links":{"self":[{"href":"https:\/\/www.tamaulipas.gob.mx\/ccl\/wp-json\/wp\/v2\/pages\/41"}],"collection":[{"href":"https:\/\/www.tamaulipas.gob.mx\/ccl\/wp-json\/wp\/v2\/pages"}],"about":[{"href":"https:\/\/www.tamaulipas.gob.mx\/ccl\/wp-json\/wp\/v2\/types\/page"}],"author":[{"embeddable":true,"href":"https:\/\/www.tamaulipas.gob.mx\/ccl\/wp-json\/wp\/v2\/users\/1"}],"replies":[{"embeddable":true,"href":"https:\/\/www.tamaulipas.gob.mx\/ccl\/wp-json\/wp\/v2\/comments?post=41"}],"version-history":[{"count":18,"href":"https:\/\/www.tamaulipas.gob.mx\/ccl\/wp-json\/wp\/v2\/pages\/41\/revisions"}],"predecessor-version":[{"id":980,"href":"https:\/\/www.tamaulipas.gob.mx\/ccl\/wp-json\/wp\/v2\/pages\/41\/revisions\/980"}],"wp:attachment":[{"href":"https:\/\/www.tamaulipas.gob.mx\/ccl\/wp-json\/wp\/v2\/media?parent=41"}],"curies":[{"name":"wp","href":"https:\/\/api.w.org\/{rel}","templated":true}]}}