{"id":35,"date":"2022-11-09T11:40:53","date_gmt":"2022-11-09T17:40:53","guid":{"rendered":"https:\/\/ccltam.gob.mx\/?page_id=35"},"modified":"2025-12-10T10:10:51","modified_gmt":"2025-12-10T16:10:51","slug":"marco-normativo","status":"publish","type":"page","link":"https:\/\/www.tamaulipas.gob.mx\/ccl\/marco-normativo\/","title":{"rendered":"Marco normativo"},"content":{"rendered":"<ol>\n<li style=\"list-style-type: none;\">\n<ol>\n<li><a href=\"http:\/\/www.diputados.gob.mx\/LeyesBiblio\/pdf\/CPEUM.pdf\" target=\"_blank\" rel=\"noopener\"><i class=\"fa fa-file-pdf-o\"><\/i> Constituci\u00f3n Pol\u00edtica de los Estado Unidos Mexicanos<\/a><\/li>\n<li><a href=\"https:\/\/www.congresotamaulipas.gob.mx\/LegislacionEstatal\/Constituciones\/VerConstitucion.asp?IdConstitucion=1\" target=\"_blank\" rel=\"noopener\"><i class=\"fa fa-file-pdf-o\"><\/i> Constituci\u00f3n Pol\u00edtica del Estado de Tamaulipas<\/a><\/li>\n<li><a href=\"http:\/\/www.diputados.gob.mx\/LeyesBiblio\/pdf\/LFT.pdf\" target=\"_blank\" rel=\"noopener\"><i class=\"fa fa-file-pdf-o\"><\/i> Ley Federal del Trabajo<\/a><\/li>\n<li><a href=\"https:\/\/www.congresotamaulipas.gob.mx\/Parlamentario\/Archivos\/Leyes\/Ley%20del%20Trabajo%20de%20los%20Servidores%20Publicos%2020agosto24.pdf\" target=\"_blank\" rel=\"noopener\"><i class=\"fa fa-file-pdf-o\"><\/i> Ley del Trabajo de los Servidores P\u00fablicos del Estado de Tamaulipas<\/a><\/li>\n<li><a href=\"https:\/\/www.congresotamaulipas.gob.mx\/Parlamentario\/Archivos\/Reglamentos\/Reglamento%20de%20las%20Condiciones%20Generales%20de%20Trabajo.pdf\" target=\"_blank\" rel=\"noopener\"><i class=\"fa fa-file-pdf-o\"><\/i> Reglamento Interior de las Condiciones Generales del Trabajo<\/a><\/li>\n<li><a href=\"https:\/\/po.tamaulipas.gob.mx\/wp-content\/uploads\/2022\/05\/cxlvii-Ext.10-300522F-EV.pdf\" target=\"_blank\" rel=\"noopener\"><i class=\"fa fa-file-pdf-o\"><\/i> Lineamientos para el reclutamiento y Selecci\u00f3n del Personal del Centro de Conciliaci\u00f3n Laboral del Estado de Tamaulipas<\/a><\/li>\n<li><a href=\"https:\/\/www.congresotamaulipas.gob.mx\/Parlamentario\/Archivos\/Leyes\/Ley%20Organica%20del%20Centro%20de%20Conciliacion%20Laboral%20del%20Estado%20de%20Tamaulipas-2021.pdf\" target=\"_blank\" rel=\"noopener\"><i class=\"fa fa-file-pdf-o\"><\/i> Ley Org\u00e1nica del Centro de Conciliaci\u00f3n Laboral del Estado de Tamaulipas<\/a><\/li>\n<li><a href=\"https:\/\/po.tamaulipas.gob.mx\/wp-content\/uploads\/2022\/09\/cxlvii-115-270922F.pdf\" target=\"_blank\" rel=\"noopener\"><i class=\"fa fa-file-pdf-o\"><\/i> Lineamientos para el Procedimiento de Conciliaci\u00f3n Colectiva<\/a><\/li>\n<li><a href=\"https:\/\/po.tamaulipas.gob.mx\/wp-content\/uploads\/2022\/09\/cxlvii-115-270922F.pdf\" target=\"_blank\" rel=\"noopener\"><i class=\"fa fa-file-pdf-o\"><\/i> Lineamientos para el Procedimiento de Conciliaci\u00f3n Prejudicial Individual<\/a><\/li>\n<li><a href=\"https:\/\/po.tamaulipas.gob.mx\/wp-content\/uploads\/2022\/09\/cxlvii-115-270922F.pdf\" target=\"_blank\" rel=\"noopener\"><i class=\"fa fa-file-pdf-o\"><\/i> Lineamientos para el Procedimiento de Conciliaci\u00f3n V\u00eda Remota<\/a><\/li>\n<li><a href=\"http:\/\/www.tamaulipas.gob.mx\/ccl\/wp-content\/uploads\/sites\/118\/2024\/02\/cxlix-ext.no_.05-260224-codigo-de-conducta.pdf\"><i class=\"fa fa-file-pdf-o\"><\/i> C\u00f3digo de Conducta<\/a><\/li>\n<li><a href=\"http:\/\/www.tamaulipas.gob.mx\/ccl\/wp-content\/uploads\/sites\/118\/2024\/02\/cxlix-ext.no_.05-260224-codigo-de-conducta.pdf\"><i class=\"fa fa-file-pdf-o\"><\/i> <\/a><a href=\"http:\/\/www.tamaulipas.gob.mx\/ccl\/wp-content\/uploads\/sites\/118\/2024\/06\/codigo-de-etica-del-ejecutivo-del-estado.pdf\">C\u00f3digo de \u00c9tica del Poder Ejecutivo del Estado de Tamaulipas<\/a><\/li>\n<li><a href=\"http:\/\/www.tamaulipas.gob.mx\/ccl\/wp-content\/uploads\/sites\/118\/2024\/02\/cxlix-ext.no_.05-260224-codigo-de-conducta.pdf\"><i class=\"fa fa-file-pdf-o\"><\/i> <\/a><a href=\"http:\/\/www.tamaulipas.gob.mx\/ccl\/wp-content\/uploads\/sites\/118\/2024\/07\/cxlix-33-140324-ev.pdf\">Estructura Org\u00e1nica del Centro de Conciliaci\u00f3n Laboral del Estado de Tamaulipas<\/a><\/li>\n<li><a href=\"http:\/\/www.tamaulipas.gob.mx\/ccl\/wp-content\/uploads\/sites\/118\/2024\/02\/cxlix-ext.no_.05-260224-codigo-de-conducta.pdf\"><i class=\"fa fa-file-pdf-o\"><\/i><\/a> <a href=\"http:\/\/www.tamaulipas.gob.mx\/ccl\/wp-content\/uploads\/sites\/118\/2024\/09\/reglas-de-integridad-para-la-funcion-publica.pdf\">Reglas de Integridad para el Ejercicio de la Funci\u00f3n P\u00fablica<\/a><\/li>\n<li><a href=\"http:\/\/www.tamaulipas.gob.mx\/ccl\/wp-content\/uploads\/sites\/118\/2024\/02\/cxlix-ext.no_.05-260224-codigo-de-conducta.pdf\"><i class=\"fa fa-file-pdf-o\"><\/i><\/a> <a href=\"http:\/\/www.tamaulipas.gob.mx\/ccl\/wp-content\/uploads\/sites\/118\/2025\/02\/estatuto-cclt-2024.pdf\">Estatuto Org\u00e1nico del Centro de Conciliaci\u00f3n Laboral del Estado de Tamaulipas<\/a><\/li>\n<li><a href=\"http:\/\/www.tamaulipas.gob.mx\/ccl\/wp-content\/uploads\/sites\/118\/2024\/02\/cxlix-ext.no_.05-260224-codigo-de-conducta.pdf\"><i class=\"fa fa-file-pdf-o\"><\/i><\/a><a href=\"http:\/\/www.tamaulipas.gob.mx\/ccl\/wp-content\/uploads\/sites\/118\/2025\/12\/reglas-de-operacion-del-grupo-interdisciplinario-de-archivos-4-6.pdf\"> Reglas de Operaci\u00f3n del Grupo Interdisciplinario de Archivos<\/a><\/li>\n<\/ol>\n<\/li>\n<\/ol>\n<p>&nbsp;<\/p>\n","protected":false},"excerpt":{"rendered":"<p>Constituci\u00f3n Pol\u00edtica de los Estado Unidos Mexicanos Constituci\u00f3n Pol\u00edtica del Estado de Tamaulipas Ley Federal del Trabajo Ley del Trabajo de los Servidores P\u00fablicos del\u2026<\/p>\n","protected":false},"author":1,"featured_media":0,"parent":0,"menu_order":0,"comment_status":"closed","ping_status":"closed","template":"","meta":{"footnotes":""},"class_list":["post-35","page","type-page","status-publish","hentry"],"publishpress_future_action":{"enabled":false,"date":"2026-05-06 21:55:17","action":"change-status","newStatus":"draft","terms":[],"taxonomy":""},"_links":{"self":[{"href":"https:\/\/www.tamaulipas.gob.mx\/ccl\/wp-json\/wp\/v2\/pages\/35"}],"collection":[{"href":"https:\/\/www.tamaulipas.gob.mx\/ccl\/wp-json\/wp\/v2\/pages"}],"about":[{"href":"https:\/\/www.tamaulipas.gob.mx\/ccl\/wp-json\/wp\/v2\/types\/page"}],"author":[{"embeddable":true,"href":"https:\/\/www.tamaulipas.gob.mx\/ccl\/wp-json\/wp\/v2\/users\/1"}],"replies":[{"embeddable":true,"href":"https:\/\/www.tamaulipas.gob.mx\/ccl\/wp-json\/wp\/v2\/comments?post=35"}],"version-history":[{"count":24,"href":"https:\/\/www.tamaulipas.gob.mx\/ccl\/wp-json\/wp\/v2\/pages\/35\/revisions"}],"predecessor-version":[{"id":1255,"href":"https:\/\/www.tamaulipas.gob.mx\/ccl\/wp-json\/wp\/v2\/pages\/35\/revisions\/1255"}],"wp:attachment":[{"href":"https:\/\/www.tamaulipas.gob.mx\/ccl\/wp-json\/wp\/v2\/media?parent=35"}],"curies":[{"name":"wp","href":"https:\/\/api.w.org\/{rel}","templated":true}]}}