{"id":32,"date":"2022-11-09T11:29:22","date_gmt":"2022-11-09T17:29:22","guid":{"rendered":"https:\/\/ccltam.gob.mx\/?page_id=32"},"modified":"2026-03-20T13:52:26","modified_gmt":"2026-03-20T19:52:26","slug":"antecedentes","status":"publish","type":"page","link":"https:\/\/www.tamaulipas.gob.mx\/ccl\/antecedentes\/","title":{"rendered":"Antecedentes"},"content":{"rendered":"<p>El Centro de Conciliaci\u00f3n Laboral del Estado de Tamaulipas, tiene por objeto, ayudar a los trabajadores y patrones, para que estos alcancen un acuerdo luego de un conflicto laboral.<\/p>\n<p><strong>Centro de Conciliaci\u00f3n Laboral del Estado de Tamaulipas<\/strong><\/p>\n<ul>\n<li>Mediante Decreto No. LXIV-786, publicado en el Peri\u00f3dico Oficial del Estado No. 116 de fecha 29 de septiembre de 2021, se expidi\u00f3 la Ley Org\u00e1nica del Centro de Conciliaci\u00f3n Laboral del Estado de Tamaulipas, en donde se establece ser un \u00f3rgano p\u00fablico descentralizado, cuya funci\u00f3n primordial es ofrecer el servicio p\u00fablico de conciliaci\u00f3n laboral para la resoluci\u00f3n de los conflictos entre trabajadores y patrones en asuntos del orden local antes de presentar demanda ante los Tribunales, procurando el equilibrio entre los factores de la producci\u00f3n y ofreciendo a \u00e9stos una instancia eficaz y expedita para ello, conforme a lo dispuesto en el p\u00e1rrafo segundo de la fracci\u00f3n XX del art\u00edculo 123, apartado A, de la Constituci\u00f3n Pol\u00edtica de los Estados Unidos Mexicanos y el art\u00edculo 590-E de la Ley Federal del Trabajo.<\/li>\n<li>En cumplimiento a la reforma constitucional del 24 de febrero de 2017 y a la reforma a la Ley Federal de Trabajo del 1\u00ba de mayo de 2019, en fecha 12 de octubre de 2021 se celebr\u00f3 la sesi\u00f3n de instalaci\u00f3n de la Junta de Gobierno del Centro de Conciliaci\u00f3n Laboral del Estado de Tamaulipas.<\/li>\n<li>El 24 de marzo de 2022, se public\u00f3 en el Peri\u00f3dico Oficial del Estado No. 36, el Acuerdo Gubernamental por el que se determina la Estructura Org\u00e1nica del Centro de Conciliaci\u00f3n Laboral del Estado de Tamaulipas, estableciendo en su art\u00edculo tercero transitorio que dentro de los 90 d\u00edas naturales posteriores a la publicaci\u00f3n de este Acuerdo, la persona titular de la Direcci\u00f3n General o en su ausencia la persona titular de la Secretar\u00eda del Trabajo del Gobierno del Estado de Tamaulipas, presentar\u00e1 a la consideraci\u00f3n de la Junta de Gobierno, el proyecto del Estatuto Org\u00e1nico del organismo.<\/li>\n<li>El 6 de abril de 2022, se celebr\u00f3 la sesi\u00f3n extraordinaria 2\/2022 de la Junta de Gobierno del Centro de Conciliaci\u00f3n Laboral del Estado de Tamaulipas, en la cual se aprob\u00f3 el Estatuto Org\u00e1nico del Centro de Conciliaci\u00f3n Laboral del Estado de Tamaulipas, as\u00ed como se realicen las gestiones necesarias para su publicaci\u00f3n en el Peri\u00f3dico Oficial del Estado de Tamaulipas.<\/li>\n<\/ul>\n","protected":false},"excerpt":{"rendered":"<p>El Centro de Conciliaci\u00f3n Laboral del Estado de Tamaulipas, tiene por objeto, ayudar a los trabajadores y patrones, para que estos alcancen un acuerdo luego\u2026<\/p>\n","protected":false},"author":1,"featured_media":0,"parent":0,"menu_order":0,"comment_status":"closed","ping_status":"closed","template":"single-sin-sidebar.php","meta":{"footnotes":""},"class_list":["post-32","page","type-page","status-publish","hentry"],"publishpress_future_action":{"enabled":false,"date":"2026-05-23 17:45:12","action":"change-status","newStatus":"draft","terms":[],"taxonomy":""},"_links":{"self":[{"href":"https:\/\/www.tamaulipas.gob.mx\/ccl\/wp-json\/wp\/v2\/pages\/32"}],"collection":[{"href":"https:\/\/www.tamaulipas.gob.mx\/ccl\/wp-json\/wp\/v2\/pages"}],"about":[{"href":"https:\/\/www.tamaulipas.gob.mx\/ccl\/wp-json\/wp\/v2\/types\/page"}],"author":[{"embeddable":true,"href":"https:\/\/www.tamaulipas.gob.mx\/ccl\/wp-json\/wp\/v2\/users\/1"}],"replies":[{"embeddable":true,"href":"https:\/\/www.tamaulipas.gob.mx\/ccl\/wp-json\/wp\/v2\/comments?post=32"}],"version-history":[{"count":3,"href":"https:\/\/www.tamaulipas.gob.mx\/ccl\/wp-json\/wp\/v2\/pages\/32\/revisions"}],"predecessor-version":[{"id":97,"href":"https:\/\/www.tamaulipas.gob.mx\/ccl\/wp-json\/wp\/v2\/pages\/32\/revisions\/97"}],"wp:attachment":[{"href":"https:\/\/www.tamaulipas.gob.mx\/ccl\/wp-json\/wp\/v2\/media?parent=32"}],"curies":[{"name":"wp","href":"https:\/\/api.w.org\/{rel}","templated":true}]}}