{"id":209,"date":"2023-05-17T12:07:02","date_gmt":"2023-05-17T18:07:02","guid":{"rendered":"https:\/\/www.tamaulipas.gob.mx\/ccl\/?page_id=209"},"modified":"2026-04-17T15:40:44","modified_gmt":"2026-04-17T21:40:44","slug":"informacion-programatica","status":"publish","type":"page","link":"https:\/\/www.tamaulipas.gob.mx\/ccl\/informacion-programatica\/","title":{"rendered":"Informaci\u00f3n Program\u00e1tica"},"content":{"rendered":"<h1><span style=\"font-size: 24px; color: #9e8624;\"><strong>2022<\/strong><\/span><\/h1>\n<h3><span style=\"color: #808080;\"><strong>-CUARTO TRIMESTRE-<\/strong><\/span><\/h3>\n<p><a href=\"http:\/\/www.tamaulipas.gob.mx\/ccl\/wp-content\/uploads\/sites\/118\/2023\/09\/18.-gasto-categoria-programatica.pdf\">18.-Gasto-por-Categor\u00eda-Program\u00e1tica<\/a><\/p>\n<p><a href=\"http:\/\/www.tamaulipas.gob.mx\/ccl\/wp-content\/uploads\/sites\/118\/2023\/09\/19.-programas-proyectos-inversion.pdf\">19.-Programas-y-Proyectos-de-Inversi\u00f3n<\/a><\/p>\n<p><a href=\"http:\/\/www.tamaulipas.gob.mx\/ccl\/wp-content\/uploads\/sites\/118\/2023\/09\/20.-indicadores-resultados.pdf\">20.-Indicadores-de-Resultados<\/a><\/p>\n<h1><span style=\"font-size: 24px; color: #9e8624;\"><strong>2023<\/strong><\/span><\/h1>\n<h3><span style=\"color: #808080;\"><strong>-PRIMER TRIMESTRE-<\/strong><\/span><\/h3>\n<p><a href=\"http:\/\/www.tamaulipas.gob.mx\/ccl\/wp-content\/uploads\/sites\/118\/2023\/05\/18.-gasto-por-categoria-programatica.pdf\">18.-Gasto-por-Categor\u00eda-Program\u00e1tica<\/a><\/p>\n<p><a href=\"http:\/\/www.tamaulipas.gob.mx\/ccl\/wp-content\/uploads\/sites\/118\/2023\/05\/19.-programas-y-proyectos-de-inversion.pdf\">19.-Programas-y-Proyectos-de-Inversi\u00f3n<\/a><\/p>\n<p><a href=\"http:\/\/www.tamaulipas.gob.mx\/ccl\/wp-content\/uploads\/sites\/118\/2023\/05\/20.-indicadores-de-resultados.pdf\"> 20.-Indicadores-de-Resultados<\/a><\/p>\n<h3><span style=\"color: #808080;\"><strong>-SEGUNDO TRIMESTRE-<\/strong><\/span><\/h3>\n<p><a href=\"http:\/\/www.tamaulipas.gob.mx\/ccl\/wp-content\/uploads\/sites\/118\/2023\/08\/18.gasto-categoria-programatica.pdf\">18.-Gasto-por-Categor\u00eda-Program\u00e1tica<\/a><\/p>\n<p><a href=\"http:\/\/www.tamaulipas.gob.mx\/ccl\/wp-content\/uploads\/sites\/118\/2023\/08\/19.programas-proyectos-inversion.pdf\">19.-Programas-y-Proyectos-de-Inversi\u00f3n<\/a><\/p>\n<p><a href=\"http:\/\/www.tamaulipas.gob.mx\/ccl\/wp-content\/uploads\/sites\/118\/2023\/08\/20.indicadores-resultados.pdf\">20.-Indicadores-de-Resultados<\/a><\/p>\n<h3><span style=\"color: #808080;\"><strong>-TERCER TRIMESTRE-<\/strong><\/span><\/h3>\n<p><a href=\"http:\/\/www.tamaulipas.gob.mx\/ccl\/wp-content\/uploads\/sites\/118\/2023\/11\/18.gasto-categoria-programatica.pdf\">18.-Gasto-por-Categor\u00eda-Program\u00e1tica<\/a><\/p>\n<p><a href=\"http:\/\/www.tamaulipas.gob.mx\/ccl\/wp-content\/uploads\/sites\/118\/2023\/11\/19.programas-proyectos-inversion.pdf\">19.-Programas-y-Proyectos-de-Inversi\u00f3n<\/a><\/p>\n<p><a href=\"http:\/\/www.tamaulipas.gob.mx\/ccl\/wp-content\/uploads\/sites\/118\/2023\/11\/20.indicadores-resultados.pdf\">20.-Indicadores-de-Resultados<\/a><\/p>\n<h1><span style=\"font-size: 24px; color: #9e8624;\"><strong>2024<\/strong><\/span><\/h1>\n<h3><span style=\"color: #808080;\"><strong>-PRIMER TRIMESTRE-<\/strong><\/span><\/h3>\n<p><a href=\"http:\/\/www.tamaulipas.gob.mx\/ccl\/wp-content\/uploads\/sites\/118\/2024\/05\/18.gasto-categoria-programatica.pdf\">18.-Gasto-por-Categor\u00eda-Program\u00e1tica<\/a><\/p>\n<p><a href=\"http:\/\/www.tamaulipas.gob.mx\/ccl\/wp-content\/uploads\/sites\/118\/2024\/05\/19.programas-proyectos-inversion.pdf\">19.-Programas-y-Proyectos-de-Inversi\u00f3n<\/a><\/p>\n<p><a href=\"http:\/\/www.tamaulipas.gob.mx\/ccl\/wp-content\/uploads\/sites\/118\/2024\/05\/20.indicadores-resultados-1.pdf\">20.-Indicadores-de-Resultados<\/a><\/p>\n<h3><span style=\"color: #808080;\"><strong>-SEGUNDO TRIMESTRE-<\/strong><\/span><\/h3>\n<p><a href=\"http:\/\/www.tamaulipas.gob.mx\/ccl\/wp-content\/uploads\/sites\/118\/2024\/08\/18.gasto-categoria-programatica.pdf\">18.-Gasto-por-Categor\u00eda-Program\u00e1tica<\/a><\/p>\n<p><a href=\"http:\/\/www.tamaulipas.gob.mx\/ccl\/wp-content\/uploads\/sites\/118\/2024\/08\/19.programas-proyectos-inversion.pdf\">19.-Programas-y-Proyectos-de-Inversi\u00f3n<\/a><\/p>\n<p><a href=\"http:\/\/www.tamaulipas.gob.mx\/ccl\/wp-content\/uploads\/sites\/118\/2024\/08\/20.indicadores-resultados.pdf\">20.-Indicadores-de-Resultados<\/a><\/p>\n<h3><span style=\"color: #808080;\"><strong>-TERCER TRIMESTRE-<\/strong><\/span><\/h3>\n<p><a href=\"http:\/\/www.tamaulipas.gob.mx\/ccl\/wp-content\/uploads\/sites\/118\/2024\/10\/18.gasto-categoria-programatica.pdf\">18.-Gasto-por-Categoria-Program\u00e1tica<\/a><\/p>\n<p><a href=\"http:\/\/www.tamaulipas.gob.mx\/ccl\/wp-content\/uploads\/sites\/118\/2024\/10\/19.programas-proyectos-inversion.pdf\">19.-Programas-y-Proyectos-de-Inversi\u00f3n<\/a><\/p>\n<p><a href=\"http:\/\/www.tamaulipas.gob.mx\/ccl\/wp-content\/uploads\/sites\/118\/2024\/10\/20.indicadores-resultados.pdf\">20.-Indicadores-de-Resultados<\/a><\/p>\n<h3><span style=\"color: #808080;\"><strong>-CUARTO TRIMESTRE-<\/strong><\/span><\/h3>\n<p><a href=\"http:\/\/www.tamaulipas.gob.mx\/ccl\/wp-content\/uploads\/sites\/118\/2025\/01\/18.gasto-categoria-programatica.pdf\">18.-Gasto-por-Categor\u00eda-Program\u00e1tica<\/a><\/p>\n<p><a href=\"http:\/\/www.tamaulipas.gob.mx\/ccl\/wp-content\/uploads\/sites\/118\/2025\/01\/19.programas-proyectos-inversion.pdf\">19.-Programas-y-Proyectos-de-Inversi\u00f3n<\/a><\/p>\n<p><a href=\"http:\/\/www.tamaulipas.gob.mx\/ccl\/wp-content\/uploads\/sites\/118\/2025\/01\/20.indicadores-resultados.pdf\">20.-Indicadores-de-Resultados<\/a><\/p>\n<h1><span style=\"font-size: 24px; color: #9e8624;\"><strong>2025<\/strong><\/span><\/h1>\n<h3><span style=\"color: #808080;\"><strong>-PRIMER TRIMESTRE-<\/strong><\/span><\/h3>\n<p><a href=\"http:\/\/www.tamaulipas.gob.mx\/ccl\/wp-content\/uploads\/sites\/118\/2025\/04\/18.gasto-categoria-programatica.pdf\">18.-Gasto-por-Categor\u00eda-Program\u00e1tica<\/a><\/p>\n<p><a href=\"http:\/\/www.tamaulipas.gob.mx\/ccl\/wp-content\/uploads\/sites\/118\/2025\/04\/19.programas-proyectos-inversion.pdf\">19.-Programas-y-Proyectos-de-Inversi\u00f3n<\/a><\/p>\n<p><a href=\"http:\/\/www.tamaulipas.gob.mx\/ccl\/wp-content\/uploads\/sites\/118\/2025\/04\/20.indicadores-resultados.pdf\">20.-Indicadores-de-Resultados<\/a><\/p>\n<h3><span style=\"color: #808080;\"><strong>-SEGUNDO TRIMESTRE-<\/strong><\/span><\/h3>\n<p><a href=\"http:\/\/www.tamaulipas.gob.mx\/ccl\/wp-content\/uploads\/sites\/118\/2025\/07\/18.gasto-categoria-programatica.pdf\">18.-Gasto-por-Categor\u00eda-Program\u00e1tica<\/a><\/p>\n<p><a href=\"http:\/\/www.tamaulipas.gob.mx\/ccl\/wp-content\/uploads\/sites\/118\/2025\/07\/19.programas-proyectos-inversion.pdf\">19.-Programas-y-Proyectos-de-Inversi\u00f3n<\/a><\/p>\n<p><a href=\"http:\/\/www.tamaulipas.gob.mx\/ccl\/wp-content\/uploads\/sites\/118\/2025\/07\/20.indicadores-resultados.pdf\">20.-Indicadores-de-Resultados<\/a><\/p>\n<h3><span style=\"color: #808080;\"><strong>-TERCER TRIMESTRE-<\/strong><\/span><\/h3>\n<p><a href=\"http:\/\/www.tamaulipas.gob.mx\/ccl\/wp-content\/uploads\/sites\/118\/2025\/10\/18.gasto-categoria-programatica.pdf\">18.-Gasto-por-Categor\u00eda-Program\u00e1tica<\/a><\/p>\n<p><a href=\"http:\/\/www.tamaulipas.gob.mx\/ccl\/wp-content\/uploads\/sites\/118\/2025\/10\/19.programas-proyectos-inversion.pdf\">19.-Programas-y-Proyectos-de-Inversi\u00f3n<\/a><\/p>\n<p><a href=\"http:\/\/www.tamaulipas.gob.mx\/ccl\/wp-content\/uploads\/sites\/118\/2025\/10\/20.indicadores-resultados.pdf\">20.-Indicadores-de-Resultados<\/a><\/p>\n<h3><span style=\"color: #808080;\"><strong>-CUARTO TRIMESTRE-<\/strong><\/span><\/h3>\n<p><a href=\"http:\/\/www.tamaulipas.gob.mx\/ccl\/wp-content\/uploads\/sites\/118\/2026\/01\/18.gasto-categoria-programatica.pdf\">18.gasto-categoria-programatica<\/a><\/p>\n<p><a href=\"http:\/\/www.tamaulipas.gob.mx\/ccl\/wp-content\/uploads\/sites\/118\/2026\/01\/19.programas-proyectos-inversion.pdf\">19.programas-proyectos-inversion<\/a><\/p>\n<p><a href=\"http:\/\/www.tamaulipas.gob.mx\/ccl\/wp-content\/uploads\/sites\/118\/2026\/01\/20.indicadores-resultados.pdf\">20.indicadores-resultados<\/a><\/p>\n<h1><span style=\"font-size: 24px; color: #9e8624;\"><strong>2026<\/strong><\/span><\/h1>\n<h3><span style=\"color: #808080;\"><strong>-PRIMER TRIMESTRE-<\/strong><\/span><\/h3>\n<p><a href=\"http:\/\/www.tamaulipas.gob.mx\/ccl\/wp-content\/uploads\/sites\/118\/2026\/04\/18_gasto-por-categoria-programatica.pdf\">18_gasto-por-categoria-programatica<\/a><\/p>\n<p><a href=\"http:\/\/www.tamaulipas.gob.mx\/ccl\/wp-content\/uploads\/sites\/118\/2026\/04\/19_programas-y-proyectos-de-inversion.pdf\">19_programas-y-proyectos-de-inversion<\/a><\/p>\n<p><a href=\"http:\/\/www.tamaulipas.gob.mx\/ccl\/wp-content\/uploads\/sites\/118\/2026\/04\/20_indicadores-de-resultados.pdf\">20_indicadores-de-resultados<\/a><\/p>\n","protected":false},"excerpt":{"rendered":"<p>2022 -CUARTO TRIMESTRE- 18.-Gasto-por-Categor\u00eda-Program\u00e1tica 19.-Programas-y-Proyectos-de-Inversi\u00f3n 20.-Indicadores-de-Resultados 2023 -PRIMER TRIMESTRE- 18.-Gasto-por-Categor\u00eda-Program\u00e1tica 19.-Programas-y-Proyectos-de-Inversi\u00f3n 20.-Indicadores-de-Resultados -SEGUNDO TRIMESTRE- 18.-Gasto-por-Categor\u00eda-Program\u00e1tica 19.-Programas-y-Proyectos-de-Inversi\u00f3n 20.-Indicadores-de-Resultados -TERCER TRIMESTRE- 18.-Gasto-por-Categor\u00eda-Program\u00e1tica 19.-Programas-y-Proyectos-de-Inversi\u00f3n 20.-Indicadores-de-Resultados 2024 -PRIMER TRIMESTRE-\u2026<\/p>\n","protected":false},"author":381,"featured_media":0,"parent":0,"menu_order":0,"comment_status":"closed","ping_status":"closed","template":"","meta":{"footnotes":""},"class_list":["post-209","page","type-page","status-publish","hentry"],"publishpress_future_action":{"enabled":false,"date":"2026-05-06 21:30:35","action":"change-status","newStatus":"draft","terms":[],"taxonomy":""},"_links":{"self":[{"href":"https:\/\/www.tamaulipas.gob.mx\/ccl\/wp-json\/wp\/v2\/pages\/209"}],"collection":[{"href":"https:\/\/www.tamaulipas.gob.mx\/ccl\/wp-json\/wp\/v2\/pages"}],"about":[{"href":"https:\/\/www.tamaulipas.gob.mx\/ccl\/wp-json\/wp\/v2\/types\/page"}],"author":[{"embeddable":true,"href":"https:\/\/www.tamaulipas.gob.mx\/ccl\/wp-json\/wp\/v2\/users\/381"}],"replies":[{"embeddable":true,"href":"https:\/\/www.tamaulipas.gob.mx\/ccl\/wp-json\/wp\/v2\/comments?post=209"}],"version-history":[{"count":28,"href":"https:\/\/www.tamaulipas.gob.mx\/ccl\/wp-json\/wp\/v2\/pages\/209\/revisions"}],"predecessor-version":[{"id":1461,"href":"https:\/\/www.tamaulipas.gob.mx\/ccl\/wp-json\/wp\/v2\/pages\/209\/revisions\/1461"}],"wp:attachment":[{"href":"https:\/\/www.tamaulipas.gob.mx\/ccl\/wp-json\/wp\/v2\/media?parent=209"}],"curies":[{"name":"wp","href":"https:\/\/api.w.org\/{rel}","templated":true}]}}