{"id":11,"date":"2022-10-25T11:30:29","date_gmt":"2022-10-25T16:30:29","guid":{"rendered":"http:\/\/ccltam.gob.mx\/?page_id=11"},"modified":"2025-09-19T15:53:51","modified_gmt":"2025-09-19T21:53:51","slug":"solicitud","status":"publish","type":"page","link":"https:\/\/www.tamaulipas.gob.mx\/ccl\/solicitud\/","title":{"rendered":"Solicitud"},"content":{"rendered":"<p>La solicitud la puedes realizar de acuerdo con las siguientes opciones:<\/p>\n<ol style=\"list-style-type: lower-alpha;\">\n<li>Trabajador<\/li>\n<li>Patr\u00f3n<\/li>\n<li>Sindicato<\/li>\n<\/ol>\n<p><strong>Citas<\/strong><\/p>\n<p>Una vez que ya realizaste la solicitud de conciliaci\u00f3n prejudicial de acuerdo con el art\u00edculo 684-E fracci\u00f3n VII de la Ley Federal del Trabajo, la ratificaci\u00f3n y asistencia a la audiencia de conciliaci\u00f3n es de car\u00e1cter personal, y la cita debe realizarse a nombre de quien efectu\u00f3 la solicitud.<\/p>\n<a href=\"https:\/\/ccltamaulipas.ddns.net\/asesoria\/seleccion\" class=\"btn btn-primary btn-md\" target=\"_blank\"><i class=\"fa fa-external-link\"><\/i> Reservar cita<\/a>\n","protected":false},"excerpt":{"rendered":"<p>La solicitud la puedes realizar de acuerdo con las siguientes opciones: Trabajador Patr\u00f3n Sindicato Citas Una vez que ya realizaste la solicitud de conciliaci\u00f3n prejudicial\u2026<\/p>\n","protected":false},"author":1,"featured_media":0,"parent":0,"menu_order":0,"comment_status":"closed","ping_status":"closed","template":"","meta":{"footnotes":""},"class_list":["post-11","page","type-page","status-publish","hentry"],"publishpress_future_action":{"enabled":false,"date":"2026-05-23 17:45:15","action":"change-status","newStatus":"draft","terms":[],"taxonomy":""},"_links":{"self":[{"href":"https:\/\/www.tamaulipas.gob.mx\/ccl\/wp-json\/wp\/v2\/pages\/11"}],"collection":[{"href":"https:\/\/www.tamaulipas.gob.mx\/ccl\/wp-json\/wp\/v2\/pages"}],"about":[{"href":"https:\/\/www.tamaulipas.gob.mx\/ccl\/wp-json\/wp\/v2\/types\/page"}],"author":[{"embeddable":true,"href":"https:\/\/www.tamaulipas.gob.mx\/ccl\/wp-json\/wp\/v2\/users\/1"}],"replies":[{"embeddable":true,"href":"https:\/\/www.tamaulipas.gob.mx\/ccl\/wp-json\/wp\/v2\/comments?post=11"}],"version-history":[{"count":4,"href":"https:\/\/www.tamaulipas.gob.mx\/ccl\/wp-json\/wp\/v2\/pages\/11\/revisions"}],"predecessor-version":[{"id":1161,"href":"https:\/\/www.tamaulipas.gob.mx\/ccl\/wp-json\/wp\/v2\/pages\/11\/revisions\/1161"}],"wp:attachment":[{"href":"https:\/\/www.tamaulipas.gob.mx\/ccl\/wp-json\/wp\/v2\/media?parent=11"}],"curies":[{"name":"wp","href":"https:\/\/api.w.org\/{rel}","templated":true}]}}