{"id":760,"date":"2022-06-08T14:20:21","date_gmt":"2022-06-08T19:20:21","guid":{"rendered":"https:\/\/www.tamaulipas.gob.mx\/cazaypesca\/?page_id=760"},"modified":"2026-03-09T09:53:25","modified_gmt":"2026-03-09T15:53:25","slug":"cuenta-publica","status":"publish","type":"page","link":"https:\/\/www.tamaulipas.gob.mx\/cazaypesca\/?page_id=760","title":{"rendered":"Cuenta P\u00fablica"},"content":{"rendered":"<p><strong>2019<\/strong><\/p>\n<ul>\n<li><a href=\"https:\/\/www.tamaulipas.gob.mx\/cazaypesca\/wp-content\/uploads\/sites\/33\/2022\/11\/d.6.2-cp-2019.pdf\" target=\"_blank\" rel=\"noopener\">Cuenta P\u00fablica<\/a><\/li>\n<\/ul>\n<p><strong>2020<\/strong><\/p>\n<ul>\n<li><a href=\"https:\/\/www.tamaulipas.gob.mx\/cazaypesca\/wp-content\/uploads\/sites\/33\/2022\/11\/d.6.3-cp-2020-ok.pdf\" target=\"_blank\" rel=\"noopener\">Cuenta P\u00fablica<\/a><\/li>\n<\/ul>\n<p><strong>2021<\/strong><\/p>\n<ul>\n<li><a href=\"https:\/\/www.tamaulipas.gob.mx\/cazaypesca\/wp-content\/uploads\/sites\/33\/2022\/06\/4-informe-trimestral-2021-cp.pdf\" target=\"_blank\" rel=\"noopener\">4to Informe Trimestral<\/a><\/li>\n<li><a href=\"https:\/\/www.tamaulipas.gob.mx\/cazaypesca\/wp-content\/uploads\/sites\/33\/2022\/06\/cuenta-publica-2021.pdf\" target=\"_blank\" rel=\"noopener\">Cuenta P\u00fablica<\/a><\/li>\n<\/ul>\n<p><strong>2022<\/strong><\/p>\n<ul>\n<li><a href=\"https:\/\/www.tamaulipas.gob.mx\/cazaypesca\/wp-content\/uploads\/sites\/33\/2022\/06\/1er-informe-trimestral-2022-cp.pdf\" target=\"_blank\" rel=\"noopener\">1er Informe Trimestral<\/a><\/li>\n<li><a href=\"https:\/\/www.tamaulipas.gob.mx\/cazaypesca\/wp-content\/uploads\/sites\/33\/2022\/08\/cuenta-publica-2do-inf-trim-2022.pdf\" target=\"_blank\" rel=\"noopener\">2do Informe Trimestral<\/a><\/li>\n<li><a href=\"https:\/\/www.tamaulipas.gob.mx\/cazaypesca\/wp-content\/uploads\/sites\/33\/2022\/11\/3-inf-trim-2022.pdf\" target=\"_blank\" rel=\"noopener\">3er Informe Trimestral<\/a><\/li>\n<li><a href=\"https:\/\/www.tamaulipas.gob.mx\/cazaypesca\/wp-content\/uploads\/sites\/33\/2023\/02\/cuenta-publica-inf-cont-pres-prog-adic-y-ldf-1.pdf\" target=\"_blank\" rel=\"noopener\">4to Informe Trimestral<\/a><\/li>\n<li><a href=\"https:\/\/www.tamaulipas.gob.mx\/cazaypesca\/wp-content\/uploads\/sites\/33\/2023\/11\/acuse-y-formatos-cta-publica-firmados.pdf\">Cuenta P\u00fablica<\/a><\/li>\n<\/ul>\n<p><strong>2023<\/strong><\/p>\n<ul>\n<li><a href=\"https:\/\/www.tamaulipas.gob.mx\/cazaypesca\/wp-content\/uploads\/sites\/33\/2023\/08\/1-trim-2023-y-1-trim-alcance-2023.pdf\">1er Informe Trimestral<\/a><\/li>\n<li><a href=\"https:\/\/www.tamaulipas.gob.mx\/cazaypesca\/wp-content\/uploads\/sites\/33\/2023\/10\/2-trim-y-2-trim-alcance.pdf\">2do Informe Trimestral<\/a><\/li>\n<li><a href=\"https:\/\/www.tamaulipas.gob.mx\/cazaypesca\/wp-content\/uploads\/sites\/33\/2024\/02\/3-trim-2023-y-alcance.pdf\">3er Informe Trimestral<\/a><\/li>\n<li><a href=\"https:\/\/www.tamaulipas.gob.mx\/cazaypesca\/wp-content\/uploads\/sites\/33\/2024\/03\/cuenta-publica-2023-escaneda.pdf\">4to Informe Trimestral<\/a><\/li>\n<li><a href=\"https:\/\/www.tamaulipas.gob.mx\/cazaypesca\/wp-content\/uploads\/sites\/33\/2024\/06\/cuenta-publica-2023-escaneda.pdf\">Cuenta P\u00fablica<\/a><\/li>\n<\/ul>\n<p><strong>2024<\/strong><\/p>\n<ul>\n<li><a href=\"https:\/\/www.tamaulipas.gob.mx\/cazaypesca\/wp-content\/uploads\/sites\/33\/2024\/06\/1-trim-2024-y-alcance-1-trim-2024.pdf\">1er Informe Trimestral<\/a><\/li>\n<li><a href=\"https:\/\/www.tamaulipas.gob.mx\/cazaypesca\/wp-content\/uploads\/sites\/33\/2024\/08\/2-trim-20224-acum.pdf\">2do Informe Trimestral<\/a><\/li>\n<li><a href=\"https:\/\/www.tamaulipas.gob.mx\/cazaypesca\/wp-content\/uploads\/sites\/33\/2024\/10\/3er-informe-trim-2024.pdf\">3er Informe Trimestral<\/a><\/li>\n<li><a href=\"https:\/\/www.tamaulipas.gob.mx\/cazaypesca\/wp-content\/uploads\/sites\/33\/2025\/03\/4to-informe-trim-2024-alcance.pdf\">4to Informe Trimestral<\/a><\/li>\n<li><a href=\"https:\/\/www.tamaulipas.gob.mx\/cazaypesca\/wp-content\/uploads\/sites\/33\/2025\/03\/cuenta-publica-2024-of-cpdt0256-2025-1.pdf\">Cuenta P\u00fablica<\/a><\/li>\n<\/ul>\n<p><strong>2025<\/strong><\/p>\n<ul>\n<li><a href=\"https:\/\/www.tamaulipas.gob.mx\/cazaypesca\/wp-content\/uploads\/sites\/33\/2025\/05\/1trim-2025_alcance.pdf\">1er Informe Trimestral<\/a><\/li>\n<li><a href=\"https:\/\/www.tamaulipas.gob.mx\/cazaypesca\/wp-content\/uploads\/sites\/33\/2025\/08\/2-trim-2025-completo.pdf\">2do Informe Trimestral<\/a><\/li>\n<li><a href=\"https:\/\/www.tamaulipas.gob.mx\/cazaypesca\/wp-content\/uploads\/sites\/33\/2025\/11\/cp-3t-2025-completa.pdf\">3er Informe Trimestral<\/a><\/li>\n<li><a href=\"https:\/\/www.tamaulipas.gob.mx\/cazaypesca\/wp-content\/uploads\/sites\/33\/2026\/02\/4-trim-2025.pdf\">4to Informe Trimestral<\/a><\/li>\n<li><a href=\"https:\/\/www.tamaulipas.gob.mx\/cazaypesca\/wp-content\/uploads\/sites\/33\/2026\/03\/cpdt-0125-cuenta-publica-2025-informes-36.pdf\">Cuenta P\u00fablica<\/a><\/li>\n<\/ul>\n<p>&nbsp;<\/p>\n<p>&nbsp;<\/p>\n","protected":false},"excerpt":{"rendered":"<p>2019 Cuenta P\u00fablica 2020 Cuenta P\u00fablica 2021 4to Informe Trimestral Cuenta P\u00fablica 2022 1er Informe Trimestral 2do Informe Trimestral 3er Informe Trimestral 4to Informe Trimestral\u2026<\/p>\n","protected":false},"author":1,"featured_media":0,"parent":0,"menu_order":0,"comment_status":"closed","ping_status":"closed","template":"","meta":{"footnotes":""},"class_list":["post-760","page","type-page","status-publish","hentry"],"publishpress_future_action":{"enabled":false,"date":"2026-04-23 17:10:26","action":"change-status","newStatus":"draft","terms":[],"taxonomy":""},"_links":{"self":[{"href":"https:\/\/www.tamaulipas.gob.mx\/cazaypesca\/index.php?rest_route=\/wp\/v2\/pages\/760"}],"collection":[{"href":"https:\/\/www.tamaulipas.gob.mx\/cazaypesca\/index.php?rest_route=\/wp\/v2\/pages"}],"about":[{"href":"https:\/\/www.tamaulipas.gob.mx\/cazaypesca\/index.php?rest_route=\/wp\/v2\/types\/page"}],"author":[{"embeddable":true,"href":"https:\/\/www.tamaulipas.gob.mx\/cazaypesca\/index.php?rest_route=\/wp\/v2\/users\/1"}],"replies":[{"embeddable":true,"href":"https:\/\/www.tamaulipas.gob.mx\/cazaypesca\/index.php?rest_route=%2Fwp%2Fv2%2Fcomments&post=760"}],"version-history":[{"count":38,"href":"https:\/\/www.tamaulipas.gob.mx\/cazaypesca\/index.php?rest_route=\/wp\/v2\/pages\/760\/revisions"}],"predecessor-version":[{"id":1423,"href":"https:\/\/www.tamaulipas.gob.mx\/cazaypesca\/index.php?rest_route=\/wp\/v2\/pages\/760\/revisions\/1423"}],"wp:attachment":[{"href":"https:\/\/www.tamaulipas.gob.mx\/cazaypesca\/index.php?rest_route=%2Fwp%2Fv2%2Fmedia&parent=760"}],"curies":[{"name":"wp","href":"https:\/\/api.w.org\/{rel}","templated":true}]}}