{"id":745,"date":"2022-03-08T09:17:15","date_gmt":"2022-03-08T15:17:15","guid":{"rendered":"https:\/\/www.tamaulipas.gob.mx\/cazaypesca\/?page_id=745"},"modified":"2022-03-08T09:17:15","modified_gmt":"2022-03-08T15:17:15","slug":"condicionantes-aprovechamiento-extractivo-comercial","status":"publish","type":"page","link":"https:\/\/www.tamaulipas.gob.mx\/cazaypesca\/?page_id=745","title":{"rendered":"Condicionantes Aprovechamiento extractivo comercial"},"content":{"rendered":"<p><span data-contrast=\"auto\">La presente autorizaci\u00f3n queda sujeta al cumplimiento de las siguientes condicionantes:<\/span><span data-ccp-props=\"{&quot;201341983&quot;:0,&quot;335551550&quot;:6,&quot;335551620&quot;:6,&quot;335559739&quot;:160,&quot;335559740&quot;:259}\">\u00a0<\/span><\/p>\n<ul>\n<li data-leveltext=\"\uf0b7\" data-font=\"Symbol\" data-listid=\"2\" aria-setsize=\"-1\" data-aria-posinset=\"1\" data-aria-level=\"1\"><span data-contrast=\"auto\">La presente autorizaci\u00f3n tiene <\/span><b><span data-contrast=\"auto\">VIGENCIA de<\/span><\/b> <b><span data-contrast=\"auto\">ciento ochenta d\u00edas naturales<\/span><\/b><span data-contrast=\"auto\"> a partir de la fecha de expedici\u00f3n (Art\u00edculo 94 p\u00e1rrafo segundo del Reglamento de la Ley General de Vida Silvestre).<\/span><span data-ccp-props=\"{&quot;201341983&quot;:0,&quot;335551550&quot;:6,&quot;335551620&quot;:6,&quot;335559739&quot;:160,&quot;335559740&quot;:259}\">\u00a0<\/span><\/li>\n<li data-leveltext=\"\uf0b7\" data-font=\"Symbol\" data-listid=\"2\" aria-setsize=\"-1\" data-aria-posinset=\"2\" data-aria-level=\"1\"><span data-contrast=\"auto\">El ejercicio de la autorizaci\u00f3n otorgada se sujeta al cumplimiento de la Ley General de Vida Silvestre, su Reglamento y dem\u00e1s disposiciones aplicables en la materia y se otorga sin perjuicio de las disposiciones aplicables que competan a otras autoridades Federales, Estatales y Municipales.<\/span><span data-ccp-props=\"{&quot;201341983&quot;:0,&quot;335551550&quot;:6,&quot;335551620&quot;:6,&quot;335559739&quot;:160,&quot;335559740&quot;:259}\">\u00a0<\/span><\/li>\n<li data-leveltext=\"\uf0b7\" data-font=\"Symbol\" data-listid=\"1\" aria-setsize=\"-1\" data-aria-posinset=\"3\" data-aria-level=\"1\"><span data-contrast=\"auto\">El titular de esta autorizaci\u00f3n y\/o sus representantes legales, as\u00ed como los terceros que realicen el aprovechamiento, ser\u00e1n responsables solidarios de los efectos negativos que este pudiera tener para la conservaci\u00f3n de la vida silvestre.<\/span><span data-ccp-props=\"{&quot;201341983&quot;:0,&quot;335551550&quot;:6,&quot;335551620&quot;:6,&quot;335559739&quot;:160,&quot;335559740&quot;:259}\">\u00a0<\/span><\/li>\n<li data-leveltext=\"\uf0b7\" data-font=\"Symbol\" data-listid=\"1\" aria-setsize=\"-1\" data-aria-posinset=\"4\" data-aria-level=\"1\"><span data-contrast=\"auto\">En el ejercicio del aprovechamiento extractivo autorizado, deber\u00e1 garantizarse un trato digno y respetuoso a la fauna silvestre.\u00a0<\/span><span data-ccp-props=\"{&quot;201341983&quot;:0,&quot;335551550&quot;:6,&quot;335551620&quot;:6,&quot;335559739&quot;:160,&quot;335559740&quot;:259}\">\u00a0<\/span><\/li>\n<\/ul>\n<ul>\n<li data-leveltext=\"\uf0b7\" data-font=\"Symbol\" data-listid=\"1\" aria-setsize=\"-1\" data-aria-posinset=\"1\" data-aria-level=\"1\"><span data-contrast=\"auto\">Se deber\u00e1 utilizar el sistema de marcaje que se autoriza en la presente autorizaci\u00f3n, efectuando las acciones necesarias para que se fije en el ejemplar y de no ser posible, se deber\u00e1 se\u00f1alar en la nota de remisi\u00f3n o factura lo referente al sistema de marcaje correspondiente (Art\u00edculo 54 p\u00e1rrafo tercero del Reglamento de la Ley General de Vida Silvestre).<\/span><span data-ccp-props=\"{&quot;201341983&quot;:0,&quot;335551550&quot;:6,&quot;335551620&quot;:6,&quot;335559739&quot;:160,&quot;335559740&quot;:259}\">\u00a0<\/span><\/li>\n<li data-leveltext=\"\uf0b7\" data-font=\"Symbol\" data-listid=\"1\" aria-setsize=\"-1\" data-aria-posinset=\"2\" data-aria-level=\"1\"><span data-contrast=\"auto\">La legal procedencia de los ejemplares se demostrar\u00e1 con la presente tasa de aprovechamiento o la nota de remisi\u00f3n o factura correspondiente. Para el caso de nota de remisi\u00f3n o factura, estos deber\u00e1n contener el n\u00famero de oficio de la autorizaci\u00f3n de aprovechamiento, los datos del predio en donde se realiz\u00f3, la especie o g\u00e9nero a la que pertenecen los ejemplares, sus partes o derivados, la tasa autorizada y el nombre de su titular, as\u00ed como la proporci\u00f3n de que dicha tasa comprenda la marca o embalaje (Art\u00edculo 51 de la Ley General de Vida Silvestre).<\/span><span data-ccp-props=\"{&quot;201341983&quot;:0,&quot;335551550&quot;:6,&quot;335551620&quot;:6,&quot;335559739&quot;:160,&quot;335559740&quot;:259}\">\u00a0<\/span><\/li>\n<li data-leveltext=\"\uf0b7\" data-font=\"Symbol\" data-listid=\"1\" aria-setsize=\"-1\" data-aria-posinset=\"3\" data-aria-level=\"1\"><span data-contrast=\"auto\">La exportaci\u00f3n de los ejemplares, partes y derivados de ejemplares de las especies amparadas en la presente autorizaci\u00f3n, quedar\u00e1 sujeto al cumplimiento ante la autoridad competente de lo dispuesto por los Art\u00edculos 53 y 55 de la Ley General de Vida Silvestre.<\/span><span data-ccp-props=\"{&quot;201341983&quot;:0,&quot;335551550&quot;:6,&quot;335551620&quot;:6,&quot;335559739&quot;:160,&quot;335559740&quot;:256}\">\u00a0<\/span><\/li>\n<li data-leveltext=\"\uf0b7\" data-font=\"Symbol\" data-listid=\"1\" aria-setsize=\"-1\" data-aria-posinset=\"4\" data-aria-level=\"1\"><span data-contrast=\"auto\">Se deber\u00e1 presentar el Informe Anual de Actividades en los meses de abril a junio en donde se indiquen las operaciones realizadas (Art\u00edculos 42 de la Ley General de Vida Silvestre y 50 fracci\u00f3n I de su Reglamento), indicando los datos completos del o las personas que adquieran los ejemplares, cantidad de ejemplares adquiridos y n\u00famero de identificaci\u00f3n de los mismos de acuerdo al sistema de marca fijado en el ejemplar o se\u00f1alado en la nota de remisi\u00f3n o factura. Se deber\u00e1 anexar copia de la nota de remisi\u00f3n o factura que en su caso hubiere sido expedida en favor de los adquirentes.<\/span><span data-ccp-props=\"{&quot;201341983&quot;:0,&quot;335551550&quot;:6,&quot;335551620&quot;:6,&quot;335559739&quot;:160,&quot;335559740&quot;:259}\">\u00a0<\/span><\/li>\n<li data-leveltext=\"\uf0b7\" data-font=\"Symbol\" data-listid=\"1\" aria-setsize=\"-1\" data-aria-posinset=\"5\" data-aria-level=\"1\"><span data-contrast=\"auto\">Las autorizaciones de aprovechamiento extractivo subsecuentes, estar\u00e1n sujetas a que en el presente aprovechamiento autorizado se cumplan con las disposiciones legales aplicables y las condicionantes respectivas, as\u00ed como la entrega del informe anual de actividades de la UMA.<\/span><span data-ccp-props=\"{&quot;201341983&quot;:0,&quot;335551550&quot;:6,&quot;335551620&quot;:6,&quot;335559739&quot;:160,&quot;335559740&quot;:259}\">\u00a0<\/span><\/li>\n<li data-leveltext=\"\uf0b7\" data-font=\"Symbol\" data-listid=\"1\" aria-setsize=\"-1\" data-aria-posinset=\"1\" data-aria-level=\"1\"><b><span data-contrast=\"auto\">La inobservancia o contravenci\u00f3n de las disposiciones legales aplicables y de las condicionantes se\u00f1aladas en la presente autorizaci\u00f3n, dar\u00e1 lugar a la revocaci\u00f3n de la misma, sin perjuicio de las sanciones administrativas y\/o penales que correspondan.<\/span><\/b><span data-ccp-props=\"{&quot;201341983&quot;:0,&quot;335551550&quot;:6,&quot;335551620&quot;:6,&quot;335559739&quot;:160,&quot;335559740&quot;:259}\">\u00a0<\/span><\/li>\n<\/ul>\n","protected":false},"excerpt":{"rendered":"<p>La presente autorizaci\u00f3n queda sujeta al cumplimiento de las siguientes condicionantes:\u00a0 La presente autorizaci\u00f3n tiene VIGENCIA de ciento ochenta d\u00edas naturales a partir de la\u2026<\/p>\n","protected":false},"author":1,"featured_media":0,"parent":0,"menu_order":0,"comment_status":"closed","ping_status":"closed","template":"","meta":{"footnotes":""},"class_list":["post-745","page","type-page","status-publish","hentry"],"publishpress_future_action":{"enabled":false,"date":"2026-04-23 17:11:34","action":"change-status","newStatus":"draft","terms":[],"taxonomy":""},"_links":{"self":[{"href":"https:\/\/www.tamaulipas.gob.mx\/cazaypesca\/index.php?rest_route=\/wp\/v2\/pages\/745"}],"collection":[{"href":"https:\/\/www.tamaulipas.gob.mx\/cazaypesca\/index.php?rest_route=\/wp\/v2\/pages"}],"about":[{"href":"https:\/\/www.tamaulipas.gob.mx\/cazaypesca\/index.php?rest_route=\/wp\/v2\/types\/page"}],"author":[{"embeddable":true,"href":"https:\/\/www.tamaulipas.gob.mx\/cazaypesca\/index.php?rest_route=\/wp\/v2\/users\/1"}],"replies":[{"embeddable":true,"href":"https:\/\/www.tamaulipas.gob.mx\/cazaypesca\/index.php?rest_route=%2Fwp%2Fv2%2Fcomments&post=745"}],"version-history":[{"count":1,"href":"https:\/\/www.tamaulipas.gob.mx\/cazaypesca\/index.php?rest_route=\/wp\/v2\/pages\/745\/revisions"}],"predecessor-version":[{"id":746,"href":"https:\/\/www.tamaulipas.gob.mx\/cazaypesca\/index.php?rest_route=\/wp\/v2\/pages\/745\/revisions\/746"}],"wp:attachment":[{"href":"https:\/\/www.tamaulipas.gob.mx\/cazaypesca\/index.php?rest_route=%2Fwp%2Fv2%2Fmedia&parent=745"}],"curies":[{"name":"wp","href":"https:\/\/api.w.org\/{rel}","templated":true}]}}