{"id":697,"date":"2020-05-28T18:16:01","date_gmt":"2020-05-28T23:16:01","guid":{"rendered":"https:\/\/www.tamaulipas.gob.mx\/cazaypesca\/?page_id=697"},"modified":"2024-09-03T16:15:08","modified_gmt":"2024-09-03T22:15:08","slug":"codigo-de-conducta-y-prevencion-de-conflictos-de-interes","status":"publish","type":"page","link":"https:\/\/www.tamaulipas.gob.mx\/cazaypesca\/?page_id=697","title":{"rendered":"\u00c9tica y Conducta"},"content":{"rendered":"<p><strong>C\u00f3digos<\/strong><\/p>\n<ul>\n<li><a href=\"https:\/\/www.tamaulipas.gob.mx\/cazaypesca\/wp-content\/uploads\/sites\/33\/2024\/09\/codigo-de-conducta-y-prevencion-de-conflictos-de-interes-de-la-comision-de-caza-y-pesca-deportiva-1.pdf\">C\u00f3digo de Conducta y Prevenci\u00f3n de Conflictos de Inter\u00e9s de la Comisi\u00f3n de Caza y Pesca Deportiva de Tamaulipas<\/a><\/li>\n<li><a href=\"https:\/\/www.tamaulipas.gob.mx\/cazaypesca\/wp-content\/uploads\/sites\/33\/2024\/09\/codigo-de-etica-del-poder-ejecutivo-del-estado-de-tamaulipas.pdf\">C\u00f3digo de \u00c9tica del Poder Ejecutivo del Estado de Tamaulipas<\/a><\/li>\n<\/ul>\n<p>&nbsp;<\/p>\n<ul>\n<li><a href=\"https:\/\/www.tamaulipas.gob.mx\/cazaypesca\/wp-content\/uploads\/sites\/33\/2024\/09\/3.-reglas-de-integridad-para-el-ejercicio-de-la-funcion-publica.pdf\"><strong>Reglas de Integridad para el ejercicio de la funci\u00f3n P\u00fablica<\/strong><\/a><\/li>\n<\/ul>\n<p>&nbsp;<\/p>\n<p>&nbsp;<\/p>\n","protected":false},"excerpt":{"rendered":"<p>C\u00f3digos C\u00f3digo de Conducta y Prevenci\u00f3n de Conflictos de Inter\u00e9s de la Comisi\u00f3n de Caza y Pesca Deportiva de Tamaulipas C\u00f3digo de \u00c9tica del Poder\u2026<\/p>\n","protected":false},"author":1,"featured_media":0,"parent":0,"menu_order":0,"comment_status":"closed","ping_status":"closed","template":"single-sin-sidebar.php","meta":{"footnotes":""},"class_list":["post-697","page","type-page","status-publish","hentry"],"publishpress_future_action":{"enabled":false,"date":"2026-04-23 16:59:33","action":"change-status","newStatus":"draft","terms":[],"taxonomy":""},"_links":{"self":[{"href":"https:\/\/www.tamaulipas.gob.mx\/cazaypesca\/index.php?rest_route=\/wp\/v2\/pages\/697"}],"collection":[{"href":"https:\/\/www.tamaulipas.gob.mx\/cazaypesca\/index.php?rest_route=\/wp\/v2\/pages"}],"about":[{"href":"https:\/\/www.tamaulipas.gob.mx\/cazaypesca\/index.php?rest_route=\/wp\/v2\/types\/page"}],"author":[{"embeddable":true,"href":"https:\/\/www.tamaulipas.gob.mx\/cazaypesca\/index.php?rest_route=\/wp\/v2\/users\/1"}],"replies":[{"embeddable":true,"href":"https:\/\/www.tamaulipas.gob.mx\/cazaypesca\/index.php?rest_route=%2Fwp%2Fv2%2Fcomments&post=697"}],"version-history":[{"count":8,"href":"https:\/\/www.tamaulipas.gob.mx\/cazaypesca\/index.php?rest_route=\/wp\/v2\/pages\/697\/revisions"}],"predecessor-version":[{"id":1160,"href":"https:\/\/www.tamaulipas.gob.mx\/cazaypesca\/index.php?rest_route=\/wp\/v2\/pages\/697\/revisions\/1160"}],"wp:attachment":[{"href":"https:\/\/www.tamaulipas.gob.mx\/cazaypesca\/index.php?rest_route=%2Fwp%2Fv2%2Fmedia&parent=697"}],"curies":[{"name":"wp","href":"https:\/\/api.w.org\/{rel}","templated":true}]}}