{"id":54,"date":"2018-01-12T10:50:49","date_gmt":"2018-01-12T16:50:49","guid":{"rendered":"http:\/\/www.tamaulipas.gob.mx\/cazaypesca\/?page_id=54"},"modified":"2018-01-18T13:30:09","modified_gmt":"2018-01-18T19:30:09","slug":"marco-normativo","status":"publish","type":"page","link":"https:\/\/www.tamaulipas.gob.mx\/cazaypesca\/?page_id=54","title":{"rendered":"Marco Normativo"},"content":{"rendered":"<p><strong>Reglamento<\/strong><\/p>\n<ul>\n<li><a href=\"http:\/\/www.tamaulipas.gob.mx\/cazaypesca\/wp-content\/uploads\/sites\/33\/2018\/01\/reglamento-de-la-ley-general-de-vida-silvestre.pdf\" target=\"_blank\" rel=\"noopener\">Reglamento de la Ley General de Vida Silvestre<\/a><\/li>\n<\/ul>\n<p>&nbsp;<\/p>\n<p><strong>Leyes Federales<\/strong><\/p>\n<ul>\n<li><a href=\"http:\/\/www.tamaulipas.gob.mx\/cazaypesca\/wp-content\/uploads\/sites\/33\/2018\/01\/ley-general-del-equilibrio-ecologico-y-la-proteccion-al-ambiente.pdf\" target=\"_blank\" rel=\"noopener\">Ley General del Equilibrio Ecol\u00f3gico y la Protecci\u00f3n al Ambiente<\/a><\/li>\n<li><a href=\"http:\/\/www.tamaulipas.gob.mx\/cazaypesca\/wp-content\/uploads\/sites\/33\/2018\/01\/ley-general-de-pesca-y-acuacultura-sustentables.pdf\" target=\"_blank\" rel=\"noopener\">Ley General de Pesca y Acuacultura Sustentable<\/a><\/li>\n<li><a href=\"http:\/\/www.tamaulipas.gob.mx\/cazaypesca\/wp-content\/uploads\/sites\/33\/2018\/01\/ley-general-de-la-vida-silvestre.pdf\" target=\"_blank\" rel=\"noopener\">Ley General de la Vida Silvestre<\/a><\/li>\n<li><a href=\"http:\/\/www.tamaulipas.gob.mx\/cazaypesca\/wp-content\/uploads\/sites\/33\/2018\/01\/ley-general-de-desarrollo-forestal-sustentable.pdf\" target=\"_blank\" rel=\"noopener\">Ley General de Desarrollo Forestal Sustentable<\/a><\/li>\n<li><a href=\"http:\/\/www.tamaulipas.gob.mx\/cazaypesca\/wp-content\/uploads\/sites\/33\/2018\/01\/ley-federal-de-derechos-1.pdf\" target=\"_blank\" rel=\"noopener\">Ley Federal de Derechos<\/a><\/li>\n<\/ul>\n<p>&nbsp;<\/p>\n<p><strong>Leyes Estatales<\/strong><\/p>\n<ul>\n<li><a href=\"http:\/\/www.tamaulipas.gob.mx\/cazaypesca\/wp-content\/uploads\/sites\/33\/2018\/01\/ley-organica-de-la-administracion-publica-del-estado-de-tamaulipas.pdf\" target=\"_blank\" rel=\"noopener\">Ley Org\u00e1nica de la Administraci\u00f3n P\u00fablica del Estado de Tamaulipas<\/a><\/li>\n<li><a href=\"http:\/\/www.tamaulipas.gob.mx\/cazaypesca\/wp-content\/uploads\/sites\/33\/2018\/01\/ley-de-pesca-y-acuacultura-sustentables-del-estado-de-tamaulipas.pdf\" target=\"_blank\" rel=\"noopener\">Ley de Pesca y Acuacultura Sustentables del Estado de Tamaulipas<\/a><\/li>\n<li><a href=\"http:\/\/www.tamaulipas.gob.mx\/cazaypesca\/wp-content\/uploads\/sites\/33\/2018\/01\/ley-de-entidades-paraestatales-del-estado-de-tamaulipas.pdf\" target=\"_blank\" rel=\"noopener\">Ley de Entidades Paraestatales del Estado de Tamaulipas<\/a><\/li>\n<li><a href=\"http:\/\/www.tamaulipas.gob.mx\/cazaypesca\/wp-content\/uploads\/sites\/33\/2018\/01\/ley-de-adquisiones-para-la-administracion-publica-del-estado-de-tamaulipas-y-sus-municipios.pdf\" target=\"_blank\" rel=\"noopener\">Ley de Adquisiciones para la Administraci\u00f3n P\u00fablica del Estado de Tamaulipas y sus Municipios<\/a><\/li>\n<\/ul>\n<p>&nbsp;<\/p>\n<p><strong>Decretos, Acuerdos y Convenios<\/strong><\/p>\n<ul>\n<li><a href=\"http:\/\/www.tamaulipas.gob.mx\/cazaypesca\/wp-content\/uploads\/sites\/33\/2018\/01\/fe-de-erratas-al-decreto-por-el-que-se-crea-la-comision-de-caza-y-pesca-deportiva-de-tamaulipas.pdf\" target=\"_blank\" rel=\"noopener\">Fe de Erratas al Decreto por el que se crea al Comisi\u00f3n de Caza y Pesca Deportiva de Tamaulipas<\/a><\/li>\n<li><a href=\"http:\/\/www.tamaulipas.gob.mx\/cazaypesca\/wp-content\/uploads\/sites\/33\/2018\/01\/decreto-por-el-que-se-crea-la-comision-de-caza-y-pesca-deportiva-de-tamaulipas.pdf\" target=\"_blank\" rel=\"noopener\">Decreto por le que se crea la Comisi\u00f3n de Caza y Pesca Deportiva de Tamaulipas<\/a><\/li>\n<li><a href=\"http:\/\/www.tamaulipas.gob.mx\/cazaypesca\/wp-content\/uploads\/sites\/33\/2018\/01\/convenio-especifico-de-asuncion-de-funciones-en-materia-de-vida-silvestre.pdf\" target=\"_blank\" rel=\"noopener\">Convenio Espec\u00edfico de Asunci\u00f3n de Funciones en materia de vida silvestre<\/a><\/li>\n<\/ul>\n<p>&nbsp;<\/p>\n<p><strong>Constituciones<\/strong><\/p>\n<ul>\n<li><a href=\"http:\/\/www.tamaulipas.gob.mx\/cazaypesca\/wp-content\/uploads\/sites\/33\/2018\/01\/constitucion-politica-del-estado-de-tamaulipas.pdf\" target=\"_blank\" rel=\"noopener\">Constituci\u00f3n Pol\u00edtica del Estado de Tamaulipas<\/a><\/li>\n<li><a href=\"http:\/\/www.tamaulipas.gob.mx\/cazaypesca\/wp-content\/uploads\/sites\/33\/2018\/01\/constitucion-politica-de-los-estados-unidos-mexicanos.pdf\" target=\"_blank\" rel=\"noopener\">Constituci\u00f3n Pol\u00edtica de los Estados Unidos Mexicanos<\/a><\/li>\n<\/ul>\n<p>&nbsp;<\/p>\n<p><strong>C\u00f3digos<\/strong><\/p>\n<ul>\n<li><a href=\"http:\/\/www.tamaulipas.gob.mx\/cazaypesca\/wp-content\/uploads\/sites\/33\/2018\/01\/codigo-para-el-desarrollo-sustentable-del-estado-de-tamaulipasene.pdf\" target=\"_blank\" rel=\"noopener\">C\u00f3digo para el Desarrollo Sustentable del Estado de Tamaulipas<\/a><\/li>\n<\/ul>\n","protected":false},"excerpt":{"rendered":"<p>Reglamento Reglamento de la Ley General de Vida Silvestre &nbsp; Leyes Federales Ley General del Equilibrio Ecol\u00f3gico y la Protecci\u00f3n al Ambiente Ley General de\u2026<\/p>\n","protected":false},"author":7,"featured_media":0,"parent":0,"menu_order":0,"comment_status":"closed","ping_status":"closed","template":"","meta":{"footnotes":""},"class_list":["post-54","page","type-page","status-publish","hentry"],"publishpress_future_action":{"enabled":false,"date":"2026-04-23 17:10:25","action":"change-status","newStatus":"draft","terms":[],"taxonomy":""},"_links":{"self":[{"href":"https:\/\/www.tamaulipas.gob.mx\/cazaypesca\/index.php?rest_route=\/wp\/v2\/pages\/54"}],"collection":[{"href":"https:\/\/www.tamaulipas.gob.mx\/cazaypesca\/index.php?rest_route=\/wp\/v2\/pages"}],"about":[{"href":"https:\/\/www.tamaulipas.gob.mx\/cazaypesca\/index.php?rest_route=\/wp\/v2\/types\/page"}],"author":[{"embeddable":true,"href":"https:\/\/www.tamaulipas.gob.mx\/cazaypesca\/index.php?rest_route=\/wp\/v2\/users\/7"}],"replies":[{"embeddable":true,"href":"https:\/\/www.tamaulipas.gob.mx\/cazaypesca\/index.php?rest_route=%2Fwp%2Fv2%2Fcomments&post=54"}],"version-history":[{"count":4,"href":"https:\/\/www.tamaulipas.gob.mx\/cazaypesca\/index.php?rest_route=\/wp\/v2\/pages\/54\/revisions"}],"predecessor-version":[{"id":122,"href":"https:\/\/www.tamaulipas.gob.mx\/cazaypesca\/index.php?rest_route=\/wp\/v2\/pages\/54\/revisions\/122"}],"wp:attachment":[{"href":"https:\/\/www.tamaulipas.gob.mx\/cazaypesca\/index.php?rest_route=%2Fwp%2Fv2%2Fmedia&parent=54"}],"curies":[{"name":"wp","href":"https:\/\/api.w.org\/{rel}","templated":true}]}}