{"id":5,"date":"2018-01-11T19:16:36","date_gmt":"2018-01-11T19:16:36","guid":{"rendered":"http:\/\/www.tamaulipas.gob.mx\/cazaypesca\/?page_id=5"},"modified":"2020-05-28T18:00:13","modified_gmt":"2020-05-28T23:00:13","slug":"conocenos","status":"publish","type":"page","link":"https:\/\/www.tamaulipas.gob.mx\/cazaypesca\/?page_id=5","title":{"rendered":"Con\u00f3cenos"},"content":{"rendered":"<p><span style=\"font-weight: 400;\">La Comisi\u00f3n de Caza y Pesca Deportiva de Tamaulipas, es un organismo p\u00fablico descentralizado del Gobierno del Estado, que tiene como principales atribuciones la de formular y conducir la pol\u00edtica p\u00fablica estatal en materia de aprovechamiento sostenible de la vida silvestre y pesca deportiva, promover el establecimiento de las condiciones adecuadas para el desarrollo de mercados basados en criterios de sustentabilidad y estimular el logro de objetivos de conservaci\u00f3n y aprovechamiento en el \u00e1mbito de su jurisdicci\u00f3n territorial.<\/span><\/p>\n<p><strong>Misi\u00f3n<\/strong><\/p>\n<p>La misi\u00f3n de la Comisi\u00f3n de Caza y Pesca Deportiva de Tamaulipas es establecer y garantizar condiciones que permitan a visitantes nacionales y extranjeros llevar a cabo la pr\u00e1ctica de la cacer\u00eda y la pesca deportiva, a trav\u00e9s de un aprovechamiento sustentable de las riquezas naturales que ofrece el territorio de Tamaulipas, as\u00ed como procurar un trato de calidad a nuestros usuarios y resolver los\u00a0 tr\u00e1mites con eficiencia, profesionalismo y legalidad que aseguren la preservaci\u00f3n y conservaci\u00f3n del entorno ambiental para la presente y futuras generaciones.<\/p>\n<p>&nbsp;<\/p>\n<p><strong>Visi\u00f3n<\/strong><\/p>\n<p><strong>\u00a0<\/strong>Ser un organismo profesional y t\u00e9cnico, con un alto esp\u00edritu de servicio a la ciudadan\u00eda en la resoluci\u00f3n eficiente y expedita de los distintos tr\u00e1mites, bajo esquemas de desarrollo sustentable en la vida silvestre y la pesca deportiva para beneficio de la sociedad, dentro de un ambiente de profesionalismo y eficiencia en el trato con los usuarios y con valores definidos de respeto y conciencia al entorno ambiental, que resultan en la preservaci\u00f3n y conservaci\u00f3n de los recursos naturales de Tamaulipas, y permiten una importante \u00a0derrama econ\u00f3mica para los habitantes en donde se desarrolla la pr\u00e1ctica de la caza y la pesca deportiva.<\/p>\n<p>&nbsp;<\/p>\n<p><b>Objetivos<\/b><\/p>\n<ul>\n<li style=\"font-weight: 400;\"><span style=\"font-weight: 400;\">Establecer condiciones que garanticen el manejo y aprovechamiento sustentable en materia de vida silvestre y pesca deportiva, regulando su aprovechamiento adecuado y sostenible, evitando con ello la sobreexplotaci\u00f3n.<\/span><\/li>\n<li style=\"font-weight: 400;\"><span style=\"font-weight: 400;\">Promover e incentivar la pr\u00e1ctica de la caza y pesca deportiva en Tamaulipas entre cazadores y pescadores deportivos nacionales y extranjeros, que permita derrama econ\u00f3mica para nuestro Estado, a trav\u00e9s de la promoci\u00f3n de los distintos campos cineg\u00e9ticos y de pesca deportiva con que cuenta Tamaulipas, as\u00ed como con la organizaci\u00f3n de eventos y torneos relativos a estos temas.<\/span><\/li>\n<\/ul>\n","protected":false},"excerpt":{"rendered":"<p>La Comisi\u00f3n de Caza y Pesca Deportiva de Tamaulipas, es un organismo p\u00fablico descentralizado del Gobierno del Estado, que tiene como principales atribuciones la de\u2026<\/p>\n","protected":false},"author":7,"featured_media":0,"parent":0,"menu_order":0,"comment_status":"closed","ping_status":"closed","template":"","meta":{"footnotes":""},"class_list":["post-5","page","type-page","status-publish","hentry"],"publishpress_future_action":{"enabled":false,"date":"2026-04-23 17:08:58","action":"change-status","newStatus":"draft","terms":[],"taxonomy":""},"_links":{"self":[{"href":"https:\/\/www.tamaulipas.gob.mx\/cazaypesca\/index.php?rest_route=\/wp\/v2\/pages\/5"}],"collection":[{"href":"https:\/\/www.tamaulipas.gob.mx\/cazaypesca\/index.php?rest_route=\/wp\/v2\/pages"}],"about":[{"href":"https:\/\/www.tamaulipas.gob.mx\/cazaypesca\/index.php?rest_route=\/wp\/v2\/types\/page"}],"author":[{"embeddable":true,"href":"https:\/\/www.tamaulipas.gob.mx\/cazaypesca\/index.php?rest_route=\/wp\/v2\/users\/7"}],"replies":[{"embeddable":true,"href":"https:\/\/www.tamaulipas.gob.mx\/cazaypesca\/index.php?rest_route=%2Fwp%2Fv2%2Fcomments&post=5"}],"version-history":[{"count":11,"href":"https:\/\/www.tamaulipas.gob.mx\/cazaypesca\/index.php?rest_route=\/wp\/v2\/pages\/5\/revisions"}],"predecessor-version":[{"id":692,"href":"https:\/\/www.tamaulipas.gob.mx\/cazaypesca\/index.php?rest_route=\/wp\/v2\/pages\/5\/revisions\/692"}],"wp:attachment":[{"href":"https:\/\/www.tamaulipas.gob.mx\/cazaypesca\/index.php?rest_route=%2Fwp%2Fv2%2Fmedia&parent=5"}],"curies":[{"name":"wp","href":"https:\/\/api.w.org\/{rel}","templated":true}]}}