{"id":1316,"date":"2025-05-19T13:13:41","date_gmt":"2025-05-19T19:13:41","guid":{"rendered":"https:\/\/www.tamaulipas.gob.mx\/cazaypesca\/?page_id=1316"},"modified":"2025-05-19T13:13:41","modified_gmt":"2025-05-19T19:13:41","slug":"evaluaciones","status":"publish","type":"page","link":"https:\/\/www.tamaulipas.gob.mx\/cazaypesca\/?page_id=1316","title":{"rendered":"Evaluaciones"},"content":{"rendered":"<p><strong>P190.- Conducci\u00f3n de la Pol\u00edtica de la Comisi\u00f3n de Caza y Pesca Deportiva de Tamaulipas<\/strong><\/p>\n<div class=\"table-responsive\"><table class=\" aligncenter table table table-gobtam\" style=\"height: 270px; width: 94.3311%; border-collapse: collapse;\"><thead><tr style=\"height: 24px;\"><td style=\"width: 48.5514%; height: 24px;\">Informe Final<\/td>\n<td style=\"width: 19.5804%; height: 24px;\"><a href=\"https:\/\/www.tamaulipas.gob.mx\/cazaypesca\/wp-content\/uploads\/sites\/33\/2025\/05\/ed-pp-p190-2024.pdf\" class=\"btn btn-primary btn-sm\"> Ver m&#xE1;s <\/a><\/td>\n<\/tr><tr style=\"height: 48px;\"><td style=\"width: 48.5514%; height: 48px;\">Documento de Posici&#xF3;n Institucional<\/td>\n<td style=\"width: 19.5804%; height: 48px;\"><a href=\"https:\/\/www.tamaulipas.gob.mx\/cazaypesca\/wp-content\/uploads\/sites\/33\/2025\/05\/anexo-a.pdf\" class=\"btn btn-primary btn-sm\"> Ver m&#xE1;s <\/a><\/td>\n<\/tr><tr style=\"height: 48px;\"><td style=\"width: 48.5514%; height: 48px;\">Selecci&#xF3;n y Clasificaci&#xF3;n de los Aspectos Susceptibles de Mejora<\/td>\n<td style=\"width: 19.5804%; height: 48px;\"><a href=\"https:\/\/www.tamaulipas.gob.mx\/cazaypesca\/wp-content\/uploads\/sites\/33\/2025\/05\/anexo-a1.pdf\" class=\"btn btn-primary btn-sm\"> Ver m&#xE1;s <\/a><\/td>\n<\/tr><tr style=\"height: 48px;\"><td style=\"width: 48.5514%; height: 48px;\">Documento de Trabajo<\/td>\n<td style=\"width: 19.5804%; height: 48px;\"><a href=\"https:\/\/www.tamaulipas.gob.mx\/cazaypesca\/wp-content\/uploads\/sites\/33\/2025\/05\/anexo-b.pdf\" class=\"btn btn-primary btn-sm\"> Ver m&#xE1;s <\/a><\/td>\n<\/tr><\/thead><\/table><\/div>\n","protected":false},"excerpt":{"rendered":"<p>P190.- Conducci\u00f3n de la Pol\u00edtica de la Comisi\u00f3n de Caza y Pesca Deportiva de Tamaulipas<\/p>\n","protected":false},"author":366,"featured_media":0,"parent":0,"menu_order":0,"comment_status":"closed","ping_status":"closed","template":"","meta":{"footnotes":""},"class_list":["post-1316","page","type-page","status-publish","hentry"],"publishpress_future_action":{"enabled":false,"date":"2026-04-23 17:12:19","action":"change-status","newStatus":"draft","terms":[],"taxonomy":""},"_links":{"self":[{"href":"https:\/\/www.tamaulipas.gob.mx\/cazaypesca\/index.php?rest_route=\/wp\/v2\/pages\/1316"}],"collection":[{"href":"https:\/\/www.tamaulipas.gob.mx\/cazaypesca\/index.php?rest_route=\/wp\/v2\/pages"}],"about":[{"href":"https:\/\/www.tamaulipas.gob.mx\/cazaypesca\/index.php?rest_route=\/wp\/v2\/types\/page"}],"author":[{"embeddable":true,"href":"https:\/\/www.tamaulipas.gob.mx\/cazaypesca\/index.php?rest_route=\/wp\/v2\/users\/366"}],"replies":[{"embeddable":true,"href":"https:\/\/www.tamaulipas.gob.mx\/cazaypesca\/index.php?rest_route=%2Fwp%2Fv2%2Fcomments&post=1316"}],"version-history":[{"count":17,"href":"https:\/\/www.tamaulipas.gob.mx\/cazaypesca\/index.php?rest_route=\/wp\/v2\/pages\/1316\/revisions"}],"predecessor-version":[{"id":1341,"href":"https:\/\/www.tamaulipas.gob.mx\/cazaypesca\/index.php?rest_route=\/wp\/v2\/pages\/1316\/revisions\/1341"}],"wp:attachment":[{"href":"https:\/\/www.tamaulipas.gob.mx\/cazaypesca\/index.php?rest_route=%2Fwp%2Fv2%2Fmedia&parent=1316"}],"curies":[{"name":"wp","href":"https:\/\/api.w.org\/{rel}","templated":true}]}}