{"id":107,"date":"2018-01-17T12:54:19","date_gmt":"2018-01-17T18:54:19","guid":{"rendered":"http:\/\/www.tamaulipas.gob.mx\/cazaypesca\/?page_id=107"},"modified":"2025-12-04T10:07:27","modified_gmt":"2025-12-04T16:07:27","slug":"caceria","status":"publish","type":"page","link":"https:\/\/www.tamaulipas.gob.mx\/cazaypesca\/?page_id=107","title":{"rendered":"Cacer\u00eda en Tamaulipas"},"content":{"rendered":"<p>Tamaulipas se consolida como <strong>l\u00edder nacional en turismo cineg\u00e9tico<\/strong>, gracias a su ubicaci\u00f3n geogr\u00e1fica estrat\u00e9gica, la gran diversidad de especies de inter\u00e9s deportivo presentes en su territorio y la amplia oferta de ranchos especializados. Estos elementos hacen del estado la mejor opci\u00f3n para cazadores nacionales y extranjeros que buscan trofeos excepcionales tanto en pelo como en pluma.<\/p>\n<p>La diversidad faun\u00edstica de Tamaulipas incluye una amplia variedad de aves. Destaca la <strong>paloma de alas blancas <\/strong>(<em>Zenaida asiatica<\/em>), cuya colonia m\u00e1s grande de Am\u00e9rica \u2014con alrededor de 15 millones de ejemplares\u2014 se reproduce en el municipio de Abasolo y en la regi\u00f3n centro del estado. Otras especies relevantes son la <strong>codorniz com\u00fan y la codorniz escamosa<\/strong>, la <strong>paloma huilota<\/strong> y la <strong>paloma de collar<\/strong>.<\/p>\n<p>En cuanto a aves acu\u00e1ticas, el estado recibe cada invierno m\u00e1s de <strong>5 millones de patos y cercetas<\/strong>, pertenecientes a 13 especies distintas, as\u00ed como <strong>gansos de gran tama\u00f1o<\/strong>, representados por tres subespecies que arriban cada temporada invernal.<\/p>\n<p>Entre las especies de mayor demanda en pelo destaca el <strong>Venado Cola Blanca<\/strong>. En Tamaulipas habitan tres subespecies: la <strong><em>texana<\/em><\/strong>, capaz de registrar m\u00e1s de 200\u201d en el sistema Boone &amp; Crockett; la <strong><em>miquihu\u00e1nensis<\/em><\/strong>; y la <strong><em>veraecrusis<\/em><\/strong><em>.<\/em> La cuna del venado texano se localiza en el norte del estado, en los municipios de la franja Fronteriza desde Nuevo Laredo hasta Matamoros, que re\u00fanen m\u00e1s de 150 ranchos dedicados a la cacer\u00eda.<\/p>\n<p>Otra especie relevante es el <strong>jabal\u00ed de collar<\/strong>, cuya poblaci\u00f3n ha crecido de manera significativa, lo que ha permitido mantener la <strong>temporada cineg\u00e9tica m\u00e1s larga del estado, con una duraci\u00f3n de cinco meses al a\u00f1o<\/strong>.<\/p>\n<p>En materia de manejo y conservaci\u00f3n de la vida silvestre, Tamaulipas ha mostrado un avance notable. En 2022 se contaba con <strong>470 Unidades de Manejo para la Conservaci\u00f3n de la Vida Silvestre (UMA)<\/strong> con actividad cinegetica que representaban <strong>501,402.79 hect\u00e1reas<\/strong>. Gracias al impulso de la administraci\u00f3n del <strong>Dr. Am\u00e9rico Villarreal Anaya<\/strong>, esta cifra ha aumentado a <strong>562 UMA activas o con actividad cineg\u00e9tica<\/strong>, abarcando <strong>615,750.10 hect\u00e1reas<\/strong>.<\/p>\n<p>Este incremento refleja el compromiso con la conservaci\u00f3n, el aprovechamiento sostenible y el fortalecimiento del turismo cineg\u00e9tico en el Estado.<\/p>\n<p><a href=\"https:\/\/www.tamaulipas.gob.mx\/cazaypesca\/?attachment_id=1398\" rel=\"attachment wp-att-1398\"><img loading=\"lazy\" decoding=\"async\" class=\"alignnone size-full wp-image-1398\" src=\"https:\/\/www.tamaulipas.gob.mx\/cazaypesca\/wp-content\/uploads\/sites\/33\/2025\/12\/whatsapp-image-2025-12-04-at-09.33.23.jpeg\" alt=\"\" width=\"1200\" height=\"1007\" \/><\/a><\/p>\n","protected":false},"excerpt":{"rendered":"<p>Tamaulipas se consolida como l\u00edder nacional en turismo cineg\u00e9tico, gracias a su ubicaci\u00f3n geogr\u00e1fica estrat\u00e9gica, la gran diversidad de especies de inter\u00e9s deportivo presentes en\u2026<\/p>\n","protected":false},"author":7,"featured_media":0,"parent":0,"menu_order":0,"comment_status":"closed","ping_status":"closed","template":"","meta":{"footnotes":""},"class_list":["post-107","page","type-page","status-publish","hentry"],"publishpress_future_action":{"enabled":false,"date":"2026-04-28 13:04:39","action":"change-status","newStatus":"draft","terms":[],"taxonomy":""},"_links":{"self":[{"href":"https:\/\/www.tamaulipas.gob.mx\/cazaypesca\/index.php?rest_route=\/wp\/v2\/pages\/107"}],"collection":[{"href":"https:\/\/www.tamaulipas.gob.mx\/cazaypesca\/index.php?rest_route=\/wp\/v2\/pages"}],"about":[{"href":"https:\/\/www.tamaulipas.gob.mx\/cazaypesca\/index.php?rest_route=\/wp\/v2\/types\/page"}],"author":[{"embeddable":true,"href":"https:\/\/www.tamaulipas.gob.mx\/cazaypesca\/index.php?rest_route=\/wp\/v2\/users\/7"}],"replies":[{"embeddable":true,"href":"https:\/\/www.tamaulipas.gob.mx\/cazaypesca\/index.php?rest_route=%2Fwp%2Fv2%2Fcomments&post=107"}],"version-history":[{"count":16,"href":"https:\/\/www.tamaulipas.gob.mx\/cazaypesca\/index.php?rest_route=\/wp\/v2\/pages\/107\/revisions"}],"predecessor-version":[{"id":1402,"href":"https:\/\/www.tamaulipas.gob.mx\/cazaypesca\/index.php?rest_route=\/wp\/v2\/pages\/107\/revisions\/1402"}],"wp:attachment":[{"href":"https:\/\/www.tamaulipas.gob.mx\/cazaypesca\/index.php?rest_route=%2Fwp%2Fv2%2Fmedia&parent=107"}],"curies":[{"name":"wp","href":"https:\/\/api.w.org\/{rel}","templated":true}]}}