{"id":102,"date":"2018-01-17T12:47:52","date_gmt":"2018-01-17T18:47:52","guid":{"rendered":"http:\/\/www.tamaulipas.gob.mx\/cazaypesca\/?page_id=102"},"modified":"2020-05-28T18:05:40","modified_gmt":"2020-05-28T23:05:40","slug":"pesca-deportiva","status":"publish","type":"page","link":"https:\/\/www.tamaulipas.gob.mx\/cazaypesca\/?page_id=102","title":{"rendered":"Pesca Deportiva"},"content":{"rendered":"<p>Tamaulipas cuenta con una abundante riqueza natural en sus 432 kil\u00f3metros de costa, presas, r\u00edos y lagunas de agua dulce, que privilegian la pr\u00e1ctica de la pesca deportiva.<\/p>\n<p>El estado cuenta con distintos destinos para pescar que se distinguen por sus aguas cristalinas como son las presas Vicente Guerrero, Internacional Falc\u00f3n, Marte R. G\u00f3mez, Emilio Portes Gil, Rep\u00fablica Espa\u00f1ola, Las Blancas, Lavaderos, Pedro J. M\u00e9ndez y Ramiro Caballero. En ellas abundan especies como carpas, bagres y lobinas de gran tama\u00f1o que le han dado a Tamaulipas, el primer lugar en pesca deportiva de aguas interiores.<\/p>\n<p>En estos estadios de pesca, se desarrollan diferentes eventos con magn\u00edficas bolsas de premiaci\u00f3n que son un atractivo para sus visitantes adem\u00e1s de que las piezas a cobrar, est\u00e1n por arriba de las marcas que ofrecen otros lugares alcanz\u00e1ndose r\u00e9cords nacionales y mundiales.<\/p>\n<p>La pesca deportiva en agua salada es muy popular realiz\u00e1ndose en playas, desembocaduras de r\u00edos, la Laguna Madre y en altamar. Los sitios donde m\u00e1s se practica dentro del estado son Playa Bagdad y El Mezquital en Matamoros, La Pesca, Barra de Ostiones y Tepehuajes en Soto la Marina, Barra del Tordo en Aldama y la desembocadura del R\u00edo P\u00e1nuco en la Zona Metropolitana del sur del estado buscando atrapar piezas como curvina, jurel, peto, barrilete y los inmensos s\u00e1balos y marl\u00edn azul.<\/p>\n<p>Dentro de los torneos de pesca en agua salada m\u00e1s destacados est\u00e1n el Torneo de Pesca del Marl\u00edn que realiza el Club de Yates de Tampico y el Torneo Internacional de Pesca del S\u00e1balo que desde hace m\u00e1s de 70 a\u00f1os lleva a cabo el Club de Regatas Corona.<\/p>\n<p><strong>Presas, Sistema Lagunario y un Gran Litoral en Tamaulipas<\/strong><br \/>\nTamaulipas cuenta con importantes cuerpos de agua y litoral con capacidad suficiente para realizar una o varias competencias en las diferentes ramas de pesca deportiva tanto en agua dulce como en agua salada. Entre las presas m\u00e1s relevantes podemos mencionar a la Vicente Guerrero, Ramiro Caballero, Emilio Portes Gil, Lavaderos, Rep\u00fablica Espa\u00f1ola, Pedro J. M\u00e9ndez, Marte R. G\u00f3mez, Las Blancas y la Presa Internacional Falc\u00f3n.<\/p>\n<p>La Presa Vicente Guerrero considerada una de las m\u00e1s importantes del mundo para la pesca deportiva, est\u00e1 situada en los municipios de Padilla y Villa de Casas siendo un para\u00edso para los pescadores que han logrado capturar lobinas de m\u00e1s de 14 libras de peso. Durante el a\u00f1o se organizan importantes torneos de pesca como podemos mencionar en el a\u00f1o 2014 se llevo acabo el Decimo Campeonato Mundial de pesca deportiva de lobina donde compitieron 8 pa\u00edses de distintas partes del mundo.<\/p>\n<p>La Presa Internacional Falc\u00f3n ubicada dentro de los municipios de Guerrero en Tamaulipas y los condados de Zapata y Starr en Texas, muy cerca de Nuevo Laredo Tamaulipas y Laredo, Texas, es una excelente opci\u00f3n para la pesca deportiva encontr\u00e1ndose en ella especies como lobina, catan, bagre, tilapia y mojarra.<\/p>\n<p>Presa Marte R. G\u00f3mez\u00a0 conocida tambi\u00e9n como \u201cSugar Lake\u201d, es otra de las presas importantes del Estado de Tamaulipas\u00a0 destaca por sus grandes capturas que han registrados en los diferentes torneos de lobina donde asisten una gran cantidad de pescadores extranjeros. Aparte de la lobina tambi\u00e9n cuenta con varias especies como mojarra, carpa, bagre, cat\u00e1n.<\/p>\n<p>En el municipio de Xicot\u00e9ncatl se encuentra la Presa Emilio Portes Gil, excelente opci\u00f3n para la pesca deportiva de lobina contando en sus m\u00e1rgenes con campos de pesca que proporcionar\u00e1n todo lo necesario para su estad\u00eda sinti\u00e9ndose como casa.<\/p>\n<p>Ubicada en el municipio de Aldama, la Presa Rep\u00fablica Espa\u00f1ola o Presa El Sombrerito, es un hermoso lugar con abundante vegetaci\u00f3n acu\u00e1tica en donde se puede lograr pescar ejemplares de lobina de muy buen tama\u00f1o. Sede de importantes torneos de pesca de lobina.<\/p>\n<p>En la Presa Las Blancas ubicada dentro del municipio de Mier se llevan a cabo,importantes torneos de pesca deportiva en los cuales los pescadores tienen la oportunidad de encontrar diferentes especies como es la lobina.<\/p>\n<p>En el municipio de Gonz\u00e1lez se localiza la Presa Ramiro Caballero, apta para la pesca de lobina y sede de varios torneos de pesca deportiva.<\/p>\n<p>Ubicada a 180 km al norte de Tampico, la Presa Lavaderos a pesar de ser algo peque\u00f1a, da la oportunidad de capturar lobinas de un excelente peso.<\/p>\n<p>Por \u00faltimo y no menos importante en el municipio de Hidalgo, a 87 kil\u00f3metros al norte de Cd. Victoria est\u00e1 la Presa Pedro Jos\u00e9 M\u00e9ndez.<\/p>\n<p><strong>Sistemas Lagunarios<\/strong><br \/>\nLa Laguna Madre con m\u00e1s de 250 mil hect\u00e1reas es el humedal m\u00e1s grande en el continente americano ubicada en el municipio de San Fernando y Soto La Marina siendo refugio en la temporada de invierno de m\u00e1s de 13 especies de patos y cercetas, y 3 diferentes especies de gansos.<\/p>\n<p>El Sistema Lagunario del R\u00edo Tames\u00ed comprende una extensi\u00f3n de 42 mil 700 has. de agua dulce ubicado en el sur del estado en los municipios de Tampico y Altamira donde se encuentra una gran vegetaci\u00f3n que propicia la pesca deportiva en este sistema lagunario en el cual podemos encontrar especies como lobina y s\u00e1balo.<\/p>\n","protected":false},"excerpt":{"rendered":"<p>Tamaulipas cuenta con una abundante riqueza natural en sus 432 kil\u00f3metros de costa, presas, r\u00edos y lagunas de agua dulce, que privilegian la pr\u00e1ctica de\u2026<\/p>\n","protected":false},"author":7,"featured_media":0,"parent":0,"menu_order":0,"comment_status":"closed","ping_status":"closed","template":"","meta":{"footnotes":""},"class_list":["post-102","page","type-page","status-publish","hentry"],"publishpress_future_action":{"enabled":false,"date":"2026-04-23 17:00:15","action":"change-status","newStatus":"draft","terms":[],"taxonomy":""},"_links":{"self":[{"href":"https:\/\/www.tamaulipas.gob.mx\/cazaypesca\/index.php?rest_route=\/wp\/v2\/pages\/102"}],"collection":[{"href":"https:\/\/www.tamaulipas.gob.mx\/cazaypesca\/index.php?rest_route=\/wp\/v2\/pages"}],"about":[{"href":"https:\/\/www.tamaulipas.gob.mx\/cazaypesca\/index.php?rest_route=\/wp\/v2\/types\/page"}],"author":[{"embeddable":true,"href":"https:\/\/www.tamaulipas.gob.mx\/cazaypesca\/index.php?rest_route=\/wp\/v2\/users\/7"}],"replies":[{"embeddable":true,"href":"https:\/\/www.tamaulipas.gob.mx\/cazaypesca\/index.php?rest_route=%2Fwp%2Fv2%2Fcomments&post=102"}],"version-history":[{"count":11,"href":"https:\/\/www.tamaulipas.gob.mx\/cazaypesca\/index.php?rest_route=\/wp\/v2\/pages\/102\/revisions"}],"predecessor-version":[{"id":695,"href":"https:\/\/www.tamaulipas.gob.mx\/cazaypesca\/index.php?rest_route=\/wp\/v2\/pages\/102\/revisions\/695"}],"wp:attachment":[{"href":"https:\/\/www.tamaulipas.gob.mx\/cazaypesca\/index.php?rest_route=%2Fwp%2Fv2%2Fmedia&parent=102"}],"curies":[{"name":"wp","href":"https:\/\/api.w.org\/{rel}","templated":true}]}}