{"id":99,"date":"2025-03-06T17:55:50","date_gmt":"2025-03-06T16:55:50","guid":{"rendered":"https:\/\/www.tamaulipas.gob.mx\/capset\/?page_id=99"},"modified":"2026-03-30T18:42:33","modified_gmt":"2026-03-30T16:42:33","slug":"comite-de-etica-conducta-y-conflictos-de-interes","status":"publish","type":"page","link":"https:\/\/www.tamaulipas.gob.mx\/capset\/comite-de-etica-conducta-y-conflictos-de-interes\/","title":{"rendered":"Comit\u00e9 de \u00c9tica, Conducta y Conflictos de Inter\u00e9s"},"content":{"rendered":"<ul>\n<li><a href=\"http:\/\/www.tamaulipas.gob.mx\/capset\/wp-content\/uploads\/sites\/123\/2026\/03\/programa-anual-de-trabajo-2026.pdf\" target=\"_blank\" rel=\"noopener\">Plan anual de trabajo 2026<\/a><\/li>\n<li><a href=\"http:\/\/www.tamaulipas.gob.mx\/capset\/wp-content\/uploads\/sites\/123\/2026\/03\/informe-anual-de-actividades-2025-comite-de-etica.pdf\" target=\"_blank\" rel=\"noopener\">Informe Anual de Actividades 2025 Comit\u00e9 de \u00c9tica<\/a><\/li>\n<li><a href=\"http:\/\/www.tamaulipas.gob.mx\/capset\/wp-content\/uploads\/sites\/123\/2026\/03\/calificacion-comite-de-etica-.pdf\" target=\"_blank\" rel=\"noopener\">Calificaci\u00f3n del Comit\u00e9 de \u00c9tica 2025<\/a><\/li>\n<li><a href=\"http:\/\/www.tamaulipas.gob.mx\/capset\/wp-content\/uploads\/sites\/123\/2025\/03\/codigo-de-etica-del-poder-ejecutivo-del-estado-de-tamaulipas.pdf\" target=\"_blank\" rel=\"noopener\">C\u00f3digo de \u00c9tica del Poder Ejecutivo del Estado de Tamaulipas (P.O. 26 de enero de 2023)<\/a><\/li>\n<li><a href=\"http:\/\/www.tamaulipas.gob.mx\/capset\/wp-content\/uploads\/sites\/123\/2025\/03\/cxlvii-10-250122f.pdf\" target=\"_blank\" rel=\"noopener\">Lineamientos para la Operaci\u00f3n del Comit\u00e9 de \u00c9tica, Conducta y Conflictos de Inter\u00e9s para la Aplicaci\u00f3n del C\u00f3digo de Conducta de las Dependencias y Entidades del Gobierno del Estado de Tamaulipas (2022)<\/a><\/li>\n<li><a href=\"http:\/\/www.tamaulipas.gob.mx\/capset\/wp-content\/uploads\/sites\/123\/2025\/03\/cxlviii-63-250523-ev.pdf\" target=\"_blank\" rel=\"noopener\">Lineamientos para la integraci\u00f3n, organizaci\u00f3n, funcionamiento y evaluaci\u00f3n de los Comit\u00e9s de \u00c9tica, Conducta y Prevenci\u00f3n de Conflictos de Inter\u00e9s en las dependencias y entidades de la administraci\u00f3n p\u00fablica estatal y la gu\u00eda para la elaboraci\u00f3n y actualizaci\u00f3n del C\u00f3digo de Conducta y Prevenci\u00f3n de Conflictos de Inter\u00e9s de las dependencias y entidades de la administraci\u00f3n p\u00fablica estatal (P.O. 25 de mayo de 2023).<\/a><\/li>\n<li><a href=\"http:\/\/www.tamaulipas.gob.mx\/capset\/wp-content\/uploads\/sites\/123\/2025\/08\/codigo-de-etica-capset.pdf\" target=\"_blank\" rel=\"noopener\">C\u00f3digo de etica CAPSET<\/a><\/li>\n<\/ul>\n","protected":false},"excerpt":{"rendered":"<p>Plan anual de trabajo 2026 Informe Anual de Actividades 2025 Comit\u00e9 de \u00c9tica Calificaci\u00f3n del Comit\u00e9 de \u00c9tica 2025 C\u00f3digo de \u00c9tica del Poder Ejecutivo\u2026<\/p>\n","protected":false},"author":1,"featured_media":0,"parent":0,"menu_order":0,"comment_status":"closed","ping_status":"closed","template":"","meta":{"footnotes":""},"class_list":["post-99","page","type-page","status-publish","hentry"],"publishpress_future_action":{"enabled":false,"date":"2026-05-09 19:42:01","action":"change-status","newStatus":"draft","terms":[],"taxonomy":""},"_links":{"self":[{"href":"https:\/\/www.tamaulipas.gob.mx\/capset\/wp-json\/wp\/v2\/pages\/99"}],"collection":[{"href":"https:\/\/www.tamaulipas.gob.mx\/capset\/wp-json\/wp\/v2\/pages"}],"about":[{"href":"https:\/\/www.tamaulipas.gob.mx\/capset\/wp-json\/wp\/v2\/types\/page"}],"author":[{"embeddable":true,"href":"https:\/\/www.tamaulipas.gob.mx\/capset\/wp-json\/wp\/v2\/users\/1"}],"replies":[{"embeddable":true,"href":"https:\/\/www.tamaulipas.gob.mx\/capset\/wp-json\/wp\/v2\/comments?post=99"}],"version-history":[{"count":6,"href":"https:\/\/www.tamaulipas.gob.mx\/capset\/wp-json\/wp\/v2\/pages\/99\/revisions"}],"predecessor-version":[{"id":183,"href":"https:\/\/www.tamaulipas.gob.mx\/capset\/wp-json\/wp\/v2\/pages\/99\/revisions\/183"}],"wp:attachment":[{"href":"https:\/\/www.tamaulipas.gob.mx\/capset\/wp-json\/wp\/v2\/media?parent=99"}],"curies":[{"name":"wp","href":"https:\/\/api.w.org\/{rel}","templated":true}]}}