{"id":40,"date":"2024-10-23T17:22:49","date_gmt":"2024-10-23T15:22:49","guid":{"rendered":"https:\/\/www.tamaulipas.gob.mx\/capset\/?page_id=40"},"modified":"2024-10-24T00:06:34","modified_gmt":"2024-10-23T22:06:34","slug":"tarifas-y-pagos","status":"publish","type":"page","link":"https:\/\/www.tamaulipas.gob.mx\/capset\/tarifas-y-pagos\/","title":{"rendered":"Tarifas y pagos"},"content":{"rendered":"<img loading=\"lazy\" decoding=\"async\" class=\"alignnone size-full wp-image-63 img-rounded  img-responsive mb20\" src=\"http:\/\/www.tamaulipas.gob.mx\/capset\/wp-content\/uploads\/sites\/123\/2024\/10\/encabezados_900x300px_tarifas.jpg\" alt=\"Tarifas y pagos\" width=\"900\" height=\"300\">\n<p>La Comisi\u00f3n de Agua Potable y Saneamiento del Estado de Tamaulipas pone a disposici\u00f3n de la ciudadan\u00eda y de los organismos operadores de agua los siguientes servicios:<\/p>\n<ul>\n<li>Asesor\u00eda administrativa.<\/li>\n<li>Desazolve de sistemas de drenaje sanitario.<\/li>\n<li>Mantenimiento a la infraestructura electromec\u00e1nica.<\/li>\n<li>Perforaci\u00f3n y aforo de pozos.<\/li>\n<li>Traslado de cilindros de 65kg de gas a cloro.<\/li>\n<\/ul>\n<p>Para consultar las tarifas y realizar el pago de las mismas puede visitar la siguiente pagina de la Secretar\u00eda de Finanzas:<\/p>\n<a href=\"https:\/\/finanzas.tamaulipas.gob.mx\/pago-de-contribuciones\/cobro-opd.php\" class=\"btn btn-primary btn-sm mb20\"> <i class=\"fa fa-external-link\"><\/i> Consultar tarifas <\/a>\n<p><strong>Instrucciones:<\/strong><\/p>\n<p>Una vez en la p\u00e1gina de la Secretar\u00eda de Finanzas:<\/p>\n<ul>\n<li>Seleccione la opci\u00f3n: \u00abCOMISION DE AGUA POTABLE Y SANEAMIENTO DEL ESTADO DE TAMAULIPAS(CAPSET)\u00bb<\/li>\n<li>Posteriormente haga clic en la opci\u00f3n \u00abRegistrar Pago\u00bb.<\/li>\n<\/ul>\n<p>En caso de requerir atenci\u00f3n personalizada puede optar por alguno de los siguientes medios de contacto:<\/p>\n<blockquote><p><strong>Presencial<\/strong>: Acudiendo a las oficinas de la CAPSET ubicadas en el Centro de Oficinas Gubernamentales, Torre Bicentenario, Piso: 7. Libramiento Naciones Unidas con Prolongaci\u00f3n Boulevard Pr\u00e1xedis Balboa, Cd. Victoria, Tamaulipas.<\/p>\n<p><strong>Correo electr\u00f3nico<\/strong>: capset@tamaulipas.gob.mx<\/p><\/blockquote>\n","protected":false},"excerpt":{"rendered":"<p>La Comisi\u00f3n de Agua Potable y Saneamiento del Estado de Tamaulipas pone a disposici\u00f3n de la ciudadan\u00eda y de los organismos operadores de agua los\u2026<\/p>\n","protected":false},"author":1,"featured_media":0,"parent":0,"menu_order":0,"comment_status":"closed","ping_status":"closed","template":"","meta":{"footnotes":""},"class_list":["post-40","page","type-page","status-publish","hentry"],"publishpress_future_action":{"enabled":false,"date":"2026-05-09 19:41:36","action":"change-status","newStatus":"draft","terms":[],"taxonomy":""},"_links":{"self":[{"href":"https:\/\/www.tamaulipas.gob.mx\/capset\/wp-json\/wp\/v2\/pages\/40"}],"collection":[{"href":"https:\/\/www.tamaulipas.gob.mx\/capset\/wp-json\/wp\/v2\/pages"}],"about":[{"href":"https:\/\/www.tamaulipas.gob.mx\/capset\/wp-json\/wp\/v2\/types\/page"}],"author":[{"embeddable":true,"href":"https:\/\/www.tamaulipas.gob.mx\/capset\/wp-json\/wp\/v2\/users\/1"}],"replies":[{"embeddable":true,"href":"https:\/\/www.tamaulipas.gob.mx\/capset\/wp-json\/wp\/v2\/comments?post=40"}],"version-history":[{"count":6,"href":"https:\/\/www.tamaulipas.gob.mx\/capset\/wp-json\/wp\/v2\/pages\/40\/revisions"}],"predecessor-version":[{"id":64,"href":"https:\/\/www.tamaulipas.gob.mx\/capset\/wp-json\/wp\/v2\/pages\/40\/revisions\/64"}],"wp:attachment":[{"href":"https:\/\/www.tamaulipas.gob.mx\/capset\/wp-json\/wp\/v2\/media?parent=40"}],"curies":[{"name":"wp","href":"https:\/\/api.w.org\/{rel}","templated":true}]}}