{"id":34,"date":"2024-10-23T17:05:48","date_gmt":"2024-10-23T15:05:48","guid":{"rendered":"https:\/\/www.tamaulipas.gob.mx\/capset\/?page_id=34"},"modified":"2024-10-24T00:05:19","modified_gmt":"2024-10-23T22:05:19","slug":"perforacion-y-aforo-de-pozos","status":"publish","type":"page","link":"https:\/\/www.tamaulipas.gob.mx\/capset\/perforacion-y-aforo-de-pozos\/","title":{"rendered":"Perforaci\u00f3n y Aforo de Pozos"},"content":{"rendered":"<img loading=\"lazy\" decoding=\"async\" class=\"alignnone size-full wp-image-61 img-rounded  img-responsive mb20\" src=\"http:\/\/www.tamaulipas.gob.mx\/capset\/wp-content\/uploads\/sites\/123\/2024\/10\/encabezados_900x300px_perforacion.jpg\" alt=\"Perforaci&#xF3;n y Aforo de Pozos\" width=\"900\" height=\"300\">\n<p>La perforaci\u00f3n y aforo de pozos son procesos fundamentales en la gesti\u00f3n de recursos h\u00eddricos, especialmente en \u00e1reas donde el acceso al agua superficial es limitado o insuficiente.<\/p>\n<p>Estos procedimientos no solo permiten la obtenci\u00f3n de agua subterr\u00e1nea, sino que tambi\u00e9n son esenciales para evaluar la cantidad y calidad del recurso disponible, garantizando as\u00ed su uso sostenible y eficiente.<\/p>\n<p>La perforaci\u00f3n de pozos es el primer paso en la obtenci\u00f3n de agua subterr\u00e1nea. Este proceso implica la creaci\u00f3n de un agujero profundo en el suelo hasta alcanzar un acu\u00edfero, que es una capa de roca o sedimento saturada de agua.<\/p>\n<p>Una vez perforado el pozo, se deben realizar pruebas para asegurar su integridad y funcionalidad. Esto incluye la instalaci\u00f3n de tuber\u00edas y bombas que permitan extraer el agua de manera efectiva.<br \/>\nEl aforo de pozos se refiere a la medici\u00f3n de la cantidad de agua que un pozo puede extraer en un per\u00edodo determinado. Este proceso es esencial para determinar la capacidad de producci\u00f3n del pozo y su sostenibilidad a largo plazo.<\/p>\n<p>La Comisi\u00f3n de Agua Potable y Saneamiento del Estado de Tamaulipas pone a disposici\u00f3n el servicio de perforaci\u00f3n y aforo de pozos el cual podr\u00e1 ser solicitado por los siguientes medios de contacto:<\/p>\n<blockquote><p><strong>Presencial<\/strong>: Acudiendo a las oficinas de la CAPSET ubicadas en el Centro de Oficinas Gubernamentales, Torre Bicentenario, Piso: 7. Libramiento Naciones Unidas con Prolongaci\u00f3n Boulevard Pr\u00e1xedis Balboa, Cd. Victoria, Tamaulipas.<\/p>\n<p><strong>Correo electr\u00f3nico<\/strong>: capset@tamaulipas.gob.mx<\/p><\/blockquote>\n","protected":false},"excerpt":{"rendered":"<p>La perforaci\u00f3n y aforo de pozos son procesos fundamentales en la gesti\u00f3n de recursos h\u00eddricos, especialmente en \u00e1reas donde el acceso al agua superficial es\u2026<\/p>\n","protected":false},"author":1,"featured_media":0,"parent":0,"menu_order":0,"comment_status":"closed","ping_status":"closed","template":"","meta":{"footnotes":""},"class_list":["post-34","page","type-page","status-publish","hentry"],"publishpress_future_action":{"enabled":false,"date":"2026-05-09 19:41:35","action":"change-status","newStatus":"draft","terms":[],"taxonomy":""},"_links":{"self":[{"href":"https:\/\/www.tamaulipas.gob.mx\/capset\/wp-json\/wp\/v2\/pages\/34"}],"collection":[{"href":"https:\/\/www.tamaulipas.gob.mx\/capset\/wp-json\/wp\/v2\/pages"}],"about":[{"href":"https:\/\/www.tamaulipas.gob.mx\/capset\/wp-json\/wp\/v2\/types\/page"}],"author":[{"embeddable":true,"href":"https:\/\/www.tamaulipas.gob.mx\/capset\/wp-json\/wp\/v2\/users\/1"}],"replies":[{"embeddable":true,"href":"https:\/\/www.tamaulipas.gob.mx\/capset\/wp-json\/wp\/v2\/comments?post=34"}],"version-history":[{"count":2,"href":"https:\/\/www.tamaulipas.gob.mx\/capset\/wp-json\/wp\/v2\/pages\/34\/revisions"}],"predecessor-version":[{"id":62,"href":"https:\/\/www.tamaulipas.gob.mx\/capset\/wp-json\/wp\/v2\/pages\/34\/revisions\/62"}],"wp:attachment":[{"href":"https:\/\/www.tamaulipas.gob.mx\/capset\/wp-json\/wp\/v2\/media?parent=34"}],"curies":[{"name":"wp","href":"https:\/\/api.w.org\/{rel}","templated":true}]}}