{"id":777,"date":"2024-01-18T13:18:13","date_gmt":"2024-01-18T19:18:13","guid":{"rendered":"https:\/\/www.tamaulipas.gob.mx\/cacet\/?page_id=777"},"modified":"2026-02-16T15:01:42","modified_gmt":"2026-02-16T21:01:42","slug":"guia-de-formatos-cp-por-tomos","status":"publish","type":"page","link":"https:\/\/www.tamaulipas.gob.mx\/cacet\/guia-de-formatos-cp-por-tomos\/","title":{"rendered":"Gu\u00eda de Formatos que integran la Cuenta P\u00fablica del Gobierno del Estado 2025 por Tomos"},"content":{"rendered":"<h3 style=\"text-align: justify;\">INTRODUCCI\u00d3N<\/h3>\n<p style=\"text-align: justify;\">A efecto de cumplir en tiempo y forma con lo establecido en la Ley General de Contabilidad Gubernamental y los Acuerdos del Consejo Nacional de Armonizaci\u00f3n Contable en la materia, se actualiza la Gu\u00eda de los Formatos para que los entes p\u00fablicos del Estado presenten su Informaci\u00f3n Contable, Presupuestaria, Program\u00e1tica, Anexos y Disciplina Financiera debidamente armonizada en los t\u00e9rminos que se establecen.<\/p>\n<p style=\"text-align: justify;\">La Gu\u00eda contiene la estructura y los formatos que aplican para la integraci\u00f3n de la Cuenta P\u00fablica Anual que el Gobierno del Estado presenta ante el Congreso del Estado, as\u00ed como las recomendaciones para la formulaci\u00f3n y llenado de los mismos.<\/p>\n<h3 style=\"text-align: justify;\">MARCO LEGAL<\/h3>\n<p style=\"text-align: justify;\">La Constituci\u00f3n Pol\u00edtica de los Estados Unidos Mexicanos establece en su art\u00edculo 73 fracci\u00f3n XXVIII, la facultad al Congreso de la Uni\u00f3n para expedir leyes en materia de contabilidad gubernamental definiendo su prop\u00f3sito que es garantizar su armonizaci\u00f3n a nivel nacional.<\/p>\n<p style=\"text-align: justify;\">Por su parte la Ley General de Contabilidad Gubernamental establece la obligatoriedad para los poderes Ejecutivo, Legislativo y Judicial, as\u00ed como los \u00d3rganos Aut\u00f3nomos y el Sector Paraestatal de las Entidades Federativas. En particular los art\u00edculo 47, 52 y 53 refieren a los contenidos y estructura de la Cuenta P\u00fablica Anual.<\/p>\n<p style=\"text-align: justify;\">El Consejo Nacional de Armonizaci\u00f3n Contable, a trav\u00e9s de diferentes acuerdos:<\/p>\n<ul style=\"text-align: justify;\">\n<li>13 de diciembre de 2013<\/li>\n<li>6 de octubre de 2014<\/li>\n<li>11 de Octubre del 2016<\/li>\n<li>27 de Diciembre 2018<\/li>\n<li>11 de Junio 2018<\/li>\n<li>27 de Septiembre 2018<\/li>\n<\/ul>\n<p style=\"text-align: justify;\">Actualiza la estructura y formatos que debe contener la Cuenta P\u00fablica Anual y que es aplicable al ejercicio actual.<\/p>\n<p style=\"text-align: justify;\">Estos incluyen las aplicaciones a partir del ejercicio 2016 de la Nueva Ley de Disciplina Financiera de las Entidades Federativas y los Municipios que se public\u00f3 el 27 de Abril del 2016, en formatos distintos e independientes de lo previsto en la Ley General de Contabilidad Gubernamental.<\/p>\n<p>&nbsp;<\/p>\n<h3 style=\"text-align: justify;\">CONTENIDO<\/h3>\n<p>&nbsp;<\/p>\n<div class=\"table-responsive\"><table class=\" aligncenter table table-gobtam\" style=\"width: 99.2254%;\"><tbody><tr><td style=\"width: 78.3064%;\"><span style=\"font-size: 20px;\">Instructivo General de Cuenta P&#xFA;blica 2025<\/span><\/td>\n<td style=\"width: 10.3711%; text-align: center;\"><a href=\"https:\/\/www.tamaulipas.gob.mx\/cacet\/wp-content\/uploads\/sites\/108\/2026\/01\/cp2025-instructivo-general.doc\"><i class=\"fa fa-file-word-o fa-2x\"><\/i><\/a><\/td>\n<\/tr><tr><td style=\"width: 78.3064%;\"><span style=\"font-size: 20px;\">Portadas principales editables<\/span><\/td>\n<td style=\"width: 10.3711%; text-align: center;\"><a href=\"https:\/\/www.tamaulipas.gob.mx\/cacet\/wp-content\/uploads\/sites\/108\/2026\/01\/portada-editable-cuenta-publica-2025.pptx\"><i class=\"fa fa-file-powerpoint-o fa-2x\"><\/i><\/a><\/td>\n<\/tr><tr><td style=\"width: 78.3064%;\"><span style=\"font-size: 20px;\">Portada CD Respaldo<\/span><\/td>\n<td style=\"width: 10.3711%; text-align: center;\"><a href=\"https:\/\/www.tamaulipas.gob.mx\/cacet\/wp-content\/uploads\/sites\/108\/2026\/01\/portada-cd-respaldo.docx\" target=\"_blank\" rel=\"noopener\" download=\"portada-cd-respaldo.docx\"><i class=\"fa fa-file-word-o fa-2x\"><\/i><\/a><\/td>\n<\/tr><tr><td style=\"width: 78.3064%;\"><span style=\"font-size: 20px;\">Contenido<\/span><\/td>\n<td style=\"width: 10.3711%; text-align: center;\"><a href=\"https:\/\/www.tamaulipas.gob.mx\/cacet\/wp-content\/uploads\/sites\/108\/2026\/01\/portada-de-contenido.doc\"><i class=\"fa fa-file-word-o fa-2x\"><\/i><\/a><\/td>\n<\/tr><tr><td style=\"width: 78.3064%;\"><span style=\"font-size: 20px;\">Certificaci&#xF3;n OPDS<\/span><\/td>\n<td style=\"width: 10.3711%; text-align: center;\"><a href=\"https:\/\/www.tamaulipas.gob.mx\/cacet\/wp-content\/uploads\/sites\/108\/2026\/01\/certificacion-de-cd-opds.doc\"><i class=\"fa fa-file-word-o fa-2x\"><\/i><\/a><\/td>\n<\/tr><tr><td style=\"width: 78.3064%;\"><span style=\"font-size: 20px;\">I. Informaci&#xF3;n Contable<\/span><\/td>\n<td style=\"width: 10.3711%;\"><a href=\"https:\/\/www.tamaulipas.gob.mx\/cacet\/?page_id=816&amp;preview=true\"><img loading=\"lazy\" decoding=\"async\" class=\"aligncenter\" src=\"https:\/\/transparencia.tamaulipas.gob.mx\/wp-content\/uploads\/2016\/12\/img-flecha.jpg\" alt=\"PDF\" width=\"29\" height=\"29\"><\/a><\/td>\n<\/tr><tr><td style=\"width: 78.3064%;\"><span style=\"font-size: 20px;\">II. Informaci&#xF3;n&#xA0;Presupuestaria<\/span><\/td>\n<td style=\"width: 10.3711%;\"><a href=\"https:\/\/www.tamaulipas.gob.mx\/cacet\/?page_id=819&amp;preview=true\"><img loading=\"lazy\" decoding=\"async\" class=\"aligncenter\" src=\"https:\/\/transparencia.tamaulipas.gob.mx\/wp-content\/uploads\/2016\/12\/img-flecha.jpg\" alt=\"PDF\" width=\"29\" height=\"29\"><\/a><\/td>\n<\/tr><tr><td style=\"width: 78.3064%;\"><span style=\"font-size: 20px;\">III. Informaci&#xF3;n&#xA0;Program&#xE1;tica<\/span><\/td>\n<td style=\"width: 10.3711%;\"><a href=\"https:\/\/www.tamaulipas.gob.mx\/cacet\/?page_id=821&amp;preview=true\"><img loading=\"lazy\" decoding=\"async\" class=\"aligncenter\" src=\"https:\/\/transparencia.tamaulipas.gob.mx\/wp-content\/uploads\/2016\/12\/img-flecha.jpg\" alt=\"PDF\" width=\"29\" height=\"29\"><\/a><\/td>\n<\/tr><tr><td style=\"width: 78.3064%;\"><span style=\"font-size: 20px;\">IV. Anexos<\/span><\/td>\n<td style=\"width: 10.3711%;\"><a href=\"https:\/\/www.tamaulipas.gob.mx\/cacet\/?page_id=823&amp;preview=true\"><img loading=\"lazy\" decoding=\"async\" class=\" aligncenter\" src=\"https:\/\/transparencia.tamaulipas.gob.mx\/wp-content\/uploads\/2016\/12\/img-flecha.jpg\" alt=\"PDF\" width=\"29\" height=\"29\"><\/a><\/td>\n<\/tr><tr><td style=\"width: 78.3064%;\"><span style=\"font-size: 20px;\">Lineamientos CONAC<\/span><\/td>\n<td style=\"width: 10.3711%; text-align: center; vertical-align: middle;\"><a href=\"https:\/\/www.tamaulipas.gob.mx\/cacet\/wp-content\/uploads\/sites\/108\/2026\/01\/5.-lineamientos-conac.zip\"><i class=\"fa fa-file-zip-o fa-2x\"><\/i><\/a><\/td>\n<\/tr><tr><td style=\"width: 78.3064%;\"><span style=\"font-size: 20px;\">Fuentes compatibles<\/span><\/td>\n<td style=\"width: 10.3711%; text-align: center; vertical-align: middle;\"><a href=\"https:\/\/www.tamaulipas.gob.mx\/cacet\/wp-content\/uploads\/sites\/108\/2026\/01\/6.-fuentes-compatibles.zip\"><i class=\"fa fa-file-zip-o fa-2x\"><\/i><\/a><\/td>\n<\/tr><tr><td style=\"width: 78.3064%;\"><span style=\"font-size: 20px;\">Gu&#xED;a para guardar archivos datos abiertos<\/span><\/td>\n<td style=\"width: 10.3711%; text-align: center; vertical-align: middle;\"><a href=\"https:\/\/www.tamaulipas.gob.mx\/cacet\/wp-content\/uploads\/sites\/108\/2026\/01\/guia-para-guardar-archivos-datos-abierto.pdf\" target=\"_blank\" rel=\"noopener\"><i class=\"fa fa-file-pdf-o fa-2x\"><\/i><\/a><\/td>\n<\/tr><\/tbody><\/table><\/div>\n<p><a href=\"https:\/\/www.tamaulipas.gob.mx\/cacet\/wp-content\/uploads\/sites\/108\/2026\/02\/guia-cp-2025.zip\"><span style=\"font-size: 24px;\">Gu\u00eda descargable 2025<\/span><\/a><\/p>\n<p>&nbsp;<\/p>\n","protected":false},"excerpt":{"rendered":"<p>INTRODUCCI\u00d3N A efecto de cumplir en tiempo y forma con lo establecido en la Ley General de Contabilidad Gubernamental y los Acuerdos del Consejo Nacional\u2026<\/p>\n","protected":false},"author":319,"featured_media":0,"parent":0,"menu_order":0,"comment_status":"closed","ping_status":"closed","template":"","meta":{"footnotes":""},"class_list":["post-777","page","type-page","status-publish","hentry"],"publishpress_future_action":{"enabled":false,"date":"2026-04-14 19:55:15","action":"change-status","newStatus":"draft","terms":[],"taxonomy":""},"_links":{"self":[{"href":"https:\/\/www.tamaulipas.gob.mx\/cacet\/wp-json\/wp\/v2\/pages\/777"}],"collection":[{"href":"https:\/\/www.tamaulipas.gob.mx\/cacet\/wp-json\/wp\/v2\/pages"}],"about":[{"href":"https:\/\/www.tamaulipas.gob.mx\/cacet\/wp-json\/wp\/v2\/types\/page"}],"author":[{"embeddable":true,"href":"https:\/\/www.tamaulipas.gob.mx\/cacet\/wp-json\/wp\/v2\/users\/319"}],"replies":[{"embeddable":true,"href":"https:\/\/www.tamaulipas.gob.mx\/cacet\/wp-json\/wp\/v2\/comments?post=777"}],"version-history":[{"count":98,"href":"https:\/\/www.tamaulipas.gob.mx\/cacet\/wp-json\/wp\/v2\/pages\/777\/revisions"}],"predecessor-version":[{"id":1650,"href":"https:\/\/www.tamaulipas.gob.mx\/cacet\/wp-json\/wp\/v2\/pages\/777\/revisions\/1650"}],"wp:attachment":[{"href":"https:\/\/www.tamaulipas.gob.mx\/cacet\/wp-json\/wp\/v2\/media?parent=777"}],"curies":[{"name":"wp","href":"https:\/\/api.w.org\/{rel}","templated":true}]}}