{"id":424,"date":"2023-05-04T10:59:13","date_gmt":"2023-05-04T16:59:13","guid":{"rendered":"https:\/\/www.tamaulipas.gob.mx\/cacet\/?page_id=424"},"modified":"2023-05-04T11:00:19","modified_gmt":"2023-05-04T17:00:19","slug":"que-es","status":"publish","type":"page","link":"https:\/\/www.tamaulipas.gob.mx\/cacet\/sevac\/que-es\/","title":{"rendered":"\u00bfQu\u00e9 es el SEvAC?"},"content":{"rendered":"<p>El Sistema de Evaluaciones de la Armonizaci\u00f3n Contable (SEvAC), es la herramienta tecnol\u00f3gica establecida con la finalidad de conocer el grado de avance de los entes p\u00fablicos del pa\u00eds respecto a los diferentes temas relacionados con la armonizaci\u00f3n contable.<\/p>\n<p>El SEvAC es una herramienta web desarrollada en el a\u00f1o 2017, en el marco del convenio entre Asociaci\u00f3n Nacional de Organismos de Fiscalizaci\u00f3n Superior y Control Gubernamental, A.C. (ASOFIS) y el Consejo Nacional de Armonizaci\u00f3n Contable (CONAC).<\/p>\n<p><strong>\u00bfQu\u00e9 es la Armonizaci\u00f3n Contable?<\/strong><\/p>\n<p>Armonizaci\u00f3n Contable se refiere a la obligatoriedad que tienen las entidades de gobierno en M\u00e9xico para contabilizar y emitir informaci\u00f3n financiera conforme a la Ley General de Contabilidad Gubernamental (LGCG), de tal forma que pueda ser consolidada, comparada e interpretada bajo criterios homog\u00e9neos. La LGCG es de observancia obligatoria.<\/p>\n<p>Art\u00edculo 4. LGCG- Para efectos de esta Ley se entender\u00e1 por:<\/p>\n<p>Armonizaci\u00f3n: la revisi\u00f3n, reestructuraci\u00f3n y compatibilizaci\u00f3n de los modelos contables vigentes a nivel nacional, a partir de la adecuaci\u00f3n y fortalecimiento de las disposiciones jur\u00eddicas que las rigen, de los procedimientos para el registro de las operaciones, de la informaci\u00f3n que deben generar los sistemas<\/p>\n","protected":false},"excerpt":{"rendered":"<p>El Sistema de Evaluaciones de la Armonizaci\u00f3n Contable (SEvAC), es la herramienta tecnol\u00f3gica establecida con la finalidad de conocer el grado de avance de los\u2026<\/p>\n","protected":false},"author":1,"featured_media":0,"parent":43,"menu_order":0,"comment_status":"closed","ping_status":"closed","template":"","meta":{"footnotes":""},"class_list":["post-424","page","type-page","status-publish","hentry"],"publishpress_future_action":{"enabled":false,"date":"2026-04-14 19:54:43","action":"change-status","newStatus":"draft","terms":[],"taxonomy":""},"_links":{"self":[{"href":"https:\/\/www.tamaulipas.gob.mx\/cacet\/wp-json\/wp\/v2\/pages\/424"}],"collection":[{"href":"https:\/\/www.tamaulipas.gob.mx\/cacet\/wp-json\/wp\/v2\/pages"}],"about":[{"href":"https:\/\/www.tamaulipas.gob.mx\/cacet\/wp-json\/wp\/v2\/types\/page"}],"author":[{"embeddable":true,"href":"https:\/\/www.tamaulipas.gob.mx\/cacet\/wp-json\/wp\/v2\/users\/1"}],"replies":[{"embeddable":true,"href":"https:\/\/www.tamaulipas.gob.mx\/cacet\/wp-json\/wp\/v2\/comments?post=424"}],"version-history":[{"count":3,"href":"https:\/\/www.tamaulipas.gob.mx\/cacet\/wp-json\/wp\/v2\/pages\/424\/revisions"}],"predecessor-version":[{"id":427,"href":"https:\/\/www.tamaulipas.gob.mx\/cacet\/wp-json\/wp\/v2\/pages\/424\/revisions\/427"}],"up":[{"embeddable":true,"href":"https:\/\/www.tamaulipas.gob.mx\/cacet\/wp-json\/wp\/v2\/pages\/43"}],"wp:attachment":[{"href":"https:\/\/www.tamaulipas.gob.mx\/cacet\/wp-json\/wp\/v2\/media?parent=424"}],"curies":[{"name":"wp","href":"https:\/\/api.w.org\/{rel}","templated":true}]}}