{"id":11,"date":"2020-07-14T09:15:56","date_gmt":"2020-07-14T14:15:56","guid":{"rendered":"https:\/\/www.tamaulipas.gob.mx\/cacet\/?page_id=11"},"modified":"2023-03-22T11:47:34","modified_gmt":"2023-03-22T17:47:34","slug":"nosotros","status":"publish","type":"page","link":"https:\/\/www.tamaulipas.gob.mx\/cacet\/nosotros\/","title":{"rendered":"Nosotros"},"content":{"rendered":"<p>El Consejo de Armonizaci\u00f3n Contable del Estado de Tamaulipas es un \u00f3rgano de coordinaci\u00f3n de la contabilidad gubernamental de los Poderes Ejecutivo, Legislativo y Judicial, los organismos aut\u00f3nomos, los Ayuntamientos y los organismos p\u00fablicos descentralizados estatales y municipales.<\/p>\n<div class=\"panel-group\" id=\"custom-collapse-0\">\n<div class=\"panel panel-default\">\n\t\t\t\t<div class=\"panel-heading\">\n\t\t\t\t\t<h4 class=\"panel-title\">\n\t\t\t\t\t\t<a class=\"\" data-toggle=\"collapse\" data-parent=\"#custom-collapse-0\" href=\"#custom-collapse-0-0\">Antecedentes<\/a>\n\t\t\t\t\t<\/h4>\n\t\t\t\t<\/div>\n\t\t\t\t<div id=\"custom-collapse-0-0\" class=\"panel-collapse in\">\n\t\t\t\t\t<div class=\"panel-body\">\n<p>El 31 de diciembre de 2008 se public\u00f3 en el Diario Oficial de la Federaci\u00f3n (DOF) la Ley General de Contabilidad Gubernamental (LGCG) aplicable a los entes p\u00fablicos federales, estatales y municipales, la cual tiene por objeto establecer los criterios generales que regir\u00e1n la contabilidad gubernamental y la emisi\u00f3n de informaci\u00f3n financiera de los entes p\u00fablicos, con el fin de lograr su adecuada armonizaci\u00f3n.<\/p>\n<p>La Ley General de Contabilidad Gubernamental (LGCG) es de observancia obligatoria para los poderes Ejecutivo, Legislativo y Judicial de la Federaci\u00f3n, Entidades Federativas, los Ayuntamientos de los Municipios, los \u00f3rganos pol\u00edtico-administrativos de las demarcaciones territoriales de la Ciudad de M\u00e9xico, las Entidades de la Administraci\u00f3n P\u00fablica Paraestatal, ya sean federales, estatales o municipales y los \u00f3rganos aut\u00f3nomos federales y estatales.<\/p>\n<p>El 30 de diciembre de 2015, se public\u00f3 en el Diario Oficial de la Federaci\u00f3n (DOF) las reformas a la Ley General de Contabilidad Gubernamental (LGCG), dando origen y formalidad a los Consejos de Armonizaci\u00f3n Contable de las Entidades Federativas, denominados CACEF\u2019s , raz\u00f3n por la cual surge el Consejo de Armonizaci\u00f3n Contable del Estado de Tamaulipas (CACET) y en 2016 se emitieron las Reglas de Operaci\u00f3n de dichos Consejos, las cuales establecen las bases para su integraci\u00f3n, organizaci\u00f3n y funcionamiento.<\/p>\n<\/div>\n\t\t\t\t<\/div>\n\t\t\t<\/div>\n<div class=\"panel panel-default\">\n\t\t\t\t<div class=\"panel-heading\">\n\t\t\t\t\t<h4 class=\"panel-title\">\n\t\t\t\t\t\t<a class=\"collapsed\" data-toggle=\"collapse\" data-parent=\"#custom-collapse-0\" href=\"#custom-collapse-0-1\">Misi\u00f3n<\/a>\n\t\t\t\t\t<\/h4>\n\t\t\t\t<\/div>\n\t\t\t\t<div id=\"custom-collapse-0-1\" class=\"panel-collapse collapse\">\n\t\t\t\t\t<div class=\"panel-body\">\n<p>El Consejo tiene por objeto adecuar, armonizar, difundir y promover la aplicaci\u00f3n en el Estado de las normas contables y lineamientos emitidos por el Consejo Nacional de Armonizaci\u00f3n Contable, a fin de armonizar la informaci\u00f3n financiera y contribuir a la transparencia en la gesti\u00f3n de las finanzas p\u00fablicas.<\/p>\n<\/div>\n\t\t\t\t<\/div>\n\t\t\t<\/div>\n<div class=\"panel panel-default\">\n\t\t\t\t<div class=\"panel-heading\">\n\t\t\t\t\t<h4 class=\"panel-title\">\n\t\t\t\t\t\t<a class=\"collapsed\" data-toggle=\"collapse\" data-parent=\"#custom-collapse-0\" href=\"#custom-collapse-0-2\">Funciones del consejo<\/a>\n\t\t\t\t\t<\/h4>\n\t\t\t\t<\/div>\n\t\t\t\t<div id=\"custom-collapse-0-2\" class=\"panel-collapse collapse\">\n\t\t\t\t\t<div class=\"panel-body\">\n<p>El Consejo tendr\u00e1 las facultades siguientes:<\/p>\n<ol style=\"list-style-type: upper-roman;\">\n<li>Establecer las bases sobre las cuales se instrumentar\u00e1n en Tamaulipas los acuerdos emitidos por el Consejo Nacional de Armonizaci\u00f3n Contable;<\/li>\n<li>Definir, proponer y elaborar los criterios, instrumentos y lineamientos necesarios que le requiera o solicite el Consejo Nacional de Armonizaci\u00f3n Contable;<\/li>\n<li>Difundir a trav\u00e9s de la publicaci\u00f3n en el Peri\u00f3dico Oficial del Estado de Tamaulipas, los criterios, instrumentos y lineamientos de armonizaci\u00f3n en materia contable, as\u00ed como los relativos a la armonizaci\u00f3n en materia presupuestal y program\u00e1tica emitidos por el Consejo Nacional de Armonizaci\u00f3n Contable y los aprobados por el Consejo;<\/li>\n<li>Establecer los lineamientos de los convenios de coordinaci\u00f3n en materia de armonizaci\u00f3n contable;<\/li>\n<li>Proporcionar al ente p\u00fablico que lo solicite, los convenios de coordinaci\u00f3n en materia de armonizaci\u00f3n contable;<\/li>\n<li>Establecer los lineamientos y normas para el funcionamiento del Consejo;<\/li>\n<li>Proponer la creaci\u00f3n y reformas al orden jur\u00eddico del Estado y de los Municipios en materia de armonizaci\u00f3n contable gubernamental;<\/li>\n<li>Difundir, a trav\u00e9s del Sistema de Coordinaci\u00f3n Hacendaria del Estado de Tamaulipas, los acuerdos logrados al interior del Consejo, as\u00ed como los acuerdos emitidos por el Consejo Nacional de Armonizaci\u00f3n Contable;<\/li>\n<li>Orientar, a trav\u00e9s del Sistema de Coordinaci\u00f3n Hacendaria del Estado de Tamaulipas, a los Poderes, los organismos aut\u00f3nomos, los Ayuntamientos y los organismos p\u00fablicos descentralizados estatales y municipales, que requieran asesor\u00eda en materia de armonizaci\u00f3n contable, y procurar la capacitaci\u00f3n de los servidores p\u00fablicos estatales y municipales;<\/li>\n<li>Establecer comisiones y grupos de trabajo al interior del Consejo;<\/li>\n<li>Publicar en el Peri\u00f3dico Oficial del Estado los acuerdos mediante los cuales se instrumenten las disposiciones emitidas por el Consejo Nacional de Armonizaci\u00f3n Contable;<\/li>\n<li>Dise\u00f1ar e instrumentar programas y acciones que permitan adecuar procedimientos y m\u00e9todos para alcanzar la armonizaci\u00f3n contable;<\/li>\n<li>Invitar a sus sesiones y grupos de trabajo, para tratar alg\u00fan asunto espec\u00edfico, a representantes de las dependencias y entidades federales, estatales y municipales, as\u00ed como a organizaciones de los sectores social y privado, cuyas acciones se vean relacionadas con los prop\u00f3sitos del Consejo; y<\/li>\n<li>Las dem\u00e1s que sean necesarias conforme a las leyes de la materia para la organizaci\u00f3n y el cumplimiento de su objeto.<\/li>\n<\/ol>\n<\/div>\n\t\t\t\t<\/div>\n\t\t\t<\/div>\n<\/div>\n<p>&nbsp;<\/p>\n<p>&nbsp;<\/p>\n","protected":false},"excerpt":{"rendered":"<p>El Consejo de Armonizaci\u00f3n Contable del Estado de Tamaulipas es un \u00f3rgano de coordinaci\u00f3n de la contabilidad gubernamental de los Poderes Ejecutivo, Legislativo y Judicial,\u2026<\/p>\n","protected":false},"author":1,"featured_media":0,"parent":0,"menu_order":0,"comment_status":"closed","ping_status":"closed","template":"","meta":{"footnotes":""},"class_list":["post-11","page","type-page","status-publish","hentry"],"publishpress_future_action":{"enabled":false,"date":"2026-04-14 19:54:01","action":"change-status","newStatus":"draft","terms":[],"taxonomy":""},"_links":{"self":[{"href":"https:\/\/www.tamaulipas.gob.mx\/cacet\/wp-json\/wp\/v2\/pages\/11"}],"collection":[{"href":"https:\/\/www.tamaulipas.gob.mx\/cacet\/wp-json\/wp\/v2\/pages"}],"about":[{"href":"https:\/\/www.tamaulipas.gob.mx\/cacet\/wp-json\/wp\/v2\/types\/page"}],"author":[{"embeddable":true,"href":"https:\/\/www.tamaulipas.gob.mx\/cacet\/wp-json\/wp\/v2\/users\/1"}],"replies":[{"embeddable":true,"href":"https:\/\/www.tamaulipas.gob.mx\/cacet\/wp-json\/wp\/v2\/comments?post=11"}],"version-history":[{"count":7,"href":"https:\/\/www.tamaulipas.gob.mx\/cacet\/wp-json\/wp\/v2\/pages\/11\/revisions"}],"predecessor-version":[{"id":164,"href":"https:\/\/www.tamaulipas.gob.mx\/cacet\/wp-json\/wp\/v2\/pages\/11\/revisions\/164"}],"wp:attachment":[{"href":"https:\/\/www.tamaulipas.gob.mx\/cacet\/wp-json\/wp\/v2\/media?parent=11"}],"curies":[{"name":"wp","href":"https:\/\/api.w.org\/{rel}","templated":true}]}}