{"id":3836,"date":"2026-02-27T17:21:52","date_gmt":"2026-02-27T23:21:52","guid":{"rendered":"https:\/\/www.tamaulipas.gob.mx\/bienestarsocial\/?page_id=3836"},"modified":"2026-03-19T10:45:27","modified_gmt":"2026-03-19T16:45:27","slug":"nacional-colectiva","status":"publish","type":"page","link":"https:\/\/www.tamaulipas.gob.mx\/bienestarsocial\/nacional-colectiva\/","title":{"rendered":"Centro de Bienestar Nacional Colectiva"},"content":{"rendered":"<h4>Direcci\u00f3n<\/h4>\n<p>Calle L\u00e1zaro C\u00e1rdenas con \u00c1lvaro Obreg\u00f3n, entre calle Enrique C\u00e1rdenas Gonz\u00e1lez y Enrique Cano, Mante, Tamaulipas.<\/p>\n<h4>ACTIVIDADES<\/h4>\n<div class=\"table-responsive\"><table style=\"border-collapse: collapse; width: 61.817%;\" class=\" table table-gobtam\"><thead><tr><td style=\"width: 16.6493%; height: 24px;\">Actividad<\/td>\n<td style=\"width: 12.2808%;\">Fecha<\/td>\n<td style=\"width: 10.2546%;\">Horario<\/td>\n<\/tr><\/thead><tbody><tr><td style=\"width: 16.6493%; height: 24px;\">Psicolog&#xED;a<\/td>\n<td style=\"width: 12.2808%;\">Lunes a viernes<\/td>\n<td style=\"width: 10.2546%;\">9:00 a 17:00 hrs.<\/td>\n<\/tr><tr><td style=\"width: 16.6493%;\">Zumba<\/td>\n<td style=\"width: 12.2808%;\">Lunes a viernes<\/td>\n<td style=\"width: 10.2546%;\">17:00 a 19:00 hrs.<\/td>\n<\/tr><tr><td style=\"width: 16.6493%;\">Activaci&#xF3;n f&#xED;sica adulto mayor<\/td>\n<td style=\"width: 12.2808%;\">Lunes a viernes<\/td>\n<td style=\"width: 10.2546%;\">17:00 a 18:30 hrs.<\/td>\n<\/tr><tr><td style=\"width: 16.6493%;\">Apoyo escolar<\/td>\n<td style=\"width: 12.2808%;\">Lunes a viernes<\/td>\n<td style=\"width: 10.2546%;\">16:30 a 18:00 hrs.<\/td>\n<\/tr><tr><td style=\"width: 16.6493%;\">Voleibol<\/td>\n<td style=\"width: 12.2808%;\">Lunes, martes, jueves y viernes<\/td>\n<td style=\"width: 10.2546%;\">16:00 a 18:00 hrs.<\/td>\n<\/tr><tr><td style=\"width: 16.6493%;\">B&#xE1;squetbol<\/td>\n<td style=\"width: 12.2808%;\">Lunes a domingo\n<p>Mi&#xE9;rcoles<\/p><\/td>\n<td style=\"width: 10.2546%;\">19:00 a 21:00 hrs.\n<p>18:00 a 19:30 hrs.<\/p><\/td>\n<\/tr><tr><td style=\"width: 16.6493%;\">Handball<\/td>\n<td style=\"width: 12.2808%;\">Lunes, martes, jueves y viernes<\/td>\n<td style=\"width: 10.2546%;\">18:00 a 19:30 hrs.<\/td>\n<\/tr><tr><td style=\"width: 16.6493%;\">DIF Lazos Deportes<\/td>\n<td style=\"width: 12.2808%;\">Mi&#xE9;rcoles<\/td>\n<td style=\"width: 10.2546%;\">16:00 a 18:00 hrs.<\/td>\n<\/tr><\/tbody><\/table><\/div>\n","protected":false},"excerpt":{"rendered":"<p>Direcci\u00f3n Calle L\u00e1zaro C\u00e1rdenas con \u00c1lvaro Obreg\u00f3n, entre calle Enrique C\u00e1rdenas Gonz\u00e1lez y Enrique Cano, Mante, Tamaulipas. ACTIVIDADES<\/p>\n","protected":false},"author":51,"featured_media":0,"parent":0,"menu_order":0,"comment_status":"closed","ping_status":"closed","template":"","meta":{"footnotes":""},"class_list":["post-3836","page","type-page","status-publish","hentry"],"publishpress_future_action":{"enabled":false,"date":"2026-04-27 13:53:32","action":"change-status","newStatus":"draft","terms":[],"taxonomy":""},"_links":{"self":[{"href":"https:\/\/www.tamaulipas.gob.mx\/bienestarsocial\/wp-json\/wp\/v2\/pages\/3836"}],"collection":[{"href":"https:\/\/www.tamaulipas.gob.mx\/bienestarsocial\/wp-json\/wp\/v2\/pages"}],"about":[{"href":"https:\/\/www.tamaulipas.gob.mx\/bienestarsocial\/wp-json\/wp\/v2\/types\/page"}],"author":[{"embeddable":true,"href":"https:\/\/www.tamaulipas.gob.mx\/bienestarsocial\/wp-json\/wp\/v2\/users\/51"}],"replies":[{"embeddable":true,"href":"https:\/\/www.tamaulipas.gob.mx\/bienestarsocial\/wp-json\/wp\/v2\/comments?post=3836"}],"version-history":[{"count":4,"href":"https:\/\/www.tamaulipas.gob.mx\/bienestarsocial\/wp-json\/wp\/v2\/pages\/3836\/revisions"}],"predecessor-version":[{"id":3962,"href":"https:\/\/www.tamaulipas.gob.mx\/bienestarsocial\/wp-json\/wp\/v2\/pages\/3836\/revisions\/3962"}],"wp:attachment":[{"href":"https:\/\/www.tamaulipas.gob.mx\/bienestarsocial\/wp-json\/wp\/v2\/media?parent=3836"}],"curies":[{"name":"wp","href":"https:\/\/api.w.org\/{rel}","templated":true}]}}