{"id":3809,"date":"2026-02-27T15:11:14","date_gmt":"2026-02-27T21:11:14","guid":{"rendered":"https:\/\/www.tamaulipas.gob.mx\/bienestarsocial\/?page_id=3809"},"modified":"2026-03-19T13:47:05","modified_gmt":"2026-03-19T19:47:05","slug":"juventud-revolucionaria","status":"publish","type":"page","link":"https:\/\/www.tamaulipas.gob.mx\/bienestarsocial\/juventud-revolucionaria\/","title":{"rendered":"Centro de Bienestar Juventud Revolucionaria"},"content":{"rendered":"<h4>Direcci\u00f3n<\/h4>\n<p>Calle sin Nombre, esquina con \u00c1lvaro Obreg\u00f3n, entre Sat\u00e9lite y Benito Ju\u00e1rez, Soto la Marina, Tamaulipas.<\/p>\n<h4>ACTIVIDADES<\/h4>\n<div class=\"table-responsive\"><table style=\"border-collapse: collapse; width: 42.2505%; height: 95px;\" class=\" table table-gobtam\"><thead><tr style=\"height: 23px;\"><td style=\"width: 9.1862%; height: 23px;\">Actividad<\/td>\n<td style=\"width: 12.8976%; height: 23px;\">Fecha<\/td>\n<td style=\"width: 12.8276%; height: 23px;\">Horario<\/td>\n<\/tr><\/thead><tbody><tr style=\"height: 48px;\"><td style=\"width: 9.1862%; height: 48px;\">Atenci&#xF3;n psicol&#xF3;gica<\/td>\n<td style=\"width: 12.8976%; height: 48px;\">Lunes a viernes<\/td>\n<td style=\"width: 12.8276%; height: 48px;\">8:00 a 14:00 hrs.<\/td>\n<\/tr><tr style=\"height: 24px;\"><td style=\"width: 9.1862%; height: 24px;\">Activaci&#xF3;n f&#xED;sica<\/td>\n<td style=\"width: 12.8976%; height: 24px;\">Lunes a viernes<\/td>\n<td style=\"width: 12.8276%; height: 24px;\">18:00 a 19:00 hrs.<\/td>\n<\/tr><\/tbody><\/table><\/div>\n","protected":false},"excerpt":{"rendered":"<p>Direcci\u00f3n Calle sin Nombre, esquina con \u00c1lvaro Obreg\u00f3n, entre Sat\u00e9lite y Benito Ju\u00e1rez, Soto la Marina, Tamaulipas. ACTIVIDADES<\/p>\n","protected":false},"author":51,"featured_media":0,"parent":0,"menu_order":0,"comment_status":"closed","ping_status":"closed","template":"","meta":{"footnotes":""},"class_list":["post-3809","page","type-page","status-publish","hentry"],"publishpress_future_action":{"enabled":false,"date":"2026-04-27 13:54:24","action":"change-status","newStatus":"draft","terms":[],"taxonomy":""},"_links":{"self":[{"href":"https:\/\/www.tamaulipas.gob.mx\/bienestarsocial\/wp-json\/wp\/v2\/pages\/3809"}],"collection":[{"href":"https:\/\/www.tamaulipas.gob.mx\/bienestarsocial\/wp-json\/wp\/v2\/pages"}],"about":[{"href":"https:\/\/www.tamaulipas.gob.mx\/bienestarsocial\/wp-json\/wp\/v2\/types\/page"}],"author":[{"embeddable":true,"href":"https:\/\/www.tamaulipas.gob.mx\/bienestarsocial\/wp-json\/wp\/v2\/users\/51"}],"replies":[{"embeddable":true,"href":"https:\/\/www.tamaulipas.gob.mx\/bienestarsocial\/wp-json\/wp\/v2\/comments?post=3809"}],"version-history":[{"count":6,"href":"https:\/\/www.tamaulipas.gob.mx\/bienestarsocial\/wp-json\/wp\/v2\/pages\/3809\/revisions"}],"predecessor-version":[{"id":3974,"href":"https:\/\/www.tamaulipas.gob.mx\/bienestarsocial\/wp-json\/wp\/v2\/pages\/3809\/revisions\/3974"}],"wp:attachment":[{"href":"https:\/\/www.tamaulipas.gob.mx\/bienestarsocial\/wp-json\/wp\/v2\/media?parent=3809"}],"curies":[{"name":"wp","href":"https:\/\/api.w.org\/{rel}","templated":true}]}}