{"id":3777,"date":"2026-02-27T14:26:28","date_gmt":"2026-02-27T20:26:28","guid":{"rendered":"https:\/\/www.tamaulipas.gob.mx\/bienestarsocial\/?page_id=3777"},"modified":"2026-03-19T10:42:38","modified_gmt":"2026-03-19T16:42:38","slug":"candelario-garza","status":"publish","type":"page","link":"https:\/\/www.tamaulipas.gob.mx\/bienestarsocial\/candelario-garza\/","title":{"rendered":"Centro de Bienestar Candelario Garza"},"content":{"rendered":"<h4>Direcci\u00f3n<\/h4>\n<p>Av. Tamaulipas entre calles \u00c1ngel Boeta y calle S\u00e9ptima, Madero, Tamaulipas.<\/p>\n<h4>ACTIVIDADES<\/h4>\n<div class=\"table-responsive\"><table style=\"border-collapse: collapse; width: 59.8502%;\" class=\" table table-gobtam\"><thead><tr><td style=\"width: 11.9667%; height: 24px;\">Actividad<\/td>\n<td style=\"width: 11.8626%;\">Fecha<\/td>\n<td style=\"width: 13.1113%;\">Horario<\/td>\n<\/tr><\/thead><tbody><tr><td style=\"width: 11.9667%; height: 24px;\">Activaci&#xF3;n f&#xED;sica<\/td>\n<td style=\"width: 11.8626%;\">Lunes a viernes<\/td>\n<td style=\"width: 13.1113%;\">8:30 a 9:30 hrs.<\/td>\n<\/tr><tr><td style=\"width: 11.9667%;\">Zumba<\/td>\n<td style=\"width: 11.8626%;\">Lunes a viernes<\/td>\n<td style=\"width: 13.1113%;\">9:00 a 10:30 hrs.<\/td>\n<\/tr><tr><td style=\"width: 11.9667%;\">Psicolog&#xED;a<\/td>\n<td style=\"width: 11.8626%;\">Lunes a s&#xE1;bado<\/td>\n<td style=\"width: 13.1113%;\">17:00 a 20:00 hrs.\n<p>13:00 a 18:00 hrs.<\/p><\/td>\n<\/tr><tr><td style=\"width: 11.9667%;\">Apoyo escolar<\/td>\n<td style=\"width: 11.8626%;\">Lunes, mi&#xE9;rcoles y viernes<\/td>\n<td style=\"width: 13.1113%;\">16:00 a 18:00 hrs.<\/td>\n<\/tr><tr><td style=\"width: 11.9667%;\">Cachibol<\/td>\n<td style=\"width: 11.8626%;\">Lunes a viernes<\/td>\n<td style=\"width: 13.1113%;\">10:00 a 12:00 hrs.<\/td>\n<\/tr><tr><td style=\"width: 11.9667%;\">Zumba<\/td>\n<td style=\"width: 11.8626%;\">Lunes a viernes<\/td>\n<td style=\"width: 13.1113%;\">8:00 a 9:00 hrs.<\/td>\n<\/tr><tr><td style=\"width: 11.9667%;\">Voleibol<\/td>\n<td style=\"width: 11.8626%;\">Lunes\n<p>Domingo<\/p><\/td>\n<td style=\"width: 13.1113%;\">16:00 a 18:00 hrs.\n<p>12:00 a 20 hrs.<\/p><\/td>\n<\/tr><tr><td style=\"width: 11.9667%;\">B&#xE1;squetbol<\/td>\n<td style=\"width: 11.8626%;\">Domingo<\/td>\n<td style=\"width: 13.1113%;\">12:00 hrs.<\/td>\n<\/tr><tr><td style=\"width: 11.9667%;\">Gimnasia<\/td>\n<td style=\"width: 11.8626%;\">Martes y jueves<\/td>\n<td style=\"width: 13.1113%;\">16:00 a 18:00 hrs.\n<p>8:00 a 18:00 hrs.<\/p><\/td>\n<\/tr><tr><td style=\"width: 11.9667%;\">Lima Lama<\/td>\n<td style=\"width: 11.8626%;\">S&#xE1;bado y domingo<\/td>\n<td style=\"width: 13.1113%;\">10:00 a 12:00 hrs.<\/td>\n<\/tr><tr><td style=\"width: 11.9667%;\">Zumba<\/td>\n<td style=\"width: 11.8626%;\">Lunes a viernes<\/td>\n<td style=\"width: 13.1113%;\">8:00 a 9:00 hrs.\n<p>18:00 a 19:00 hrs.<\/p><\/td>\n<\/tr><\/tbody><\/table><\/div>\n","protected":false},"excerpt":{"rendered":"<p>Direcci\u00f3n Av. Tamaulipas entre calles \u00c1ngel Boeta y calle S\u00e9ptima, Madero, Tamaulipas. ACTIVIDADES<\/p>\n","protected":false},"author":51,"featured_media":0,"parent":0,"menu_order":0,"comment_status":"closed","ping_status":"closed","template":"","meta":{"footnotes":""},"class_list":["post-3777","page","type-page","status-publish","hentry"],"publishpress_future_action":{"enabled":false,"date":"2026-04-27 13:52:40","action":"change-status","newStatus":"draft","terms":[],"taxonomy":""},"_links":{"self":[{"href":"https:\/\/www.tamaulipas.gob.mx\/bienestarsocial\/wp-json\/wp\/v2\/pages\/3777"}],"collection":[{"href":"https:\/\/www.tamaulipas.gob.mx\/bienestarsocial\/wp-json\/wp\/v2\/pages"}],"about":[{"href":"https:\/\/www.tamaulipas.gob.mx\/bienestarsocial\/wp-json\/wp\/v2\/types\/page"}],"author":[{"embeddable":true,"href":"https:\/\/www.tamaulipas.gob.mx\/bienestarsocial\/wp-json\/wp\/v2\/users\/51"}],"replies":[{"embeddable":true,"href":"https:\/\/www.tamaulipas.gob.mx\/bienestarsocial\/wp-json\/wp\/v2\/comments?post=3777"}],"version-history":[{"count":4,"href":"https:\/\/www.tamaulipas.gob.mx\/bienestarsocial\/wp-json\/wp\/v2\/pages\/3777\/revisions"}],"predecessor-version":[{"id":3960,"href":"https:\/\/www.tamaulipas.gob.mx\/bienestarsocial\/wp-json\/wp\/v2\/pages\/3777\/revisions\/3960"}],"wp:attachment":[{"href":"https:\/\/www.tamaulipas.gob.mx\/bienestarsocial\/wp-json\/wp\/v2\/media?parent=3777"}],"curies":[{"name":"wp","href":"https:\/\/api.w.org\/{rel}","templated":true}]}}