{"id":3769,"date":"2026-02-27T13:58:34","date_gmt":"2026-02-27T19:58:34","guid":{"rendered":"https:\/\/www.tamaulipas.gob.mx\/bienestarsocial\/?page_id=3769"},"modified":"2026-03-18T17:10:38","modified_gmt":"2026-03-18T23:10:38","slug":"jose-garcia-martinez","status":"publish","type":"page","link":"https:\/\/www.tamaulipas.gob.mx\/bienestarsocial\/jose-garcia-martinez\/","title":{"rendered":"Unidad de Bienestar Jos\u00e9 Garc\u00eda Mart\u00ednez"},"content":{"rendered":"<h4>Direcci\u00f3n<\/h4>\n<p>Calle Aar\u00f3n S\u00e1enz con calle Guadalupe Victoria, esquina con calle Mois\u00e9s S\u00e1enz Garza, Xicot\u00e9ncatl, Tamaulipas.<\/p>\n<h4>ACTIVIDADES<\/h4>\n<div class=\"table-responsive\"><table style=\"border-collapse: collapse; width: 104.957%; height: 120px;\" class=\" table table-gobtam\"><thead><tr style=\"height: 24px;\"><td style=\"width: 26.6389%; height: 24px;\">Actividad<\/td>\n<td style=\"width: 26.6389%; height: 24px;\">Fecha<\/td>\n<td style=\"width: 26.6389%; height: 24px;\">Horario<\/td>\n<\/tr><\/thead><tbody><tr style=\"height: 96px;\"><td style=\"width: 26.6389%; height: 96px;\"><\/td>\n<td style=\"width: 26.6389%; height: 96px;\"><\/td>\n<td style=\"width: 26.6389%; height: 96px;\"><\/td>\n<\/tr><\/tbody><\/table><\/div>\n","protected":false},"excerpt":{"rendered":"<p>Direcci\u00f3n Calle Aar\u00f3n S\u00e1enz con calle Guadalupe Victoria, esquina con calle Mois\u00e9s S\u00e1enz Garza, Xicot\u00e9ncatl, Tamaulipas. ACTIVIDADES<\/p>\n","protected":false},"author":51,"featured_media":0,"parent":0,"menu_order":0,"comment_status":"closed","ping_status":"closed","template":"","meta":{"footnotes":""},"class_list":["post-3769","page","type-page","status-publish","hentry"],"publishpress_future_action":{"enabled":false,"date":"2026-04-27 13:52:39","action":"change-status","newStatus":"draft","terms":[],"taxonomy":""},"_links":{"self":[{"href":"https:\/\/www.tamaulipas.gob.mx\/bienestarsocial\/wp-json\/wp\/v2\/pages\/3769"}],"collection":[{"href":"https:\/\/www.tamaulipas.gob.mx\/bienestarsocial\/wp-json\/wp\/v2\/pages"}],"about":[{"href":"https:\/\/www.tamaulipas.gob.mx\/bienestarsocial\/wp-json\/wp\/v2\/types\/page"}],"author":[{"embeddable":true,"href":"https:\/\/www.tamaulipas.gob.mx\/bienestarsocial\/wp-json\/wp\/v2\/users\/51"}],"replies":[{"embeddable":true,"href":"https:\/\/www.tamaulipas.gob.mx\/bienestarsocial\/wp-json\/wp\/v2\/comments?post=3769"}],"version-history":[{"count":2,"href":"https:\/\/www.tamaulipas.gob.mx\/bienestarsocial\/wp-json\/wp\/v2\/pages\/3769\/revisions"}],"predecessor-version":[{"id":3955,"href":"https:\/\/www.tamaulipas.gob.mx\/bienestarsocial\/wp-json\/wp\/v2\/pages\/3769\/revisions\/3955"}],"wp:attachment":[{"href":"https:\/\/www.tamaulipas.gob.mx\/bienestarsocial\/wp-json\/wp\/v2\/media?parent=3769"}],"curies":[{"name":"wp","href":"https:\/\/api.w.org\/{rel}","templated":true}]}}