{"id":3760,"date":"2026-02-27T13:48:28","date_gmt":"2026-02-27T19:48:28","guid":{"rendered":"https:\/\/www.tamaulipas.gob.mx\/bienestarsocial\/?page_id=3760"},"modified":"2026-03-18T16:59:32","modified_gmt":"2026-03-18T22:59:32","slug":"ampliacion-echeverria","status":"publish","type":"page","link":"https:\/\/www.tamaulipas.gob.mx\/bienestarsocial\/ampliacion-echeverria\/","title":{"rendered":"Unidad de Bienestar Ampliaci\u00f3n Echeverr\u00eda"},"content":{"rendered":"<h4>Direcci\u00f3n<\/h4>\n<p>Calle Presa Marte R. G\u00f3mez, entre calle Laguna Madre y R\u00edo Chihue, Ciudad Victoria, Tamaulipas.<\/p>\n<h4>ACTIVIDADES<\/h4>\n<div class=\"table-responsive\"><table style=\"border-collapse: collapse; width: 104.957%;\" class=\" table table-gobtam\"><thead><tr><td style=\"width: 26.6389%; height: 24px;\">Actividad<\/td>\n<td style=\"width: 26.6389%;\">Fecha<\/td>\n<td style=\"width: 26.6389%;\">Horario<\/td>\n<\/tr><\/thead><tbody><tr><td style=\"width: 26.6389%; height: 24px;\">Clases de c&#xF3;mputo de regularizaci&#xF3;n<\/td>\n<td style=\"width: 26.6389%;\">Lunes a Viernes<\/td>\n<td style=\"width: 26.6389%;\">18:00 a 20:00 hrs.<\/td>\n<\/tr><tr><td style=\"width: 26.6389%;\">Activaci&#xF3;n f&#xED;sica<\/td>\n<td style=\"width: 26.6389%;\">Lunes a Viernes<\/td>\n<td style=\"width: 26.6389%;\">18:00 a 19:00 hrs.<\/td>\n<\/tr><tr><td style=\"width: 26.6389%;\">Atenci&#xF3;n Psicol&#xF3;gica<\/td>\n<td style=\"width: 26.6389%;\">Lunes a Viernes<\/td>\n<td style=\"width: 26.6389%;\">9:00 a 13:00 hrs.<\/td>\n<\/tr><\/tbody><\/table><\/div>\n","protected":false},"excerpt":{"rendered":"<p>Direcci\u00f3n Calle Presa Marte R. G\u00f3mez, entre calle Laguna Madre y R\u00edo Chihue, Ciudad Victoria, Tamaulipas. ACTIVIDADES<\/p>\n","protected":false},"author":51,"featured_media":0,"parent":0,"menu_order":0,"comment_status":"closed","ping_status":"closed","template":"","meta":{"footnotes":""},"class_list":["post-3760","page","type-page","status-publish","hentry"],"publishpress_future_action":{"enabled":false,"date":"2026-04-27 13:53:19","action":"change-status","newStatus":"draft","terms":[],"taxonomy":""},"_links":{"self":[{"href":"https:\/\/www.tamaulipas.gob.mx\/bienestarsocial\/wp-json\/wp\/v2\/pages\/3760"}],"collection":[{"href":"https:\/\/www.tamaulipas.gob.mx\/bienestarsocial\/wp-json\/wp\/v2\/pages"}],"about":[{"href":"https:\/\/www.tamaulipas.gob.mx\/bienestarsocial\/wp-json\/wp\/v2\/types\/page"}],"author":[{"embeddable":true,"href":"https:\/\/www.tamaulipas.gob.mx\/bienestarsocial\/wp-json\/wp\/v2\/users\/51"}],"replies":[{"embeddable":true,"href":"https:\/\/www.tamaulipas.gob.mx\/bienestarsocial\/wp-json\/wp\/v2\/comments?post=3760"}],"version-history":[{"count":6,"href":"https:\/\/www.tamaulipas.gob.mx\/bienestarsocial\/wp-json\/wp\/v2\/pages\/3760\/revisions"}],"predecessor-version":[{"id":3951,"href":"https:\/\/www.tamaulipas.gob.mx\/bienestarsocial\/wp-json\/wp\/v2\/pages\/3760\/revisions\/3951"}],"wp:attachment":[{"href":"https:\/\/www.tamaulipas.gob.mx\/bienestarsocial\/wp-json\/wp\/v2\/media?parent=3760"}],"curies":[{"name":"wp","href":"https:\/\/api.w.org\/{rel}","templated":true}]}}