{"id":3706,"date":"2026-02-26T16:48:12","date_gmt":"2026-02-26T22:48:12","guid":{"rendered":"https:\/\/www.tamaulipas.gob.mx\/bienestarsocial\/?page_id=3706"},"modified":"2026-03-20T10:51:20","modified_gmt":"2026-03-20T16:51:20","slug":"espacios-publicos","status":"publish","type":"page","link":"https:\/\/www.tamaulipas.gob.mx\/bienestarsocial\/espacios-publicos\/","title":{"rendered":"Espacios P\u00fablicos"},"content":{"rendered":"<h3>UNIDADES DE BIENESTAR<\/h3>\n<div class=\"panel panel-default\">\n\t\t\t\t<div class=\"panel-heading\">\n\t\t\t\t\t<h4 class=\"panel-title\">\n\t\t\t\t\t\t<a class=\"collapsed\" data-toggle=\"collapse\" data-parent=\"#single-collapse\" href=\"#single-collapse-0\">Guerrero<\/a>\n\t\t\t\t\t<\/h4>\n\t\t\t\t<\/div>\n\t\t\t\t<div id=\"single-collapse-0\" class=\"panel-collapse collapse\">\n\t\t\t\t\t<div class=\"panel-body\">\n<p><a href=\"https:\/\/www.tamaulipas.gob.mx\/bienestarsocial\/?page_id=3720&amp;preview=true\">Cabecera Municipal<\/a><\/p>\n<\/div>\n\t\t\t\t<\/div>\n\t\t\t<\/div>\n<div class=\"panel panel-default\">\n\t\t\t\t<div class=\"panel-heading\">\n\t\t\t\t\t<h4 class=\"panel-title\">\n\t\t\t\t\t\t<a class=\"collapsed\" data-toggle=\"collapse\" data-parent=\"#single-collapse\" href=\"#single-collapse-1\">Matamoros<\/a>\n\t\t\t\t\t<\/h4>\n\t\t\t\t<\/div>\n\t\t\t\t<div id=\"single-collapse-1\" class=\"panel-collapse collapse\">\n\t\t\t\t\t<div class=\"panel-body\">\n<p><a href=\"https:\/\/www.tamaulipas.gob.mx\/bienestarsocial\/infonavit-los-angeles\/\">Infonavit Los \u00c1ngeles<\/a><\/p>\n<\/div>\n\t\t\t\t<\/div>\n\t\t\t<\/div>\n<div class=\"panel panel-default\">\n\t\t\t\t<div class=\"panel-heading\">\n\t\t\t\t\t<h4 class=\"panel-title\">\n\t\t\t\t\t\t<a class=\"collapsed\" data-toggle=\"collapse\" data-parent=\"#single-collapse\" href=\"#single-collapse-2\">Nuevo Laredo<\/a>\n\t\t\t\t\t<\/h4>\n\t\t\t\t<\/div>\n\t\t\t\t<div id=\"single-collapse-2\" class=\"panel-collapse collapse\">\n\t\t\t\t\t<div class=\"panel-body\">\n<p><a href=\"https:\/\/www.tamaulipas.gob.mx\/bienestarsocial\/?page_id=3730&amp;preview=true\">Colorines<\/a><\/p>\n<p><a href=\"https:\/\/www.tamaulipas.gob.mx\/bienestarsocial\/?page_id=3733&amp;preview=true\">Villas de San Miguel<\/a><\/p>\n<p><a href=\"https:\/\/www.tamaulipas.gob.mx\/bienestarsocial\/villas-de-la-concordia\/\">Villas de la Concordia<\/a><\/p>\n<\/div>\n\t\t\t\t<\/div>\n\t\t\t<\/div>\n<div class=\"panel panel-default\">\n\t\t\t\t<div class=\"panel-heading\">\n\t\t\t\t\t<h4 class=\"panel-title\">\n\t\t\t\t\t\t<a class=\"collapsed\" data-toggle=\"collapse\" data-parent=\"#single-collapse\" href=\"#single-collapse-3\">Reynosa<\/a>\n\t\t\t\t\t<\/h4>\n\t\t\t\t<\/div>\n\t\t\t\t<div id=\"single-collapse-3\" class=\"panel-collapse collapse\">\n\t\t\t\t\t<div class=\"panel-body\">\n<p><a href=\"https:\/\/www.tamaulipas.gob.mx\/bienestarsocial\/lomas-del-pedregal\/\">Lomas del Pedregal<\/a><\/p>\n<p><a href=\"https:\/\/www.tamaulipas.gob.mx\/bienestarsocial\/la-joya\/\">La Joya<\/a><\/p>\n<\/div>\n\t\t\t\t<\/div>\n\t\t\t<\/div>\n<div class=\"panel panel-default\">\n\t\t\t\t<div class=\"panel-heading\">\n\t\t\t\t\t<h4 class=\"panel-title\">\n\t\t\t\t\t\t<a class=\"collapsed\" data-toggle=\"collapse\" data-parent=\"#single-collapse\" href=\"#single-collapse-4\">Tampico<\/a>\n\t\t\t\t\t<\/h4>\n\t\t\t\t<\/div>\n\t\t\t\t<div id=\"single-collapse-4\" class=\"panel-collapse collapse\">\n\t\t\t\t\t<div class=\"panel-body\">\n<p><a href=\"https:\/\/www.tamaulipas.gob.mx\/bienestarsocial\/solidaridad-voluntad-y-trabajo\/\">Solidaridad, Voluntad y Trabajo<\/a><\/p>\n<\/div>\n\t\t\t\t<\/div>\n\t\t\t<\/div>\n<div class=\"panel panel-default\">\n\t\t\t\t<div class=\"panel-heading\">\n\t\t\t\t\t<h4 class=\"panel-title\">\n\t\t\t\t\t\t<a class=\"collapsed\" data-toggle=\"collapse\" data-parent=\"#single-collapse\" href=\"#single-collapse-5\">Victoria<\/a>\n\t\t\t\t\t<\/h4>\n\t\t\t\t<\/div>\n\t\t\t\t<div id=\"single-collapse-5\" class=\"panel-collapse collapse\">\n\t\t\t\t\t<div class=\"panel-body\">\n<p><a href=\"https:\/\/www.tamaulipas.gob.mx\/bienestarsocial\/benito-juarez\/\">Benito Ju\u00e1rez<\/a><\/p>\n<p><a href=\"https:\/\/www.tamaulipas.gob.mx\/bienestarsocial\/ampliacion-linda-vista\/\">Ampliaci\u00f3n Linda Vista<\/a><\/p>\n<p><a href=\"https:\/\/www.tamaulipas.gob.mx\/bienestarsocial\/luis-donaldo-colosio\/\">Luis Donaldo Colosio<\/a><\/p>\n<p><a href=\"https:\/\/www.tamaulipas.gob.mx\/bienestarsocial\/el-palmar\/\">El Palmar<\/a><\/p>\n<p><a href=\"https:\/\/www.tamaulipas.gob.mx\/bienestarsocial\/ampliacion-echeverria\/\">Ampliaci\u00f3n Echeverr\u00eda<\/a><\/p>\n<p><a href=\"https:\/\/www.tamaulipas.gob.mx\/bienestarsocial\/la-loma\/\">La Loma<\/a><\/p>\n<p><a href=\"https:\/\/www.tamaulipas.gob.mx\/bienestarsocial\/pajaritos\/\">Pajaritos<\/a><\/p>\n<\/div>\n\t\t\t\t<\/div>\n\t\t\t<\/div>\n<div class=\"panel panel-default\">\n\t\t\t\t<div class=\"panel-heading\">\n\t\t\t\t\t<h4 class=\"panel-title\">\n\t\t\t\t\t\t<a class=\"collapsed\" data-toggle=\"collapse\" data-parent=\"#single-collapse\" href=\"#single-collapse-6\">Xicot\u00e9ncatl<\/a>\n\t\t\t\t\t<\/h4>\n\t\t\t\t<\/div>\n\t\t\t\t<div id=\"single-collapse-6\" class=\"panel-collapse collapse\">\n\t\t\t\t\t<div class=\"panel-body\">\n<p><a href=\"https:\/\/www.tamaulipas.gob.mx\/bienestarsocial\/jose-garcia-martinez\/\">Jos\u00e9 Garc\u00eda Mart\u00ednez<\/a><\/p>\n<\/div>\n\t\t\t\t<\/div>\n\t\t\t<\/div>\n<p>&nbsp;<\/p>\n<h3>CENTROS DE BIENESTAR<\/h3>\n<div class=\"panel panel-default\">\n\t\t\t\t<div class=\"panel-heading\">\n\t\t\t\t\t<h4 class=\"panel-title\">\n\t\t\t\t\t\t<a class=\"collapsed\" data-toggle=\"collapse\" data-parent=\"#single-collapse\" href=\"#single-collapse-7\">Altamira<\/a>\n\t\t\t\t\t<\/h4>\n\t\t\t\t<\/div>\n\t\t\t\t<div id=\"single-collapse-7\" class=\"panel-collapse collapse\">\n\t\t\t\t\t<div class=\"panel-body\">\n<p><a href=\"https:\/\/www.tamaulipas.gob.mx\/bienestarsocial\/roger-gomez\/\">Roger G\u00f3mez<\/a><\/p>\n<\/div>\n\t\t\t\t<\/div>\n\t\t\t<\/div>\n<div class=\"panel panel-default\">\n\t\t\t\t<div class=\"panel-heading\">\n\t\t\t\t\t<h4 class=\"panel-title\">\n\t\t\t\t\t\t<a class=\"collapsed\" data-toggle=\"collapse\" data-parent=\"#single-collapse\" href=\"#single-collapse-8\">Madero<\/a>\n\t\t\t\t\t<\/h4>\n\t\t\t\t<\/div>\n\t\t\t\t<div id=\"single-collapse-8\" class=\"panel-collapse collapse\">\n\t\t\t\t\t<div class=\"panel-body\">\n<p><a href=\"https:\/\/www.tamaulipas.gob.mx\/bienestarsocial\/candelario-garza\/\">Candelario Garza<\/a><\/p>\n<\/div>\n\t\t\t\t<\/div>\n\t\t\t<\/div>\n<div class=\"panel panel-default\">\n\t\t\t\t<div class=\"panel-heading\">\n\t\t\t\t\t<h4 class=\"panel-title\">\n\t\t\t\t\t\t<a class=\"collapsed\" data-toggle=\"collapse\" data-parent=\"#single-collapse\" href=\"#single-collapse-9\">Mante<\/a>\n\t\t\t\t\t<\/h4>\n\t\t\t\t<\/div>\n\t\t\t\t<div id=\"single-collapse-9\" class=\"panel-collapse collapse\">\n\t\t\t\t\t<div class=\"panel-body\">\n<p><a href=\"https:\/\/www.tamaulipas.gob.mx\/bienestarsocial\/nacional-colectiva\/\">Nacional Colectiva<\/a><\/p>\n<\/div>\n\t\t\t\t<\/div>\n\t\t\t<\/div>\n<div class=\"panel panel-default\">\n\t\t\t\t<div class=\"panel-heading\">\n\t\t\t\t\t<h4 class=\"panel-title\">\n\t\t\t\t\t\t<a class=\"collapsed\" data-toggle=\"collapse\" data-parent=\"#single-collapse\" href=\"#single-collapse-10\">Matamoros<\/a>\n\t\t\t\t\t<\/h4>\n\t\t\t\t<\/div>\n\t\t\t\t<div id=\"single-collapse-10\" class=\"panel-collapse collapse\">\n\t\t\t\t\t<div class=\"panel-body\">\n<p><a href=\"https:\/\/www.tamaulipas.gob.mx\/bienestarsocial\/palmares-de-las-brisas\/\">Palmares de las Brisas<\/a><\/p>\n<\/div>\n\t\t\t\t<\/div>\n\t\t\t<\/div>\n<div class=\"panel panel-default\">\n\t\t\t\t<div class=\"panel-heading\">\n\t\t\t\t\t<h4 class=\"panel-title\">\n\t\t\t\t\t\t<a class=\"collapsed\" data-toggle=\"collapse\" data-parent=\"#single-collapse\" href=\"#single-collapse-11\">Nuevo Laredo<\/a>\n\t\t\t\t\t<\/h4>\n\t\t\t\t<\/div>\n\t\t\t\t<div id=\"single-collapse-11\" class=\"panel-collapse collapse\">\n\t\t\t\t\t<div class=\"panel-body\">\n<p><a href=\"https:\/\/www.tamaulipas.gob.mx\/bienestarsocial\/los-presidentes\/\">Los Presidentes<\/a><\/p>\n<\/div>\n\t\t\t\t<\/div>\n\t\t\t<\/div>\n<div class=\"panel panel-default\">\n\t\t\t\t<div class=\"panel-heading\">\n\t\t\t\t\t<h4 class=\"panel-title\">\n\t\t\t\t\t\t<a class=\"collapsed\" data-toggle=\"collapse\" data-parent=\"#single-collapse\" href=\"#single-collapse-12\">Reynosa<\/a>\n\t\t\t\t\t<\/h4>\n\t\t\t\t<\/div>\n\t\t\t\t<div id=\"single-collapse-12\" class=\"panel-collapse collapse\">\n\t\t\t\t\t<div class=\"panel-body\">\n<p><a href=\"https:\/\/www.tamaulipas.gob.mx\/bienestarsocial\/villas-de-la-joya\/\">Villas de la Joya<\/a><\/p>\n<p><a href=\"https:\/\/www.tamaulipas.gob.mx\/bienestarsocial\/aquiles-serdan-1\/\">Aquiles Serd\u00e1n 1<\/a><\/p>\n<p><a href=\"https:\/\/www.tamaulipas.gob.mx\/bienestarsocial\/los-almendros\/\">Los Almendros 2<\/a><\/p>\n<\/div>\n\t\t\t\t<\/div>\n\t\t\t<\/div>\n<div class=\"panel panel-default\">\n\t\t\t\t<div class=\"panel-heading\">\n\t\t\t\t\t<h4 class=\"panel-title\">\n\t\t\t\t\t\t<a class=\"collapsed\" data-toggle=\"collapse\" data-parent=\"#single-collapse\" href=\"#single-collapse-13\">R\u00edo Bravo<\/a>\n\t\t\t\t\t<\/h4>\n\t\t\t\t<\/div>\n\t\t\t\t<div id=\"single-collapse-13\" class=\"panel-collapse collapse\">\n\t\t\t\t\t<div class=\"panel-body\">\n<p><a href=\"https:\/\/www.tamaulipas.gob.mx\/bienestarsocial\/agapito-cepeda\/\">Agapito Cepeda<\/a><\/p>\n<\/div>\n\t\t\t\t<\/div>\n\t\t\t<\/div>\n<div class=\"panel panel-default\">\n\t\t\t\t<div class=\"panel-heading\">\n\t\t\t\t\t<h4 class=\"panel-title\">\n\t\t\t\t\t\t<a class=\"collapsed\" data-toggle=\"collapse\" data-parent=\"#single-collapse\" href=\"#single-collapse-14\">San Fernando<\/a>\n\t\t\t\t\t<\/h4>\n\t\t\t\t<\/div>\n\t\t\t\t<div id=\"single-collapse-14\" class=\"panel-collapse collapse\">\n\t\t\t\t\t<div class=\"panel-body\">\n<p><a href=\"https:\/\/www.tamaulipas.gob.mx\/bienestarsocial\/obrera\/\">Obrera<\/a><\/p>\n<\/div>\n\t\t\t\t<\/div>\n\t\t\t<\/div>\n<div class=\"panel panel-default\">\n\t\t\t\t<div class=\"panel-heading\">\n\t\t\t\t\t<h4 class=\"panel-title\">\n\t\t\t\t\t\t<a class=\"collapsed\" data-toggle=\"collapse\" data-parent=\"#single-collapse\" href=\"#single-collapse-15\">Soto la Marina<\/a>\n\t\t\t\t\t<\/h4>\n\t\t\t\t<\/div>\n\t\t\t\t<div id=\"single-collapse-15\" class=\"panel-collapse collapse\">\n\t\t\t\t\t<div class=\"panel-body\">\n<p><a href=\"https:\/\/www.tamaulipas.gob.mx\/bienestarsocial\/juventud-revolucionaria\/\">Juventud Revolucionaria<\/a><\/p>\n<\/div>\n\t\t\t\t<\/div>\n\t\t\t<\/div>\n<div class=\"panel panel-default\">\n\t\t\t\t<div class=\"panel-heading\">\n\t\t\t\t\t<h4 class=\"panel-title\">\n\t\t\t\t\t\t<a class=\"collapsed\" data-toggle=\"collapse\" data-parent=\"#single-collapse\" href=\"#single-collapse-16\">Tampico<\/a>\n\t\t\t\t\t<\/h4>\n\t\t\t\t<\/div>\n\t\t\t\t<div id=\"single-collapse-16\" class=\"panel-collapse collapse\">\n\t\t\t\t\t<div class=\"panel-body\">\n<p><a href=\"https:\/\/www.tamaulipas.gob.mx\/bienestarsocial\/solidaridad-voluntad-y-trabajo-2\/\">Solidaridad, Voluntad y Trabajo<\/a><\/p>\n<p><a href=\"https:\/\/www.tamaulipas.gob.mx\/bienestarsocial\/vicente-guerrero\/\">Vicente Guerrero<\/a><\/p>\n<\/div>\n\t\t\t\t<\/div>\n\t\t\t<\/div>\n<div class=\"panel panel-default\">\n\t\t\t\t<div class=\"panel-heading\">\n\t\t\t\t\t<h4 class=\"panel-title\">\n\t\t\t\t\t\t<a class=\"collapsed\" data-toggle=\"collapse\" data-parent=\"#single-collapse\" href=\"#single-collapse-17\">Victoria<\/a>\n\t\t\t\t\t<\/h4>\n\t\t\t\t<\/div>\n\t\t\t\t<div id=\"single-collapse-17\" class=\"panel-collapse collapse\">\n\t\t\t\t\t<div class=\"panel-body\">\n<p><a href=\"https:\/\/www.tamaulipas.gob.mx\/bienestarsocial\/nuevo-santander\/\">Nuevo Santander<\/a><\/p>\n<\/div>\n\t\t\t\t<\/div>\n\t\t\t<\/div>\n","protected":false},"excerpt":{"rendered":"<p>UNIDADES DE BIENESTAR &nbsp; CENTROS DE BIENESTAR<\/p>\n","protected":false},"author":51,"featured_media":0,"parent":0,"menu_order":0,"comment_status":"closed","ping_status":"closed","template":"","meta":{"footnotes":""},"class_list":["post-3706","page","type-page","status-publish","hentry"],"publishpress_future_action":{"enabled":false,"date":"2026-04-27 12:14:02","action":"change-status","newStatus":"draft","terms":[],"taxonomy":""},"_links":{"self":[{"href":"https:\/\/www.tamaulipas.gob.mx\/bienestarsocial\/wp-json\/wp\/v2\/pages\/3706"}],"collection":[{"href":"https:\/\/www.tamaulipas.gob.mx\/bienestarsocial\/wp-json\/wp\/v2\/pages"}],"about":[{"href":"https:\/\/www.tamaulipas.gob.mx\/bienestarsocial\/wp-json\/wp\/v2\/types\/page"}],"author":[{"embeddable":true,"href":"https:\/\/www.tamaulipas.gob.mx\/bienestarsocial\/wp-json\/wp\/v2\/users\/51"}],"replies":[{"embeddable":true,"href":"https:\/\/www.tamaulipas.gob.mx\/bienestarsocial\/wp-json\/wp\/v2\/comments?post=3706"}],"version-history":[{"count":45,"href":"https:\/\/www.tamaulipas.gob.mx\/bienestarsocial\/wp-json\/wp\/v2\/pages\/3706\/revisions"}],"predecessor-version":[{"id":3989,"href":"https:\/\/www.tamaulipas.gob.mx\/bienestarsocial\/wp-json\/wp\/v2\/pages\/3706\/revisions\/3989"}],"wp:attachment":[{"href":"https:\/\/www.tamaulipas.gob.mx\/bienestarsocial\/wp-json\/wp\/v2\/media?parent=3706"}],"curies":[{"name":"wp","href":"https:\/\/api.w.org\/{rel}","templated":true}]}}