{"id":320,"date":"2017-12-08T15:18:14","date_gmt":"2017-12-08T21:18:14","guid":{"rendered":"http:\/\/www.tamaulipas.gob.mx\/bienestarsocial\/?page_id=320"},"modified":"2026-03-26T16:45:53","modified_gmt":"2026-03-26T22:45:53","slug":"reglamentos","status":"publish","type":"page","link":"https:\/\/www.tamaulipas.gob.mx\/bienestarsocial\/reglamentos\/","title":{"rendered":"Reglas y Lineamientos de Operaci\u00f3n"},"content":{"rendered":"<ul>\n<li><a href=\"https:\/\/www.tamaulipas.gob.mx\/bienestarsocial\/wp-content\/uploads\/sites\/2\/2026\/02\/gestores-del-bienestar.pdf\" target=\"_blank\" rel=\"noopener\">LINEAMIENTOS de Operaci\u00f3n del Programa Presupuestario E117 Gestores Sociales del Bienestar<\/a><\/li>\n<li><a href=\"https:\/\/www.tamaulipas.gob.mx\/bienestarsocial\/wp-content\/uploads\/sites\/2\/2026\/02\/parques-centros-y-unidades-de-bienestar.pdf\" target=\"_blank\" rel=\"noopener\">LINEAMIENTOS de Operaci\u00f3n del Programa Presupuestario E122 Parques, Centros y Unidades de Bienestar<\/a><\/li>\n<li><a href=\"https:\/\/www.tamaulipas.gob.mx\/bienestarsocial\/wp-content\/uploads\/sites\/2\/2026\/02\/comedores-de-bienestar.pdf\" target=\"_blank\" rel=\"noopener\">REGLAS de Operaci\u00f3n del Programa Presupuestario S121 Comedores de Bienestar<\/a><\/li>\n<li><a href=\"https:\/\/www.tamaulipas.gob.mx\/bienestarsocial\/wp-content\/uploads\/sites\/2\/2026\/02\/alimentando-tu-bienestar.pdf\" target=\"_blank\" rel=\"noopener\">REGLAS de Operaci\u00f3n del Programa Presupuestario S123 Alimentando tu Bienestar<\/a><\/li>\n<li><a href=\"https:\/\/www.tamaulipas.gob.mx\/bienestarsocial\/wp-content\/uploads\/sites\/2\/2026\/02\/impulsando-tu-bienestar.pdf\" target=\"_blank\" rel=\"noopener\">REGLAS de Operaci\u00f3n del Programa Presupuestario S235 Impulsando tu Bienestar<\/a><\/li>\n<li><a href=\"https:\/\/www.tamaulipas.gob.mx\/bienestarsocial\/wp-content\/uploads\/sites\/2\/2026\/02\/atencion-ciudadana-para-el-bienestar.pdf\">Lineamientos de Operaci\u00f3n del Programa\u00a0 Presupuestario U044 Atenci\u00f3n Ciudadana<\/a><\/li>\n<li><a href=\"https:\/\/www.tamaulipas.gob.mx\/bienestarsocial\/wp-content\/uploads\/sites\/2\/2025\/01\/vinculacion-con-organismos-de-la-sociedad-civil.pdf\" target=\"_blank\" rel=\"noopener\">REGLAS de Operaci\u00f3n del Programa Presupuestario S114 Vinculaci\u00f3n con Organismos de la Sociedad Civil<\/a><\/li>\n<li><a href=\"https:\/\/www.tamaulipas.gob.mx\/bienestarsocial\/wp-content\/uploads\/sites\/2\/2026\/01\/pada_2026-sebien-vf.pdf\">Programa Anual de Desarrollo Archiv\u00edstico (PADA)<\/a><\/li>\n<li><a href=\"https:\/\/www.tamaulipas.gob.mx\/bienestarsocial\/wp-content\/uploads\/sites\/2\/2026\/03\/modificacion-los-lineamientos-de-operacion-del-programa-presupuestario-u044-atencion-ciudadana-para-el-bienestar-social-para-el-ejercicio-presupuestal-2026.pdf\">Modificaci\u00f3n los Lineamientos de Operaci\u00f3n del Programa Presupuestario U044 Atenci\u00f3n Ciudadana para el Bienestar Social para el Ejercicio Presupuestal 2026<\/a><\/li>\n<li><a href=\"https:\/\/www.tamaulipas.gob.mx\/bienestarsocial\/wp-content\/uploads\/sites\/2\/2026\/03\/modificacion-las-reglas-de-operacion-del-programa-presupuestario-s123-alimentando-tu-bienestar-para-el-ejercicio-presupuestal-2026.pdf\">Modificaci\u00f3n de las Reglas de Operaci\u00f3n del Programa Presupuestario S123 Alimentando tu Bienestar para el Ejercicio Presupuestal 2026<\/a><\/li>\n<\/ul>\n","protected":false},"excerpt":{"rendered":"<p>LINEAMIENTOS de Operaci\u00f3n del Programa Presupuestario E117 Gestores Sociales del Bienestar LINEAMIENTOS de Operaci\u00f3n del Programa Presupuestario E122 Parques, Centros y Unidades de Bienestar REGLAS\u2026<\/p>\n","protected":false},"author":7,"featured_media":0,"parent":0,"menu_order":0,"comment_status":"closed","ping_status":"closed","template":"","meta":{"footnotes":""},"class_list":["post-320","page","type-page","status-publish","hentry"],"publishpress_future_action":{"enabled":false,"date":"2026-04-27 10:11:55","action":"change-status","newStatus":"draft","terms":[],"taxonomy":""},"_links":{"self":[{"href":"https:\/\/www.tamaulipas.gob.mx\/bienestarsocial\/wp-json\/wp\/v2\/pages\/320"}],"collection":[{"href":"https:\/\/www.tamaulipas.gob.mx\/bienestarsocial\/wp-json\/wp\/v2\/pages"}],"about":[{"href":"https:\/\/www.tamaulipas.gob.mx\/bienestarsocial\/wp-json\/wp\/v2\/types\/page"}],"author":[{"embeddable":true,"href":"https:\/\/www.tamaulipas.gob.mx\/bienestarsocial\/wp-json\/wp\/v2\/users\/7"}],"replies":[{"embeddable":true,"href":"https:\/\/www.tamaulipas.gob.mx\/bienestarsocial\/wp-json\/wp\/v2\/comments?post=320"}],"version-history":[{"count":40,"href":"https:\/\/www.tamaulipas.gob.mx\/bienestarsocial\/wp-json\/wp\/v2\/pages\/320\/revisions"}],"predecessor-version":[{"id":3993,"href":"https:\/\/www.tamaulipas.gob.mx\/bienestarsocial\/wp-json\/wp\/v2\/pages\/320\/revisions\/3993"}],"wp:attachment":[{"href":"https:\/\/www.tamaulipas.gob.mx\/bienestarsocial\/wp-json\/wp\/v2\/media?parent=320"}],"curies":[{"name":"wp","href":"https:\/\/api.w.org\/{rel}","templated":true}]}}