{"id":304,"date":"2017-12-08T12:30:09","date_gmt":"2017-12-08T18:30:09","guid":{"rendered":"http:\/\/www.tamaulipas.gob.mx\/bienestarsocial\/?page_id=304"},"modified":"2026-03-27T15:25:43","modified_gmt":"2026-03-27T21:25:43","slug":"leyes-y-normas","status":"publish","type":"page","link":"https:\/\/www.tamaulipas.gob.mx\/bienestarsocial\/leyes-y-normas\/","title":{"rendered":"Leyes y Reglamentos"},"content":{"rendered":"<ul>\n<li><a href=\"https:\/\/www.tamaulipas.gob.mx\/bienestarsocial\/wp-content\/uploads\/sites\/2\/2024\/05\/cpeum.pdf\" target=\"_blank\" rel=\"noopener\">Constituci\u00f3n Pol\u00edtica de los Estados Unidos Mexicanos<\/a><\/li>\n<li><a href=\"https:\/\/www.tamaulipas.gob.mx\/bienestarsocial\/wp-content\/uploads\/sites\/2\/2024\/05\/const_politica_tamaulipas.pdf\" target=\"_blank\" rel=\"noopener\">Constituci\u00f3n Pol\u00edtica del Estado de Tamaulipas<\/a><\/li>\n<li><a href=\"https:\/\/www.tamaulipas.gob.mx\/bienestarsocial\/wp-content\/uploads\/sites\/2\/2023\/05\/nueva-leo-organica-de-la-administracion-publica-del-estado-de-tamaulipas-1.pdf\" target=\"_blank\" rel=\"noopener\">Ley Org\u00e1nica de la Administraci\u00f3n P\u00fablica del Estado de Tamaulipas<\/a><\/li>\n<li><a href=\"https:\/\/www.tamaulipas.gob.mx\/bienestarsocial\/wp-content\/uploads\/sites\/2\/2024\/05\/ley_desarrollo_social.pdf\" target=\"_blank\" rel=\"noopener\">Ley de Desarrollo Social para el Estado de Tamaulipas<\/a><\/li>\n<li><a href=\"https:\/\/www.tamaulipas.gob.mx\/bienestarsocial\/wp-content\/uploads\/sites\/2\/2022\/09\/ley-estatal-de-planeacion-21092021.pdf\" target=\"_blank\" rel=\"noopener\">Ley Estatal de Planeaci\u00f3n<\/a><\/li>\n<li><a href=\"https:\/\/www.tamaulipas.gob.mx\/bienestarsocial\/wp-content\/uploads\/sites\/2\/2024\/05\/lft.pdf\">Ley Federal del Trabajo<\/a><\/li>\n<li><a href=\"https:\/\/www.tamaulipas.gob.mx\/bienestarsocial\/wp-content\/uploads\/sites\/2\/2022\/09\/ley-de-entidades-paraestatales-del-estado-de-tamaulipas.pdf\">Ley de Entidades Paraestatales del Estado de Tamaulipas<\/a><\/li>\n<li><a href=\"http:\/\/po.tamaulipas.gob.mx\/wp-content\/uploads\/2017\/01\/Ley_Inf_Geografica_Estadis.pdf\" target=\"_blank\" rel=\"noopener\">Ley de Informaci\u00f3n Geogr\u00e1fica y Estad\u00edstica del Estado<\/a><\/li>\n<li><a href=\"http:\/\/po.tamaulipas.gob.mx\/wp-content\/uploads\/2017\/01\/Ley_Igualdad_Genero.pdf\" target=\"_blank\" rel=\"noopener\">Ley para la Igualdad de G\u00e9nero en Tamaulipas<\/a><\/li>\n<li><a href=\"https:\/\/www.tamaulipas.gob.mx\/bienestarsocial\/wp-content\/uploads\/sites\/2\/2024\/05\/ley_violencia_mujeres.pdf\" target=\"_blank\" rel=\"noopener\">Ley para Prevenir, Atender, Sancionar, y Erradicar la Violencia contra las Mujeres<\/a><\/li>\n<li><a href=\"http:\/\/po.tamaulipas.gob.mx\/wp-content\/uploads\/2017\/01\/Ley_Patrimonio_Historico.pdf\" target=\"_blank\" rel=\"noopener\">Ley de Patrimonio Hist\u00f3rico y Cultural del Estado de Tamaulipas<\/a><\/li>\n<li><a href=\"http:\/\/www.congresotamaulipas.gob.mx\/LegislacionEstatal\/LegislacionVigente\/VerLey.asp?IdLey=237\" target=\"_blank\" rel=\"noopener\">Ley de Cultura F\u00edsica y Deporte del Estado de Tamaulipas<\/a><\/li>\n<li><a href=\"https:\/\/www.tamaulipas.gob.mx\/bienestarsocial\/wp-content\/uploads\/sites\/2\/2024\/05\/ley-de-fomento-a-la-cultura-10-01-24.pdf\" target=\"_blank\" rel=\"noopener\">Ley de Fomento a la Cultura para el Estado de Tamaulipas<\/a><\/li>\n<li><a href=\"https:\/\/www.tamaulipas.gob.mx\/bienestarsocial\/wp-content\/uploads\/sites\/2\/2026\/02\/cli-18-110226-anexo.pdf\">Reglamento Interior de la Secretar\u00eda de Bienestar Social<\/a><\/li>\n<li><a href=\"https:\/\/www.tamaulipas.gob.mx\/bienestarsocial\/wp-content\/uploads\/sites\/2\/2026\/03\/estructura-organica-de-la-secretaria.pdf\">ACUERDO Gubernamental mediante el cual se reforma la Estructura Org\u00e1nica de la Secretar\u00eda de Bienestar Social del Gobierno del Estado de Tamaulipas<\/a><\/li>\n<li><a href=\"https:\/\/www.tamaulipas.gob.mx\/bienestarsocial\/wp-content\/uploads\/sites\/2\/2024\/06\/acuerdo-por-el-que-se-emiten-las-disposiciones-en-materia-de-control-interno-y-el-manual.pdf\">ACUERDO por el que se emiten las Disposiciones en materia de control interno y el Manual Administrativo de aplicaci\u00f3n general en materia de control interno del Estado de Tamaulipas<\/a><\/li>\n<\/ul>\n<p>&nbsp;<\/p>\n","protected":false},"excerpt":{"rendered":"<p>Constituci\u00f3n Pol\u00edtica de los Estados Unidos Mexicanos Constituci\u00f3n Pol\u00edtica del Estado de Tamaulipas Ley Org\u00e1nica de la Administraci\u00f3n P\u00fablica del Estado de Tamaulipas Ley de\u2026<\/p>\n","protected":false},"author":7,"featured_media":0,"parent":0,"menu_order":0,"comment_status":"closed","ping_status":"closed","template":"","meta":{"footnotes":""},"class_list":["post-304","page","type-page","status-publish","hentry"],"publishpress_future_action":{"enabled":false,"date":"2026-04-21 16:49:02","action":"change-status","newStatus":"draft","terms":[],"taxonomy":""},"_links":{"self":[{"href":"https:\/\/www.tamaulipas.gob.mx\/bienestarsocial\/wp-json\/wp\/v2\/pages\/304"}],"collection":[{"href":"https:\/\/www.tamaulipas.gob.mx\/bienestarsocial\/wp-json\/wp\/v2\/pages"}],"about":[{"href":"https:\/\/www.tamaulipas.gob.mx\/bienestarsocial\/wp-json\/wp\/v2\/types\/page"}],"author":[{"embeddable":true,"href":"https:\/\/www.tamaulipas.gob.mx\/bienestarsocial\/wp-json\/wp\/v2\/users\/7"}],"replies":[{"embeddable":true,"href":"https:\/\/www.tamaulipas.gob.mx\/bienestarsocial\/wp-json\/wp\/v2\/comments?post=304"}],"version-history":[{"count":20,"href":"https:\/\/www.tamaulipas.gob.mx\/bienestarsocial\/wp-json\/wp\/v2\/pages\/304\/revisions"}],"predecessor-version":[{"id":3995,"href":"https:\/\/www.tamaulipas.gob.mx\/bienestarsocial\/wp-json\/wp\/v2\/pages\/304\/revisions\/3995"}],"wp:attachment":[{"href":"https:\/\/www.tamaulipas.gob.mx\/bienestarsocial\/wp-json\/wp\/v2\/media?parent=304"}],"curies":[{"name":"wp","href":"https:\/\/api.w.org\/{rel}","templated":true}]}}