{"id":2819,"date":"2023-09-20T11:11:15","date_gmt":"2023-09-20T17:11:15","guid":{"rendered":"https:\/\/www.tamaulipas.gob.mx\/bienestarsocial\/?page_id=2819"},"modified":"2026-03-18T15:19:04","modified_gmt":"2026-03-18T21:19:04","slug":"parques-centros-y-unidades-de-bienestar","status":"publish","type":"page","link":"https:\/\/www.tamaulipas.gob.mx\/bienestarsocial\/parques-centros-y-unidades-de-bienestar\/","title":{"rendered":"PARQUES, CENTROS Y UNIDADES DE BIENESTAR"},"content":{"rendered":"<h4 style=\"text-align: justify;\"><strong><span style=\"color: #808080;\">Objetivo General:<\/span><\/strong><\/h4>\n<p style=\"text-align: justify;\">Incrementar la <span style=\"color: #ab0033;\"><strong>confianza vecinal<\/strong><\/span> de las personas que habitan en las zonas aleda\u00f1as a los espacios p\u00fablicos de Tamaulipas, mediante el <span style=\"color: #ab0033;\"><strong>uso y la convivencia<\/strong><\/span> en los <span style=\"color: #9c0303;\"><strong>Parques, Centros y Unidades de Bienestar.<\/strong><\/span><\/p>\n<h4 style=\"text-align: justify;\"><strong><span style=\"color: #808080;\">Objetivos espec\u00edficos:<\/span><\/strong><\/h4>\n<ul style=\"list-style-type: square;\">\n<li>Brindar actividades <span style=\"color: #9c0303;\"><strong>recreativas, formativas y de bienestar<\/strong> <\/span>que fortalezcan su salud f\u00edsica, emocional y psicol\u00f3gica.<\/li>\n<li>Proporcionar <span style=\"color: #9c0303;\"><strong>Parques, Centros y Unidades de Bienestar<\/strong> <\/span>en condiciones adecuadas, mediante <span style=\"color: #9c0303;\"><strong>infraestructura segura<\/strong><\/span> y <span style=\"color: #9c0303;\"><strong>funcional<\/strong> <\/span>para la realizaci\u00f3n de actividades comunitarias y de bienestar.<\/li>\n<li>Entregar <span style=\"color: #9c0303;\"><strong>apoyos sociales<\/strong><\/span> a las personas <span style=\"color: #ab0033;\"><strong>voluntarias<\/strong> <\/span>que colaboran en las actividades de los Parques, Centros y Unidades de Bienestar, para <strong><span style=\"color: #ab0033;\">incentivar su participaci\u00f3n<\/span><\/strong> comunitaria.<\/li>\n<\/ul>\n<h4><strong><span style=\"color: #808080;\">Cobertura:<\/span><\/strong><\/h4>\n<p><span style=\"font-weight: 400;\">El Programa tiene cobertura en <\/span><span style=\"color: #ab0033;\"><b>27 municipios<\/b><\/span> <span style=\"font-weight: 400;\">donde se localizan Parques, Centros y\/o Unidades de Bienestar, estimada en 3,398,857 personas (INEGI, 2020).<\/span><\/p>\n<h4><strong><span style=\"color: #808080;\">Poblaci\u00f3n objetivo:<\/span><\/strong><\/h4>\n<p>Poblaci\u00f3n que habita en <span style=\"color: #ab0033;\"><strong>zonas urbanas y rurales<\/strong><\/span> del Estado, preferentemente dentro del \u00e1rea de influencia de los Parques, Centros y Unidades de Bienestar, estimada en 599,213 personas.<\/p>\n<h4><strong><span style=\"color: #808080;\">Tipo de apoyo:<\/span><\/strong><\/h4>\n<ul style=\"list-style-type: square;\">\n<li><span style=\"color: #808080; font-size: 14px;\"><b>Para las personas Asistentes de Actividades:<\/b><\/span><\/li>\n<\/ul>\n<p><span style=\"color: #ab0033;\"><strong>Servicios<\/strong><\/span> y <span style=\"color: #ab0033;\"><strong>actividades<\/strong><\/span> disponibles (<span style=\"color: #ab0033;\"><strong>recreativas, formativas<\/strong><\/span> y de <span style=\"color: #ab0033;\"><strong>bienestar<\/strong><\/span>), de <span style=\"color: #ab0033;\"><strong>lunes a domingo<\/strong><\/span> en horario establecido de 08:00 a 20:00 horas en las instalaciones de los Parques, Centros y Unidades de Bienestar.<\/p>\n<ul style=\"list-style-type: square;\">\n<li><span style=\"color: #808080; font-size: 14px;\"><b>Para el Voluntariado Social que colabora en Parques, Centros y Unidades de Bienestar:<\/b><\/span><\/li>\n<\/ul>\n<p><span style=\"color: #ab0033;\"><strong>Apoyo de tipo econ\u00f3mico mensual<\/strong><\/span>, sujeto a disponibilidad presupuestal.<\/p>\n<h4><strong><span style=\"color: #808080;\">Requisitos:<\/span><\/strong><\/h4>\n<ul style=\"list-style-type: square;\">\n<li><span style=\"color: #808080; font-size: 14px;\"><strong>Para personas asistentes de actividades: <\/strong><\/span><\/li>\n<\/ul>\n<p>Registrarse a trav\u00e9s de los medios proporcionados por el personal autorizado del espacio p\u00fablico correspondiente.<\/p>\n<ul style=\"list-style-type: square;\">\n<li><span style=\"font-size: 14px;\"><strong><span style=\"color: #808080;\">Para incorporaci\u00f3n como Voluntariado Social:<\/span><\/strong><\/span><\/li>\n<\/ul>\n<p style=\"padding-left: 40px;\">1. Tener mayor\u00eda de edad<br \/>\n2. Cumplir con el perfil espec\u00edfico (de acuerdo con la funci\u00f3n a desempe\u00f1ar).<br \/>\n3. Atender la Convocatoria emitida por la Secretar\u00eda.<br \/>\n4. Presentar solicitud de incorporaci\u00f3n al Programa (Formato proporcionado por la Secretar\u00eda).<br \/>\n5. Atender a una entrevista para la verificaci\u00f3n del cumplimiento de los requisitos.<br \/>\n6. Para el caso de profesionistas como psic\u00f3logos o profesor de apoyo escolar, entregar documento probatorio de su grado acad\u00e9mico emitido por las autoridades correspondientes.<br \/>\n7. Entregar Carta compromiso debidamente firmada (Formato proporcionado por la Secretar\u00eda).<br \/>\n8. Entregar Aviso de privacidad debidamente firmado (Formato proporcionado por la Secretar\u00eda).<br \/>\n9. Entregar copia simple legible de los documentos siguientes:<\/p>\n<p style=\"padding-left: 80px;\">a. Identificaci\u00f3n oficial vigente (INE) por ambos lados.<br \/>\nb. Clave \u00danica del Registro de Poblaci\u00f3n (CURP).<br \/>\nc. Comprobante de domicilio no mayor a 3 meses de antig\u00fcedad.<br \/>\nd. Estado de cuenta bancario del a\u00f1o actual en el que aparezca de forma legible el nombre de la persona titular de la cuenta, la CLABE interbancaria y el nombre del banco.<br \/>\ne. C\u00e9dula de identificaci\u00f3n fiscal (RFC).<\/p>\n<p>&nbsp;<\/p>\n<h4><strong><span style=\"color: #808080;\">Documentos para consulta:<\/span><\/strong><\/h4>\n<div class=\"panel panel-default\">\n\t\t\t\t<div class=\"panel-heading\">\n\t\t\t\t\t<h4 class=\"panel-title\">\n\t\t\t\t\t\t<a class=\"collapsed\" data-toggle=\"collapse\" data-parent=\"#single-collapse\" href=\"#single-collapse-0\">Reglas de Operaci\u00f3n<\/a>\n\t\t\t\t\t<\/h4>\n\t\t\t\t<\/div>\n\t\t\t\t<div id=\"single-collapse-0\" class=\"panel-collapse collapse\">\n\t\t\t\t\t<div class=\"panel-body\">\n<p><span style=\"text-decoration: underline; color: #ab0033;\"><a style=\"color: #ab0033; text-decoration: underline;\" href=\"https:\/\/www.tamaulipas.gob.mx\/bienestarsocial\/wp-content\/uploads\/sites\/2\/2023\/01\/lineamientos-de-operacion-del-programa-parques-centros-y-unidades-de-bienestar-2022.pdf\">Lineamientos de Operaci\u00f3n 2023<\/a><\/span><\/p>\n<p><span style=\"text-decoration: underline; color: #ab0033;\"><a style=\"color: #ab0033; text-decoration: underline;\" href=\"https:\/\/www.tamaulipas.gob.mx\/bienestarsocial\/wp-content\/uploads\/sites\/2\/2024\/05\/e122-pcu-de-bienestar.pdf\">Lineamientos de Operaci\u00f3n 2024<\/a><\/span><\/p>\n<p><span style=\"text-decoration: underline;\"><span style=\"color: #000000; text-decoration: underline;\"><a style=\"color: #000000; text-decoration: underline;\" href=\"https:\/\/www.tamaulipas.gob.mx\/bienestarsocial\/wp-content\/uploads\/sites\/2\/2025\/01\/parques-centros-y-unidades-de-bienestar.pdf\" target=\"_blank\" rel=\"noopener\"><span style=\"color: #ab0033; text-decoration: underline;\">Lineamientos de Operaci\u00f3n 2025<\/span><\/a><\/span><\/span><\/p>\n<p><a href=\"https:\/\/www.tamaulipas.gob.mx\/bienestarsocial\/wp-content\/uploads\/sites\/2\/2026\/02\/parques-centros-y-unidades-de-bienestar.pdf\">Lineamientos de Operaci\u00f3n 2026<\/a><\/p>\n<\/div>\n\t\t\t\t<\/div>\n\t\t\t<\/div>\n<p><a href=\"https:\/\/www.tamaulipas.gob.mx\/bienestarsocial\/espacios-publicos\/\">Consulta aqu\u00ed tu Espacio P\u00fablico<\/a><\/p>\n<h4><span style=\"color: #808080;\"><strong>Datos de contacto:<\/strong><\/span><\/h4>\n<p>Nombre del \u00e1rea o Departamento:<br \/>\n<strong>Direcci\u00f3n de Parques, Centros y Unidades de Bienestar<\/strong><br \/>\nNombre del Responsable o titular:<br \/>\n<strong>Arq. Fernando Gonz\u00e1lez Soto<\/strong><br \/>\nN\u00famero telef\u00f3nico y extensi\u00f3n:<br \/>\n<strong>(834) 107-8381 Ext. 42251<\/strong><br \/>\nCorreo electr\u00f3nico:<br \/>\n<strong>fernando.gonzalezs@tamaulipas.gob.mx<\/strong><br \/>\nHorario de atenci\u00f3n:<br \/>\n<strong>Lunes a viernes de 8:00 a 17:00 hrs.<\/strong><\/p>\n<p>&nbsp;<\/p>\n","protected":false},"excerpt":{"rendered":"<p>Objetivo General: Incrementar la confianza vecinal de las personas que habitan en las zonas aleda\u00f1as a los espacios p\u00fablicos de Tamaulipas, mediante el uso y\u2026<\/p>\n","protected":false},"author":51,"featured_media":3343,"parent":0,"menu_order":0,"comment_status":"closed","ping_status":"closed","template":"","meta":{"footnotes":""},"class_list":["post-2819","page","type-page","status-publish","has-post-thumbnail","hentry"],"publishpress_future_action":{"enabled":false,"date":"2026-04-27 10:32:57","action":"change-status","newStatus":"draft","terms":[],"taxonomy":""},"_links":{"self":[{"href":"https:\/\/www.tamaulipas.gob.mx\/bienestarsocial\/wp-json\/wp\/v2\/pages\/2819"}],"collection":[{"href":"https:\/\/www.tamaulipas.gob.mx\/bienestarsocial\/wp-json\/wp\/v2\/pages"}],"about":[{"href":"https:\/\/www.tamaulipas.gob.mx\/bienestarsocial\/wp-json\/wp\/v2\/types\/page"}],"author":[{"embeddable":true,"href":"https:\/\/www.tamaulipas.gob.mx\/bienestarsocial\/wp-json\/wp\/v2\/users\/51"}],"replies":[{"embeddable":true,"href":"https:\/\/www.tamaulipas.gob.mx\/bienestarsocial\/wp-json\/wp\/v2\/comments?post=2819"}],"version-history":[{"count":39,"href":"https:\/\/www.tamaulipas.gob.mx\/bienestarsocial\/wp-json\/wp\/v2\/pages\/2819\/revisions"}],"predecessor-version":[{"id":3935,"href":"https:\/\/www.tamaulipas.gob.mx\/bienestarsocial\/wp-json\/wp\/v2\/pages\/2819\/revisions\/3935"}],"wp:featuredmedia":[{"embeddable":true,"href":"https:\/\/www.tamaulipas.gob.mx\/bienestarsocial\/wp-json\/wp\/v2\/media\/3343"}],"wp:attachment":[{"href":"https:\/\/www.tamaulipas.gob.mx\/bienestarsocial\/wp-json\/wp\/v2\/media?parent=2819"}],"curies":[{"name":"wp","href":"https:\/\/api.w.org\/{rel}","templated":true}]}}