{"id":2816,"date":"2023-09-18T13:12:50","date_gmt":"2023-09-18T19:12:50","guid":{"rendered":"https:\/\/www.tamaulipas.gob.mx\/bienestarsocial\/?page_id=2816"},"modified":"2026-03-18T15:13:31","modified_gmt":"2026-03-18T21:13:31","slug":"impulsando-tu-bienestar-2","status":"publish","type":"page","link":"https:\/\/www.tamaulipas.gob.mx\/bienestarsocial\/impulsando-tu-bienestar-2\/","title":{"rendered":"IMPULSANDO TU BIENESTAR"},"content":{"rendered":"<h4 style=\"text-align: justify;\"><span style=\"color: #808080;\"><strong>Objetivo General:<\/strong><\/span><\/h4>\n<p style=\"text-align: justify;\">Favorecer que las personas en Tamaulipas con <span style=\"color: #ab0033;\"><strong>ingresos limitados<\/strong><\/span> o <span style=\"color: #ab0033;\"><strong>inestables<\/strong><\/span> disminuyan su condici\u00f3n de <span style=\"color: #ab0033;\"><strong>pobreza por ingresos<\/strong><\/span>.<\/p>\n<h4 style=\"text-align: justify;\"><span style=\"color: #808080;\"><strong>Objetivos Espec\u00edficos:<\/strong><\/span><\/h4>\n<ul>\n<li>Implementar jornales que proporcionen <strong><span style=\"color: #ab0033;\">ingresos temporales<\/span><\/strong> a personas con <span style=\"color: #ab0033;\"><strong>ingresos limitados<\/strong><\/span> o <strong><span style=\"color: #ab0033;\">inestables<\/span><\/strong>, preferentemente en zonas con <span style=\"color: #ab0033;\"><strong>rezago social<\/strong><\/span>.<\/li>\n<li>Impulsar <span style=\"color: #ab0033;\"><strong>proyectos comunitarios<\/strong> <\/span>que fortalezcan la generaci\u00f3n de <span style=\"color: #ab0033;\"><strong>ingresos sostenibles<\/strong> <\/span>para las familias, priorizando a aquellas que habitan en localidades con <span style=\"color: #ab0033;\"><strong>medio, alto o muy alto rezago social.<\/strong><\/span><\/li>\n<\/ul>\n<h4><span style=\"color: #808080;\"><b>Cobertura:<\/b><\/span><\/h4>\n<p><span style=\"font-weight: 400;\">En los <\/span><span style=\"color: #ab0033;\"><strong>43 municipios del Estado<\/strong><\/span><span style=\"font-weight: 400;\">, con especial atenci\u00f3n a las personas por <\/span><span style=\"color: #ab0033;\"><strong>debajo de la l\u00ednea de pobreza por ingresos<\/strong><\/span><span style=\"font-weight: 400;\"> (962 mil 211), tanto en zonas rurales como urbanas, preferentemente en zonas con presencia de rezago social.<\/span><\/p>\n<h4><span style=\"color: #808080;\"><b>Poblaci\u00f3n objetivo:<\/b><\/span><\/h4>\n<ul style=\"list-style-type: square;\">\n<li>La poblaci\u00f3n objetivo en Tamaulipas est\u00e1 constituida por <span style=\"color: #ab0033;\"><strong>personas con ingresos limitados<\/strong><\/span> o inestables, estimadas en 313,600 seg\u00fan datos de ENOE y ENIGH 2025, preferentemente aquellas que presentan alg\u00fan grado de <span style=\"color: #ab0033;\"><strong>rezago social.<\/strong><\/span><\/li>\n<li>El componente de <span style=\"color: #ab0033;\"><strong>Proyectos Comunitarios<\/strong><\/span> est\u00e1 dirigido a <span style=\"color: #ab0033;\"><strong>localidades<\/strong><\/span> clasificadas con <span style=\"color: #ab0033;\"><strong>alto y muy alto rezago social<\/strong><\/span>, con poblaci\u00f3n superior a 15 habitantes, totalizando 120 localidades en el Estado de Tamaulipas, de acuerdo con el CONEVAL, 2020.<\/li>\n<\/ul>\n<h4><span style=\"color: #808080;\"><b>Tipo de apoyo:<\/b><\/span><\/h4>\n<ul style=\"list-style-type: square;\">\n<li><span style=\"color: #808080;\"><b>Empleando Bienestar:<\/b><\/span><\/li>\n<\/ul>\n<p><span style=\"font-weight: 400;\">Apoyo social de tipo <\/span><span style=\"color: #ab0033;\"><b>econ\u00f3mico <\/b><\/span><span style=\"font-weight: 400;\">(mensual) a las personas seleccionadas, hasta por <strong><span style=\"color: #ab0033;\">dos meses<\/span><\/strong> consecutivos.<\/span><\/p>\n<ul style=\"list-style-type: square;\">\n<li><span style=\"color: #808080;\"><b>Proyectos Comunitarios:<\/b><\/span><\/li>\n<\/ul>\n<p>Se entregar\u00e1n de <span style=\"color: #ab0033;\"><strong>bienes<\/strong> <\/span>(en funci\u00f3n de las necesidades del Proyecto Comunitario) y\/o impartici\u00f3n de <span style=\"color: #ab0033;\"><strong>cursos de capacitaci\u00f3n y desarrollo de habilidades<\/strong><\/span> a personas titulares de derecho.<\/p>\n<h4><span style=\"color: #808080;\"><b>Requisitos para ser titular de derecho:<\/b><\/span><\/h4>\n<ul style=\"list-style-type: square;\">\n<li><span style=\"color: #808080;\"><b>Para Empleando Bienestar<\/b><\/span><\/li>\n<\/ul>\n<ol>\n<li style=\"list-style-type: none;\">\n<ol>\n<li style=\"font-weight: 400;\" aria-level=\"1\"><span style=\"font-weight: 400;\">C\u00e9dula socioecon\u00f3mica (Formato proporcionado por la Secretar\u00eda).<\/span><\/li>\n<li style=\"font-weight: 400;\" aria-level=\"1\"><span style=\"font-weight: 400;\">Solicitud de incorporaci\u00f3n (Formato proporcionado por la Secretar\u00eda).<\/span><\/li>\n<li style=\"font-weight: 400;\" aria-level=\"1\"><span style=\"font-weight: 400;\">Acreditar la mayor\u00eda de edad con Identificaci\u00f3n oficial vigente (INE por ambos lados).<\/span><\/li>\n<li style=\"font-weight: 400;\" aria-level=\"1\">Comprobante de domicilio no mayor de 3 meses de antig\u00fcedad o constancia de residencia de la autoridad local. (Ser\u00e1 requerido \u00fanicamente si la direcci\u00f3n actual no coincide con la indicada en su INE).<\/li>\n<li style=\"font-weight: 400;\" aria-level=\"1\">Carta compromiso (Formato proporcionado por la Secretar\u00eda).<\/li>\n<li style=\"font-weight: 400;\" aria-level=\"1\">Car\u00e1tula del estado de cuenta o documento emitido por la instituci\u00f3n bancaria con fecha actualizada no mayor a 3 meses de antig\u00fcedad donde se aprecie: No. de cuenta, CLABE interbancaria y nombre de la persona del titular de la cuenta.<\/li>\n<li style=\"font-weight: 400;\" aria-level=\"1\">Aviso de privacidad.<\/li>\n<\/ol>\n<\/li>\n<\/ol>\n<ul>\n<li aria-level=\"1\"><span style=\"color: #808080;\"><b>Para Proyectos Productivos:<\/b><\/span><\/li>\n<\/ul>\n<ol>\n<li>Formato que incluya los datos generales del proyecto comunitario, una descripci\u00f3n detallada del mismo, as\u00ed como las actividades a realizar.<\/li>\n<li>C\u00e9dula socioecon\u00f3mica (Formato proporcionado por la Secretar\u00eda).<\/li>\n<li>Solicitud de incorporaci\u00f3n (Formato proporcionado por la Secretar\u00eda).<\/li>\n<li>Acreditar la mayor\u00eda de edad con Identificaci\u00f3n oficial vigente (INE por ambos lados).<\/li>\n<li>Comprobante de domicilio no mayor de 3 meses de antig\u00fcedad o constancia de residencia de la autoridad local (Ser\u00e1 requerido \u00fanicamente si la direcci\u00f3n actual no coincide con la indicada en su INE).<\/li>\n<li>Carta compromiso (Formato proporcionado por la Secretar\u00eda).<\/li>\n<li>En localidades rurales, se deber\u00e1 conformar un grupo comunitario mediante acta de asamblea.<\/li>\n<\/ol>\n<p>Para ambos proyectos, la persona solicitante deber\u00e1 proporcionar una copia simple y legible de cada uno de los requisitos.<\/p>\n<p>Ante <span style=\"color: #ab0033;\"><strong>situaciones de vulnerabilidad<\/strong><\/span> derivadas de un <span style=\"color: #ab0033;\"><strong>fen\u00f3meno social y\/o natural<\/strong><\/span>, la autoridad actuar\u00e1 de conformidad con el <span style=\"color: #ab0033;\"><strong>principio pro persona<\/strong><\/span>; es decir, actuar\u00e1 en favor de las personas y buscando el mayor beneficio posible para ellas. Por lo que, en virtud de la naturaleza de la emergencia provocada por fen\u00f3menos sociales y\/o naturales, no se podr\u00e1n solicitar m\u00e1s documentos a los que posean las personas afectadas para su registro en el programa.<\/p>\n<p><span style=\"color: #808080;\"><strong>Documentos para consulta:\u00a0<\/strong><\/span><\/p>\n<div class=\"panel panel-default\">\n\t\t\t\t<div class=\"panel-heading\">\n\t\t\t\t\t<h4 class=\"panel-title\">\n\t\t\t\t\t\t<a class=\"collapsed\" data-toggle=\"collapse\" data-parent=\"#single-collapse\" href=\"#single-collapse-0\">Reglas de Operaci\u00f3n<\/a>\n\t\t\t\t\t<\/h4>\n\t\t\t\t<\/div>\n\t\t\t\t<div id=\"single-collapse-0\" class=\"panel-collapse collapse\">\n\t\t\t\t\t<div class=\"panel-body\">\n<p><span style=\"text-decoration: underline; color: #ab0033;\"><a style=\"color: #ab0033; text-decoration: underline;\" href=\"https:\/\/www.tamaulipas.gob.mx\/bienestarsocial\/wp-content\/uploads\/sites\/2\/2023\/01\/reglas-de-operacion-del-programa-primero-los-pobres-2022.pdf\">Reglas de Operaci\u00f3n 2023<\/a><\/span><\/p>\n<p><span style=\"text-decoration: underline; color: #ab0033;\"><a style=\"color: #ab0033; text-decoration: underline;\" href=\"https:\/\/www.tamaulipas.gob.mx\/bienestarsocial\/wp-content\/uploads\/sites\/2\/2024\/05\/s235-primero-los-pobres.pdf\">Reglas de Operaci\u00f3n 2024<\/a><\/span><\/p>\n<p><span style=\"text-decoration: underline; color: #ab0033;\"><a style=\"color: #ab0033; text-decoration: underline;\" href=\"https:\/\/www.tamaulipas.gob.mx\/bienestarsocial\/wp-content\/uploads\/sites\/2\/2025\/01\/impulsando-tu-bienestar.pdf\" target=\"_blank\" rel=\"noopener\">Reglas de Operaci\u00f3n 2025<\/a><\/span><\/p>\n<p><a href=\"https:\/\/www.tamaulipas.gob.mx\/bienestarsocial\/wp-content\/uploads\/sites\/2\/2026\/02\/impulsando-tu-bienestar.pdf\">Regla de Operaci\u00f3n 2026<\/a><\/p>\n<p>&nbsp;<\/p>\n<\/div>\n\t\t\t\t<\/div>\n\t\t\t<\/div>\n<p><span style=\"color: #808080;\"><strong>Datos de contacto:<\/strong><\/span><\/p>\n<p>Nombre del \u00e1rea o Departamento:<br \/>\n<strong>Jefatura de Participacion Ciudadana<\/strong><br \/>\nNombre del responsable o titular:<br \/>\n<strong>Mtra. Patricia Santill\u00e1n Jaramillo<\/strong><br \/>\nN\u00famero Telef\u00f3nico de contacto y extensi\u00f3n:<br \/>\n<strong>834-1078117 Ext. 42222<\/strong><br \/>\nCorreo electr\u00f3nico oficial:<br \/>\n<strong>patricia.santillan@tamaulipas.gob.mx<\/strong><br \/>\nHorario de atenci\u00f3n al p\u00fablico:<br \/>\n<strong>Lunes a Viernes 9:00 a 17:00 hrs.<\/strong><\/p>\n","protected":false},"excerpt":{"rendered":"<p>Objetivo General: Favorecer que las personas en Tamaulipas con ingresos limitados o inestables disminuyan su condici\u00f3n de pobreza por ingresos. Objetivos Espec\u00edficos: Implementar jornales que\u2026<\/p>\n","protected":false},"author":51,"featured_media":0,"parent":0,"menu_order":0,"comment_status":"closed","ping_status":"closed","template":"","meta":{"footnotes":""},"class_list":["post-2816","page","type-page","status-publish","hentry"],"publishpress_future_action":{"enabled":false,"date":"2026-04-27 11:52:40","action":"change-status","newStatus":"draft","terms":[],"taxonomy":""},"_links":{"self":[{"href":"https:\/\/www.tamaulipas.gob.mx\/bienestarsocial\/wp-json\/wp\/v2\/pages\/2816"}],"collection":[{"href":"https:\/\/www.tamaulipas.gob.mx\/bienestarsocial\/wp-json\/wp\/v2\/pages"}],"about":[{"href":"https:\/\/www.tamaulipas.gob.mx\/bienestarsocial\/wp-json\/wp\/v2\/types\/page"}],"author":[{"embeddable":true,"href":"https:\/\/www.tamaulipas.gob.mx\/bienestarsocial\/wp-json\/wp\/v2\/users\/51"}],"replies":[{"embeddable":true,"href":"https:\/\/www.tamaulipas.gob.mx\/bienestarsocial\/wp-json\/wp\/v2\/comments?post=2816"}],"version-history":[{"count":33,"href":"https:\/\/www.tamaulipas.gob.mx\/bienestarsocial\/wp-json\/wp\/v2\/pages\/2816\/revisions"}],"predecessor-version":[{"id":3934,"href":"https:\/\/www.tamaulipas.gob.mx\/bienestarsocial\/wp-json\/wp\/v2\/pages\/2816\/revisions\/3934"}],"wp:attachment":[{"href":"https:\/\/www.tamaulipas.gob.mx\/bienestarsocial\/wp-json\/wp\/v2\/media?parent=2816"}],"curies":[{"name":"wp","href":"https:\/\/api.w.org\/{rel}","templated":true}]}}