{"id":2772,"date":"2023-06-29T14:13:47","date_gmt":"2023-06-29T20:13:47","guid":{"rendered":"https:\/\/www.tamaulipas.gob.mx\/bienestarsocial\/?page_id=2772"},"modified":"2026-04-08T16:29:22","modified_gmt":"2026-04-08T22:29:22","slug":"material-de-difusion-y-sensibilizacion","status":"publish","type":"page","link":"https:\/\/www.tamaulipas.gob.mx\/bienestarsocial\/material-de-difusion-y-sensibilizacion\/","title":{"rendered":"Material de Difusi\u00f3n y Sensibilizaci\u00f3n"},"content":{"rendered":"<ul>\n<li>Material de Difusi\u00f3n y Sensibilizaci\u00f3n en Materia de \u00c9tica, Conducta y Prevenci\u00f3n de Conflictos<\/li>\n<\/ul>\n<p>&nbsp;<\/p>\n<h6><span style=\"font-size: 16px; color: #000000;\">\u00a1Conoce el material elaborado por el Comit\u00e9!<\/span><\/h6>\n<div class=\"panel panel-default\">\n\t\t\t\t<div class=\"panel-heading\">\n\t\t\t\t\t<h4 class=\"panel-title\">\n\t\t\t\t\t\t<a class=\"collapsed\" data-toggle=\"collapse\" data-parent=\"#single-collapse\" href=\"#single-collapse-0\">Carteles mensuales 2023<\/a>\n\t\t\t\t\t<\/h4>\n\t\t\t\t<\/div>\n\t\t\t\t<div id=\"single-collapse-0\" class=\"panel-collapse collapse\">\n\t\t\t\t\t<div class=\"panel-body\">\n<p><a href=\"https:\/\/www.tamaulipas.gob.mx\/bienestarsocial\/wp-content\/uploads\/sites\/2\/2023\/06\/whatsapp-image-2023-06-29-at-2.10.11-pm.jpeg\">Junio 2023<\/a><\/p>\n<\/div>\n\t\t\t\t<\/div>\n\t\t\t<\/div>\n<div class=\"panel panel-default\">\n\t\t\t\t<div class=\"panel-heading\">\n\t\t\t\t\t<h4 class=\"panel-title\">\n\t\t\t\t\t\t<a class=\"collapsed\" data-toggle=\"collapse\" data-parent=\"#single-collapse\" href=\"#single-collapse-1\">Carteles mensuales 2024<\/a>\n\t\t\t\t\t<\/h4>\n\t\t\t\t<\/div>\n\t\t\t\t<div id=\"single-collapse-1\" class=\"panel-collapse collapse\">\n\t\t\t\t\t<div class=\"panel-body\">\n<p><a href=\"https:\/\/www.tamaulipas.gob.mx\/bienestarsocial\/wp-content\/uploads\/sites\/2\/2024\/02\/enero.jpg\">Enero\u00a0<\/a><\/p>\n<p><a href=\"https:\/\/www.tamaulipas.gob.mx\/bienestarsocial\/wp-content\/uploads\/sites\/2\/2024\/02\/febrero.jpg\">Febrero<\/a><\/p>\n<p><a href=\"https:\/\/www.tamaulipas.gob.mx\/bienestarsocial\/wp-content\/uploads\/sites\/2\/2024\/03\/valor-mes-de-marzo.pdf\">Marzo\u00a0<\/a><\/p>\n<p><a href=\"https:\/\/www.tamaulipas.gob.mx\/bienestarsocial\/wp-content\/uploads\/sites\/2\/2024\/04\/informacion-etica-abril.pdf\">Abril\u00a0<\/a><\/p>\n<p><a href=\"https:\/\/www.tamaulipas.gob.mx\/bienestarsocial\/wp-content\/uploads\/sites\/2\/2024\/05\/comite-de-etica-mayo-2024-1.pdf\">Mayo\u00a0<\/a><\/p>\n<p><a href=\"https:\/\/www.tamaulipas.gob.mx\/bienestarsocial\/wp-content\/uploads\/sites\/2\/2024\/07\/comite-de-etica-junio-2024.pdf\">Junio<\/a><\/p>\n<p><a href=\"https:\/\/www.tamaulipas.gob.mx\/bienestarsocial\/wp-content\/uploads\/sites\/2\/2024\/07\/valor-julio-24.pdf\">Julio\u00a0<\/a><\/p>\n<p><a href=\"https:\/\/www.tamaulipas.gob.mx\/bienestarsocial\/wp-content\/uploads\/sites\/2\/2024\/08\/valor-agosto-24-02.pdf\">Agosto\u00a0<\/a><\/p>\n<p>Septiembre<\/p>\n<p><a href=\"https:\/\/www.tamaulipas.gob.mx\/bienestarsocial\/wp-content\/uploads\/sites\/2\/2024\/11\/mes-octubre.jpeg\">Octubre<\/a><\/p>\n<p><a href=\"https:\/\/www.tamaulipas.gob.mx\/bienestarsocial\/wp-content\/uploads\/sites\/2\/2024\/11\/valor-mes-de-noviembre-24.pdf\">Noviembre<\/a><\/p>\n<p><a href=\"https:\/\/www.tamaulipas.gob.mx\/bienestarsocial\/wp-content\/uploads\/sites\/2\/2024\/12\/valor_diciembre-1.png\">Diciembre<\/a><\/p>\n<\/div>\n\t\t\t\t<\/div>\n\t\t\t<\/div>\n<div class=\"panel panel-default\">\n\t\t\t\t<div class=\"panel-heading\">\n\t\t\t\t\t<h4 class=\"panel-title\">\n\t\t\t\t\t\t<a class=\"collapsed\" data-toggle=\"collapse\" data-parent=\"#single-collapse\" href=\"#single-collapse-2\">Carteles mensuales 2025<\/a>\n\t\t\t\t\t<\/h4>\n\t\t\t\t<\/div>\n\t\t\t\t<div id=\"single-collapse-2\" class=\"panel-collapse collapse\">\n\t\t\t\t\t<div class=\"panel-body\">\n<p><a href=\"https:\/\/www.tamaulipas.gob.mx\/bienestarsocial\/wp-content\/uploads\/sites\/2\/2025\/01\/valor-enero-25.pdf\">Enero <\/a><\/p>\n<p><a href=\"https:\/\/www.tamaulipas.gob.mx\/bienestarsocial\/wp-content\/uploads\/sites\/2\/2025\/02\/valor-febrero-2025.pdf\">Febrero <\/a><\/p>\n<p><a href=\"https:\/\/www.tamaulipas.gob.mx\/bienestarsocial\/wp-content\/uploads\/sites\/2\/2025\/03\/valor-marzo-2025.pdf\">Marzo<\/a><\/p>\n<p><a href=\"https:\/\/www.tamaulipas.gob.mx\/bienestarsocial\/wp-content\/uploads\/sites\/2\/2025\/04\/valor-abril-25-07.png\">Abril<\/a><\/p>\n<p><a href=\"https:\/\/www.tamaulipas.gob.mx\/bienestarsocial\/wp-content\/uploads\/sites\/2\/2025\/05\/img_5626.png\">Mayo<\/a><\/p>\n<p><a href=\"https:\/\/www.tamaulipas.gob.mx\/bienestarsocial\/wp-content\/uploads\/sites\/2\/2025\/06\/valor-junio.png\">Junio<\/a><\/p>\n<p><a href=\"https:\/\/www.tamaulipas.gob.mx\/bienestarsocial\/wp-content\/uploads\/sites\/2\/2025\/07\/valor-mes-julio-02.png\">Julio<\/a><\/p>\n<p><a href=\"https:\/\/www.tamaulipas.gob.mx\/bienestarsocial\/wp-content\/uploads\/sites\/2\/2025\/08\/img_7787.png\">Agosto<\/a><\/p>\n<p><a href=\"https:\/\/www.tamaulipas.gob.mx\/bienestarsocial\/wp-content\/uploads\/sites\/2\/2025\/09\/img_8300.png\">Septiembre<\/a><\/p>\n<p><a href=\"https:\/\/www.tamaulipas.gob.mx\/bienestarsocial\/wp-content\/uploads\/sites\/2\/2025\/11\/valor-octubre-05.png\">Octubre<\/a><\/p>\n<p><a href=\"https:\/\/www.tamaulipas.gob.mx\/bienestarsocial\/wp-content\/uploads\/sites\/2\/2025\/11\/valor-noviembrefinal.png\">Noviembre<\/a><\/p>\n<p><a href=\"https:\/\/www.tamaulipas.gob.mx\/bienestarsocial\/wp-content\/uploads\/sites\/2\/2025\/12\/valor-diciembre.jpeg\">Diciembre<\/a><\/p>\n<\/div>\n\t\t\t\t<\/div>\n\t\t\t<\/div>\n<div class=\"panel panel-default\">\n\t\t\t\t<div class=\"panel-heading\">\n\t\t\t\t\t<h4 class=\"panel-title\">\n\t\t\t\t\t\t<a class=\"collapsed\" data-toggle=\"collapse\" data-parent=\"#single-collapse\" href=\"#single-collapse-3\">Carteles mensuales 2026<\/a>\n\t\t\t\t\t<\/h4>\n\t\t\t\t<\/div>\n\t\t\t\t<div id=\"single-collapse-3\" class=\"panel-collapse collapse\">\n\t\t\t\t\t<div class=\"panel-body\">\n<p><a href=\"https:\/\/www.tamaulipas.gob.mx\/bienestarsocial\/wp-content\/uploads\/sites\/2\/2026\/01\/valor-enero.png\">Enero<\/a><\/p>\n<p><a href=\"https:\/\/www.tamaulipas.gob.mx\/bienestarsocial\/wp-content\/uploads\/sites\/2\/2026\/03\/valor-febrero-2026png.png\">Febrero<\/a><\/p>\n<p><a href=\"https:\/\/www.tamaulipas.gob.mx\/bienestarsocial\/wp-content\/uploads\/sites\/2\/2026\/03\/valor-del-mes-marzo.jpeg\">Marzo<\/a><\/p>\n<p><a href=\"https:\/\/www.tamaulipas.gob.mx\/bienestarsocial\/wp-content\/uploads\/sites\/2\/2026\/04\/valor-abril-rrss.png\">Abril<\/a><\/p>\n<\/div>\n\t\t\t\t<\/div>\n\t\t\t<\/div>\n","protected":false},"excerpt":{"rendered":"<p>Material de Difusi\u00f3n y Sensibilizaci\u00f3n en Materia de \u00c9tica, Conducta y Prevenci\u00f3n de Conflictos &nbsp; \u00a1Conoce el material elaborado por el Comit\u00e9!<\/p>\n","protected":false},"author":51,"featured_media":0,"parent":0,"menu_order":0,"comment_status":"closed","ping_status":"closed","template":"","meta":{"footnotes":""},"class_list":["post-2772","page","type-page","status-publish","hentry"],"publishpress_future_action":{"enabled":false,"date":"2026-04-27 10:32:57","action":"change-status","newStatus":"draft","terms":[],"taxonomy":""},"_links":{"self":[{"href":"https:\/\/www.tamaulipas.gob.mx\/bienestarsocial\/wp-json\/wp\/v2\/pages\/2772"}],"collection":[{"href":"https:\/\/www.tamaulipas.gob.mx\/bienestarsocial\/wp-json\/wp\/v2\/pages"}],"about":[{"href":"https:\/\/www.tamaulipas.gob.mx\/bienestarsocial\/wp-json\/wp\/v2\/types\/page"}],"author":[{"embeddable":true,"href":"https:\/\/www.tamaulipas.gob.mx\/bienestarsocial\/wp-json\/wp\/v2\/users\/51"}],"replies":[{"embeddable":true,"href":"https:\/\/www.tamaulipas.gob.mx\/bienestarsocial\/wp-json\/wp\/v2\/comments?post=2772"}],"version-history":[{"count":42,"href":"https:\/\/www.tamaulipas.gob.mx\/bienestarsocial\/wp-json\/wp\/v2\/pages\/2772\/revisions"}],"predecessor-version":[{"id":4031,"href":"https:\/\/www.tamaulipas.gob.mx\/bienestarsocial\/wp-json\/wp\/v2\/pages\/2772\/revisions\/4031"}],"wp:attachment":[{"href":"https:\/\/www.tamaulipas.gob.mx\/bienestarsocial\/wp-json\/wp\/v2\/media?parent=2772"}],"curies":[{"name":"wp","href":"https:\/\/api.w.org\/{rel}","templated":true}]}}