{"id":2685,"date":"2023-04-26T10:27:52","date_gmt":"2023-04-26T16:27:52","guid":{"rendered":"https:\/\/www.tamaulipas.gob.mx\/bienestarsocial\/?page_id=2685"},"modified":"2025-11-14T13:23:36","modified_gmt":"2025-11-14T19:23:36","slug":"vinculacion-con-organismos-de-la-sociedad-civil","status":"publish","type":"page","link":"https:\/\/www.tamaulipas.gob.mx\/bienestarsocial\/vinculacion-con-organismos-de-la-sociedad-civil\/","title":{"rendered":"VINCULACI\u00d3N CON ORGANISMOS DE LA SOCIEDAD CIVIL"},"content":{"rendered":"<h4 style=\"text-align: justify;\"><span style=\"color: #808080;\"><strong>Objetivo General:<\/strong><\/span><\/h4>\n<p style=\"text-align: justify;\">Contribuir a que las <span style=\"color: #ab0033;\"><strong>Organizaciones de la Sociedad Civil<\/strong><\/span> del Estado de Tamaulipas mejoren su gesti\u00f3n y operaci\u00f3n.<\/p>\n<h4 style=\"text-align: justify;\"><span style=\"color: #808080;\"><strong>Objetivos Espec\u00edficos:<\/strong><\/span><\/h4>\n<ul>\n<li>Brindar asistencia para la <span style=\"color: #ab0033;\"><strong>constituci\u00f3n legal<\/strong> y <strong>registro<\/strong><\/span> de los organismos de la sociedad civil (OSC).<\/li>\n<li>Otorgar <span style=\"color: #ab0033;\"><strong>subsidios<\/strong><\/span> y ejecutar estrategias para el proceso de gesti\u00f3n para la <span style=\"color: #ab0033;\"><strong>procuraci\u00f3n de fondos<\/strong><\/span> para proyectos sociales, de organismos de la Sociedad Civil.<\/li>\n<li>Proveer <span style=\"color: #ab0033;\"><strong>herramientas formativas<\/strong><\/span> para lograr una <span style=\"color: #ab0033;\"><strong>profesionalizaci\u00f3n<\/strong> <\/span>efectiva de las organizaciones de la Sociedad Civil.<\/li>\n<\/ul>\n<h4><span style=\"color: #808080;\"><b>Cobertura:<\/b><\/span><\/h4>\n<p><span style=\"font-weight: 400;\">En los <\/span><span style=\"color: #ab0033;\"><b>43 <span style=\"color: #ab0033;\">municipios<\/span><\/b><\/span> <span style=\"font-weight: 400;\">del Estado.<\/span><\/p>\n<h4><span style=\"color: #808080;\"><b>Poblaci\u00f3n objetivo:<\/b><\/span><\/h4>\n<ul>\n<li style=\"font-weight: 400;\" aria-level=\"1\"><span style=\"font-weight: 400;\">Organizaciones de la sociedad civil legalmente constituidas y registradas.<\/span><\/li>\n<li style=\"font-weight: 400;\" aria-level=\"1\"><span style=\"font-weight: 400;\">Grupos organizados que busquen su constituci\u00f3n legal.<\/span><\/li>\n<\/ul>\n<h4><span style=\"color: #808080;\"><b>Tipo de apoyo:<\/b><\/span><\/h4>\n<ul>\n<li style=\"font-weight: 400;\" aria-level=\"1\"><span style=\"font-weight: 400;\">Acciones de formalizaci\u00f3n para el fortalecimiento y desarrollo organizacional, a trav\u00e9s de la prestaci\u00f3n de servicios de <\/span><span style=\"color: #ab0033;\"><b>orientaci\u00f3n <\/b><\/span><span style=\"font-weight: 400;\">para la<\/span> <span style=\"color: #ab0033;\"><b>constituci\u00f3n legal<\/b><\/span><span style=\"font-weight: 400;\">, solicitud de <\/span><span style=\"color: #c92626;\"><b><span style=\"color: #ab0033;\">donataria<\/span> <span style=\"color: #ab0033;\">autorizada<\/span><\/b><\/span><span style=\"font-weight: 400;\">, solicitud de <\/span><span style=\"color: #c92626;\"><span style=\"color: #ab0033;\"><b>inscripci\u00f3n al Registro Federal de OSC<\/b><\/span><span style=\"font-weight: 400;\">.<\/span><\/span><\/li>\n<li style=\"font-weight: 400;\" aria-level=\"1\"><span style=\"color: #ab0033;\"><b>Servicios formativos<\/b><\/span><span style=\"font-weight: 400;\"> para la <\/span><span style=\"color: #ab0033;\"><b>profesionalizaci\u00f3n<\/b><\/span><span style=\"font-weight: 400;\"> de los Organismos de la Sociedad Civil, a trav\u00e9s de talleres, capacitaciones, conferencias, entre otras, que contribuyan a mejorar sus capacidades operativas y administrativas.<\/span><\/li>\n<li style=\"font-weight: 400;\" aria-level=\"1\"><span style=\"color: #ab0033;\"><b>Apoyos econ\u00f3micos<\/b><\/span> <span style=\"font-weight: 400;\">catalogados como subsidios otorgados en una sola exhibici\u00f3n, que estar\u00e1n sujetos a la suficiencia presupuestal.\u00a0<\/span><\/li>\n<li style=\"font-weight: 400;\" aria-level=\"1\"><span style=\"font-weight: 400;\">Servicios de <\/span><span style=\"color: #ab0033;\"><b>capacitaci\u00f3n<\/b><\/span><span style=\"font-weight: 400;\"> para la profesionalizaci\u00f3n de los organismos y de <\/span><span style=\"color: #ab0033;\"><b>orientaci\u00f3n<\/b><\/span><span style=\"font-weight: 400;\"> para la <\/span><span style=\"color: #ab0033;\"><b>formalizaci\u00f3n de los OSC<\/b><span style=\"font-weight: 400;\">.<\/span><\/span><\/li>\n<\/ul>\n<h4><span style=\"color: #808080;\"><b>Requisitos para ser titular de derecho:<\/b><\/span><\/h4>\n<p><span style=\"font-weight: 400;\">Las <\/span><span style=\"color: #ab0033;\"><b>Organizaciones de la Sociedad Civil<\/b><\/span><span style=\"font-weight: 400;\">, que est\u00e9n <\/span><span style=\"color: #ab0033;\"><b>legalmente constituidas<\/b><\/span> <span style=\"font-weight: 400;\">deber\u00e1n dar cumplimiento a los siguientes requisitos:<\/span><\/p>\n<ol>\n<li style=\"font-weight: 400;\" aria-level=\"1\"><span style=\"font-weight: 400;\">Presentar copia del acta constitutiva de la asociaci\u00f3n, debidamente inscrita en el Registro P\u00fablico de la Propiedad del Instituto Registral y Catastral del Estado de Tamaulipas.\u00a0<\/span><\/li>\n<li style=\"font-weight: 400;\" aria-level=\"1\"><span style=\"font-weight: 400;\">Copia simple del C\u00e9dula de Identificaci\u00f3n Fiscal (RFC) de la asociaci\u00f3n.\u00a0<\/span><\/li>\n<li style=\"font-weight: 400;\" aria-level=\"1\"><span style=\"font-weight: 400;\">Copia simple del comprobante de domicilio fiscal y operativo de la asociaci\u00f3n pudiendo ser recibo de luz, agua o tel\u00e9fono fijo, con una antig\u00fcedad no mayor a 3 meses.\u00a0<\/span><\/li>\n<li style=\"font-weight: 400;\" aria-level=\"1\"><span style=\"font-weight: 400;\">Cumplir con los requisitos fiscales de conformidad con la normatividad aplicable en la materia. Los que determinen otros programas federales y estatales, con los que la Secretar\u00eda establezca convenio para ampliar los alcances del programa.\u00a0<\/span><\/li>\n<\/ol>\n<p><span style=\"font-weight: 400;\">La secretar\u00eda podr\u00e1 requerir en cualquier momento documentaci\u00f3n adicional que permita acreditar la personalidad de las Organizaciones de la Sociedad Civil.\u00a0<\/span><\/p>\n<p><span style=\"font-weight: 400;\">Los <\/span><span style=\"color: #ab0033;\"><b>grupos organizados<\/b><\/span><span style=\"font-weight: 400;\"> que buscan su constituci\u00f3n legal y registro, y requieren de los <\/span><span style=\"color: #ab0033;\"><b>servicios<\/b><\/span><span style=\"font-weight: 400;\"> de <\/span><span style=\"color: #ab0033;\"><b>orientaci\u00f3n y capacitaci\u00f3n<\/b><\/span><span style=\"font-weight: 400;\">, deber\u00e1n dar cumplimiento a los siguientes requisitos:<\/span><\/p>\n<ol>\n<li style=\"font-weight: 400;\" aria-level=\"1\"><span style=\"font-weight: 400;\">Presentar original y copia de identificaci\u00f3n oficial vigente de quienes integran el grupo a constituir (INE, pasaporte, licencia de conducir).\u00a0<\/span><\/li>\n<li style=\"font-weight: 400;\" aria-level=\"1\"><span style=\"font-weight: 400;\">Presentar Clave \u00danica de Registro de Poblaci\u00f3n (CURP) de quienes integran el grupo a constituir.<\/span><\/li>\n<\/ol>\n<h4><span style=\"color: #808080;\"><strong>Documentos para consulta:<\/strong><\/span><\/h4>\n<div class=\"panel panel-default\">\n\t\t\t\t<div class=\"panel-heading\">\n\t\t\t\t\t<h4 class=\"panel-title\">\n\t\t\t\t\t\t<a class=\"collapsed\" data-toggle=\"collapse\" data-parent=\"#single-collapse\" href=\"#single-collapse-0\">Reglas de Operaci\u00f3n<\/a>\n\t\t\t\t\t<\/h4>\n\t\t\t\t<\/div>\n\t\t\t\t<div id=\"single-collapse-0\" class=\"panel-collapse collapse\">\n\t\t\t\t\t<div class=\"panel-body\">\n<p><span style=\"text-decoration: underline; color: #ab0033;\"><a style=\"color: #ab0033; text-decoration: underline;\" href=\"https:\/\/www.tamaulipas.gob.mx\/bienestarsocial\/wp-content\/uploads\/sites\/2\/2023\/01\/reglas-de-operacion-del-programa-vinculacion-con-organismos-de-la-sociedad-civil-2022.pdf\">Reglas de Operaci\u00f3n 2023<\/a><\/span><\/p>\n<p><span style=\"text-decoration: underline; color: #ab0033;\"><a style=\"color: #ab0033; text-decoration: underline;\" href=\"https:\/\/www.tamaulipas.gob.mx\/bienestarsocial\/wp-content\/uploads\/sites\/2\/2024\/05\/s114-vinculacion-con-organismos.pdf\">Reglas de Operaci\u00f3n 2024<\/a><\/span><\/p>\n<p><span style=\"text-decoration: underline; color: #ab0033;\"><a style=\"color: #ab0033; text-decoration: underline;\" href=\"https:\/\/www.tamaulipas.gob.mx\/bienestarsocial\/wp-content\/uploads\/sites\/2\/2025\/01\/vinculacion-con-organismos-de-la-sociedad-civil.pdf\" target=\"_blank\" rel=\"noopener\">Reglas de Operaci\u00f3n 2025<\/a><\/span><\/p>\n<\/div>\n\t\t\t\t<\/div>\n\t\t\t<\/div>\n<h4><span style=\"color: #808080;\"><strong>Datos de contacto:<\/strong><\/span><\/h4>\n<p>Nombre del \u00e1rea o Departamento:<br \/>\n<strong>Departamento de Vinculaci\u00f3n con Iniciativa Privada y Asociaciones Civiles<\/strong><br \/>\nNombre del Responsable o titular:<br \/>\n<strong>Lic. Manuel Antonio de la Barreda Ram\u00edrez<\/strong><br \/>\nN\u00famero telef\u00f3nico de contacto y extensi\u00f3n:<br \/>\n<strong>L\u00ednea Directa: (834) 107-8111 Ext. 42211, 42223, 43069<\/strong><br \/>\nCorreo electr\u00f3nico:<br \/>\n<strong>manuel.delabarreda@tamaulipas.gob.mx<\/strong><br \/>\n<strong>vinculacion.articulacion@tamaulipas.gob.mx<\/strong><br \/>\nHorario de atenci\u00f3n:<br \/>\n<strong>Lunes a viernes de 9:00 a 17:00 hrs.<\/strong><\/p>\n","protected":false},"excerpt":{"rendered":"<p>Objetivo General: Contribuir a que las Organizaciones de la Sociedad Civil del Estado de Tamaulipas mejoren su gesti\u00f3n y operaci\u00f3n. Objetivos Espec\u00edficos: Brindar asistencia para\u2026<\/p>\n","protected":false},"author":51,"featured_media":3431,"parent":0,"menu_order":0,"comment_status":"closed","ping_status":"closed","template":"","meta":{"footnotes":""},"class_list":["post-2685","page","type-page","status-publish","has-post-thumbnail","hentry"],"publishpress_future_action":{"enabled":false,"date":"2026-04-11 08:11:31","action":"change-status","newStatus":"draft","terms":[],"taxonomy":""},"_links":{"self":[{"href":"https:\/\/www.tamaulipas.gob.mx\/bienestarsocial\/wp-json\/wp\/v2\/pages\/2685"}],"collection":[{"href":"https:\/\/www.tamaulipas.gob.mx\/bienestarsocial\/wp-json\/wp\/v2\/pages"}],"about":[{"href":"https:\/\/www.tamaulipas.gob.mx\/bienestarsocial\/wp-json\/wp\/v2\/types\/page"}],"author":[{"embeddable":true,"href":"https:\/\/www.tamaulipas.gob.mx\/bienestarsocial\/wp-json\/wp\/v2\/users\/51"}],"replies":[{"embeddable":true,"href":"https:\/\/www.tamaulipas.gob.mx\/bienestarsocial\/wp-json\/wp\/v2\/comments?post=2685"}],"version-history":[{"count":23,"href":"https:\/\/www.tamaulipas.gob.mx\/bienestarsocial\/wp-json\/wp\/v2\/pages\/2685\/revisions"}],"predecessor-version":[{"id":3557,"href":"https:\/\/www.tamaulipas.gob.mx\/bienestarsocial\/wp-json\/wp\/v2\/pages\/2685\/revisions\/3557"}],"wp:featuredmedia":[{"embeddable":true,"href":"https:\/\/www.tamaulipas.gob.mx\/bienestarsocial\/wp-json\/wp\/v2\/media\/3431"}],"wp:attachment":[{"href":"https:\/\/www.tamaulipas.gob.mx\/bienestarsocial\/wp-json\/wp\/v2\/media?parent=2685"}],"curies":[{"name":"wp","href":"https:\/\/api.w.org\/{rel}","templated":true}]}}