{"id":2683,"date":"2023-04-26T10:23:56","date_gmt":"2023-04-26T16:23:56","guid":{"rendered":"https:\/\/www.tamaulipas.gob.mx\/bienestarsocial\/?page_id=2683"},"modified":"2026-03-18T14:45:22","modified_gmt":"2026-03-18T20:45:22","slug":"gestores-sociales-del-bienestar","status":"publish","type":"page","link":"https:\/\/www.tamaulipas.gob.mx\/bienestarsocial\/gestores-sociales-del-bienestar\/","title":{"rendered":"GESTORES SOCIALES DEL BIENESTAR"},"content":{"rendered":"<h4><span style=\"color: #808080;\"><strong>Objetivo General:<\/strong><\/span><\/h4>\n<p>Promover el <span style=\"color: #9c0303;\"><strong>acceso efectivo <\/strong><\/span>de la poblaci\u00f3n en situaci\u00f3n de <span style=\"color: #ab0033;\"><strong>pobreza por ingresos<\/strong><\/span> a programas y acciones sociales de bienestar.<\/p>\n<h4><span style=\"color: #808080;\"><strong>Objetivos espec\u00edficos:<\/strong><\/span><\/h4>\n<ul style=\"list-style-type: square;\">\n<li>Proporcionar apoyos econ\u00f3micos a personas <strong><span style=\"color: #9c0303;\">Gestoras Sociales del Bienestar<\/span> <\/strong>como medio para fortalecer su presencia territorial y el <span style=\"color: #ab0033;\"><strong>servicio de gestor\u00eda comunitaria<\/strong><\/span> que brindan.<\/li>\n<li>Promover actividades de <strong><span style=\"color: #ab0033;\">gesti\u00f3n, difusi\u00f3n y <\/span><span style=\"color: #9c0303;\">acompa\u00f1amiento <\/span><\/strong><span style=\"color: #000000;\">de los programas <\/span>y acciones sociales del Gobierno.<\/li>\n<\/ul>\n<h4><span style=\"color: #808080;\"><b>Cobertura:<\/b><\/span><\/h4>\n<p>La poblaci\u00f3n potencial est\u00e1 integrada por <span style=\"color: #9c0303;\"><strong>2 millones 107 mil 807 <\/strong><span style=\"color: #000000;\">personas<\/span><\/span> en <span style=\"color: #ab0033;\"><strong>situaci\u00f3n de pobreza<\/strong><\/span> o vulnerabilidad que habitan en los <span style=\"color: #9c0303;\"><strong>43 municipios del Estado<\/strong><span style=\"color: #000000;\"> de Tamaulipas<\/span><\/span><span style=\"color: #000000;\">,<\/span> equivalentes al 59% de la poblaci\u00f3n estatal (INEGI, 2024).<\/p>\n<h4><span style=\"color: #808080;\"><b>Poblaci\u00f3n objetivo:<\/b><\/span><\/h4>\n<p>La poblaci\u00f3n objetivo est\u00e1 conformada por <span style=\"color: #9c0303;\"><strong>962,211 <\/strong><span style=\"color: #000000;\">personas en situaci\u00f3n de<\/span><strong> pobreza por ingreso<\/strong><\/span>, residentes en los 43 municipios del Estado de Tamaulipas, lo que representa el <span style=\"color: #000000;\">26.9% de la poblaci\u00f3n estatal <\/span>(INEGI, 2024).<\/p>\n<h4><span style=\"color: #808080;\"><b>Titulares de Derecho:<\/b><\/span><\/h4>\n<p>Las personas podr\u00e1n acceder a las <span style=\"color: #ab0033;\"><strong>gestiones, servicios y acciones<\/strong><\/span> del <span style=\"color: #9c0303;\"><span style=\"color: #000000;\">Programa<\/span> <\/span>a trav\u00e9s de las siguientes figuras:<\/p>\n<p style=\"padding-left: 40px;\"><span style=\"color: #ab0033;\"><strong>1) Gestores del Bienestar<\/strong><\/span><br \/>\n<span style=\"color: #ab0033;\"><strong>2) Gestores Sociales<\/strong><\/span><\/p>\n<p>Las figuras se integrar\u00e1n como parte del <span style=\"color: #ab0033;\"><strong>voluntariado social<\/strong><\/span> de la Secretar\u00eda de Bienestar Social, colaborando por convicci\u00f3n propia en el desarrollo de actividades en beneficio de la poblaci\u00f3n objetivo.<\/p>\n<h4><span style=\"color: #808080;\"><b>Tipo de apoyo:<\/b><\/span><\/h4>\n<p>Se otorga al titular de derecho una <span style=\"color: #ab0033;\"><strong>ayuda social<\/strong> <\/span>de car\u00e1cter <span style=\"color: #ab0033;\"><strong>econ\u00f3mico<\/strong><\/span> de manera <span style=\"color: #ab0033;\"><strong>mensual<\/strong><\/span>, destinada a las personas que formen parte del voluntariado.<\/p>\n<p><span style=\"color: #808080;\"><b>Requisitos para ser titular de derecho como Gestor del Bienestar o Gestor Social:<\/b><\/span><\/p>\n<p>Las personas interesadas en incorporarse al Programa como Gestores del Bienestar y Gestores Sociales deber\u00e1n cumplir con los requisitos siguientes:<br \/>\na) Contar con la mayor\u00eda de edad.<br \/>\nb) Residir en el Estado de Tamaulipas.<br \/>\nc) Proporcionar una copia simple legible de cada uno de los siguientes documentos:<\/p>\n<ol>\n<li>Identificaci\u00f3n oficial vigente (INE por ambos lados o pasaporte).<\/li>\n<li>Clave \u00danica de Registro de Poblaci\u00f3n (CURP).<\/li>\n<li>Comprobante de domicilio no mayor de 3 meses de antig\u00fcedad (recibo de agua, luz o tel\u00e9fono).<\/li>\n<li>Estado de cuenta bancario del a\u00f1o actual, en el que aparezcan de forma legible el nombre de la persona titular de la cuenta, la clabe interbancaria y el nombre del banco.<\/li>\n<li>C\u00e9dula de Identificaci\u00f3n Fiscal (CIF).<br \/>\nAdem\u00e1s, deber\u00e1 llenar la siguiente documentaci\u00f3n proporcionada por la Secretar\u00eda:<\/li>\n<li>Solicitud de incorporaci\u00f3n al Programa.<\/li>\n<li>C\u00e9dula Socioecon\u00f3mica.<\/li>\n<li>Firmar el Aviso de Privacidad Simplificado.<\/li>\n<\/ol>\n<h4><strong><span style=\"color: #808080;\">Documentos para consulta:\u00a0<\/span><\/strong><\/h4>\n<div class=\"panel panel-default\">\n\t\t\t\t<div class=\"panel-heading\">\n\t\t\t\t\t<h4 class=\"panel-title\">\n\t\t\t\t\t\t<a class=\"collapsed\" data-toggle=\"collapse\" data-parent=\"#single-collapse\" href=\"#single-collapse-0\">Lineamientos de Operaci\u00f3n<\/a>\n\t\t\t\t\t<\/h4>\n\t\t\t\t<\/div>\n\t\t\t\t<div id=\"single-collapse-0\" class=\"panel-collapse collapse\">\n\t\t\t\t\t<div class=\"panel-body\">\n<p><span style=\"text-decoration: underline; color: #ab0033;\"><a style=\"text-decoration: underline; color: #ab0033;\" href=\"https:\/\/www.tamaulipas.gob.mx\/bienestarsocial\/wp-content\/uploads\/sites\/2\/2023\/01\/lineamientos-de-operacion-del-programa-gestores-sociales-del-bienestar-2022.pdf\">Lineamientos de Operaci\u00f3n 2023<\/a><\/span><\/p>\n<p><span style=\"text-decoration: underline; color: #ab0033;\"><a style=\"text-decoration: underline; color: #ab0033;\" href=\"https:\/\/www.tamaulipas.gob.mx\/bienestarsocial\/wp-content\/uploads\/sites\/2\/2024\/05\/e117-gestores-sociales.pdf\">Lineamientos de Operaci\u00f3n 2024<\/a><\/span><\/p>\n<p><span style=\"text-decoration: underline; color: #ab0033;\"><a style=\"text-decoration: underline; color: #ab0033;\" href=\"https:\/\/www.tamaulipas.gob.mx\/bienestarsocial\/wp-content\/uploads\/sites\/2\/2025\/01\/gestores-del-bienestar.pdf\" target=\"_blank\" rel=\"noopener\">Lineamientos de Operaci\u00f3n 2025<\/a><\/span><\/p>\n<p><a href=\"https:\/\/www.tamaulipas.gob.mx\/bienestarsocial\/wp-content\/uploads\/sites\/2\/2026\/02\/gestores-del-bienestar.pdf\">Lineamientos de Operaci\u00f3n 2026<\/a><\/p>\n<\/div>\n\t\t\t\t<\/div>\n\t\t\t<\/div>\n<h4><strong><span style=\"color: #808080;\">Datos de contacto:<\/span><\/strong><\/h4>\n<p>Nombre del \u00e1rea o Departamento:<br \/>\n<strong>Coordinaci\u00f3n General de Delegaciones.<\/strong><br \/>\nNombre del Responsable o titular:<br \/>\n<strong>Lic. \u00c1ngel N\u00e1jera Ortega.<\/strong><br \/>\nN\u00famero telef\u00f3nico de contacto y extensi\u00f3n:<br \/>\n<strong>834-318-8000 Ext. 42203 y 43006.<\/strong><br \/>\nCorreo electr\u00f3nico:<br \/>\n<strong>angel.najera@tamaulipas.gob.mx.<\/strong><br \/>\nHorario de atenci\u00f3n:<br \/>\n<strong>Lunes a viernes de 9:00 a 17:00 hrs.<\/strong><\/p>\n","protected":false},"excerpt":{"rendered":"<p>Objetivo General: Promover el acceso efectivo de la poblaci\u00f3n en situaci\u00f3n de pobreza por ingresos a programas y acciones sociales de bienestar. Objetivos espec\u00edficos: Proporcionar\u2026<\/p>\n","protected":false},"author":51,"featured_media":3326,"parent":0,"menu_order":0,"comment_status":"closed","ping_status":"closed","template":"","meta":{"footnotes":""},"class_list":["post-2683","page","type-page","status-publish","has-post-thumbnail","hentry"],"publishpress_future_action":{"enabled":false,"date":"2026-04-27 10:34:36","action":"change-status","newStatus":"draft","terms":[],"taxonomy":""},"_links":{"self":[{"href":"https:\/\/www.tamaulipas.gob.mx\/bienestarsocial\/wp-json\/wp\/v2\/pages\/2683"}],"collection":[{"href":"https:\/\/www.tamaulipas.gob.mx\/bienestarsocial\/wp-json\/wp\/v2\/pages"}],"about":[{"href":"https:\/\/www.tamaulipas.gob.mx\/bienestarsocial\/wp-json\/wp\/v2\/types\/page"}],"author":[{"embeddable":true,"href":"https:\/\/www.tamaulipas.gob.mx\/bienestarsocial\/wp-json\/wp\/v2\/users\/51"}],"replies":[{"embeddable":true,"href":"https:\/\/www.tamaulipas.gob.mx\/bienestarsocial\/wp-json\/wp\/v2\/comments?post=2683"}],"version-history":[{"count":31,"href":"https:\/\/www.tamaulipas.gob.mx\/bienestarsocial\/wp-json\/wp\/v2\/pages\/2683\/revisions"}],"predecessor-version":[{"id":3925,"href":"https:\/\/www.tamaulipas.gob.mx\/bienestarsocial\/wp-json\/wp\/v2\/pages\/2683\/revisions\/3925"}],"wp:featuredmedia":[{"embeddable":true,"href":"https:\/\/www.tamaulipas.gob.mx\/bienestarsocial\/wp-json\/wp\/v2\/media\/3326"}],"wp:attachment":[{"href":"https:\/\/www.tamaulipas.gob.mx\/bienestarsocial\/wp-json\/wp\/v2\/media?parent=2683"}],"curies":[{"name":"wp","href":"https:\/\/api.w.org\/{rel}","templated":true}]}}