{"id":2681,"date":"2023-04-26T10:16:29","date_gmt":"2023-04-26T16:16:29","guid":{"rendered":"https:\/\/www.tamaulipas.gob.mx\/bienestarsocial\/?page_id=2681"},"modified":"2026-03-18T14:23:46","modified_gmt":"2026-03-18T20:23:46","slug":"alimentandotubienestar","status":"publish","type":"page","link":"https:\/\/www.tamaulipas.gob.mx\/bienestarsocial\/alimentandotubienestar\/","title":{"rendered":"ALIMENTANDO TU BIENESTAR"},"content":{"rendered":"<h4><span style=\"color: #808080;\"><b>Objetivo General:<\/b><\/span><\/h4>\n<p style=\"text-align: justify;\">Coadyuvar a que las personas en situaci\u00f3n de<span style=\"color: #ab0033;\"><strong>\u00a0pobreza por ingresos<\/strong><\/span> en Tamaulipas mantengan una <strong><span style=\"color: #ab0033;\">alimentaci\u00f3n nutritiva<\/span><\/strong>, <span style=\"color: #ab0033;\"><strong>suficiente<\/strong><\/span> y de <span style=\"color: #ab0033;\"><strong>calidad<\/strong><\/span>.<\/p>\n<h4 style=\"text-align: justify;\"><span style=\"color: #808080;\"><b>Objetivos Espec\u00edficos:<\/b><\/span><\/h4>\n<ul style=\"list-style-type: square;\">\n<li style=\"text-align: justify;\">Entregar <strong><span style=\"color: #ab0033;\">apoyos alimentarios<\/span><\/strong> conformados por productos equivalentes a la <span style=\"color: #ab0033;\"><strong>canasta b\u00e1sica<\/strong><\/span> alimentaria de manera peri\u00f3dica.<\/li>\n<li style=\"text-align: justify;\">Llevar a cabo <span style=\"color: #ab0033;\"><strong>Mercados de Bienestar<\/strong> <\/span>que permitan el acceso a productos de la canasta b\u00e1sica a costos m\u00e1s bajos.<\/li>\n<\/ul>\n<h4 style=\"text-align: justify;\"><span style=\"color: #808080;\"><strong>Cobertura:<\/strong><\/span><\/h4>\n<p style=\"text-align: justify;\">El Programa Alimentando tu Bienestar atiende a personas en <span style=\"color: #ab0033;\"><strong>situaci\u00f3n de pobreza por ingresos<\/strong><\/span>, estimadas en <span style=\"color: #ab0033;\"><strong>962,211 personas<\/strong><\/span>, lo que equivale al 26.9% de la poblaci\u00f3n total del estado (INEGI, 2024).<\/p>\n<h4 style=\"text-align: justify;\"><span style=\"color: #808080;\"><b>Poblaci\u00f3n objetivo:<\/b><\/span><\/h4>\n<p style=\"text-align: justify;\">Se conforma por personas en situaci\u00f3n de <strong><span style=\"color: #ab0033;\">pobreza por ingresos<\/span><\/strong> que presentan carencia por<span style=\"color: #000000;\"> acceso a la alimentaci\u00f3n nutritiva y de calidad,<\/span> lo que corresponde a <span style=\"color: #ab0033;\"><strong>348,397 personas<\/strong><\/span>, equivalente a <span style=\"color: #000000;\">9.7% <\/span>de la poblaci\u00f3n estatal (INEGI, 2024).<\/p>\n<h4 style=\"text-align: justify;\"><span style=\"color: #808080;\"><b>Tipos de apoyo:\u00a0<\/b><\/span><\/h4>\n<ul style=\"text-align: justify; list-style-type: square;\">\n<li aria-level=\"1\"><b><span style=\"color: #808080;\">Abastecimiento de alimentos (Despensas)<\/span>.<\/b><\/li>\n<\/ul>\n<p style=\"text-align: justify;\">Se otorgar\u00e1n <span style=\"color: #ab0033;\"><strong>apoyos alimentarios<\/strong><\/span> en especie de manera <span style=\"color: #ab0033;\"><strong>peri\u00f3dica<\/strong><\/span>, compuestos por productos de la <span style=\"color: #ab0033;\"><strong>canasta b\u00e1sica<\/strong><\/span>.<\/p>\n<ul style=\"list-style-type: square;\">\n<li><span style=\"color: #808080;\"><b>Mercados de Bienestar<\/b><\/span><\/li>\n<\/ul>\n<p style=\"text-align: justify;\">Se <strong><span style=\"color: #ab0033;\">ofertar\u00e1n productos<\/span> <\/strong>de la <span style=\"color: #ab0033;\"><strong>canasta b\u00e1sica alimentaria<\/strong><\/span> por proveedores locales, preferentemente a un precio m\u00e1s bajo del que se encuentra en el mercado.<\/p>\n<p style=\"text-align: justify;\">As\u00ed mismo se realizar\u00e1n <strong><span style=\"color: #ab0033;\">consultas m\u00e9dicas o nutricionales<\/span> <\/strong>de manera <span style=\"color: #ab0033;\"><strong>gratuita.<\/strong><\/span><\/p>\n<h4 style=\"text-align: justify;\"><span style=\"color: #808080;\"><b>Requisitos para abastecimiento de alimentos (despensa):<\/b><\/span><\/h4>\n<p style=\"text-align: justify;\">a) Llenar la Solicitud de incorporaci\u00f3n al Programa con firma aut\u00f3grafa o huella dactilar.<\/p>\n<p style=\"text-align: justify;\">b) Llenar la C\u00e9dula Socioecon\u00f3mica con\u00a0firma aut\u00f3grafa o huella dactilar.<\/p>\n<p style=\"text-align: justify;\">c) Presentar identificaci\u00f3n oficial vigente con fotograf\u00eda (INE, pasaporte, credencial del INAPAM).<\/p>\n<p style=\"text-align: justify;\">d) Proporcionar Clave \u00danica de Registro de Poblaci\u00f3n (CURP).<\/p>\n<p style=\"text-align: justify;\">e) Firmar el Aviso de Privacidad Simplificado.<\/p>\n<p style=\"text-align: justify;\">f) Presentar comprobante de domicilio vigente (antig\u00fcedad m\u00e1xima de tres meses a la fecha de la solicitud).<\/p>\n<h4 style=\"text-align: justify;\"><span style=\"color: #808080;\"><b>Exenciones:<\/b><\/span><\/h4>\n<p style=\"text-align: justify;\">Ante situaciones de vulnerabilidad por una emergencia social y\/o natural, la autoridad actuar\u00e1 de conformidad con el principio pro-persona; es decir, actuar\u00e1 en favor de las personas y de lo que mayor beneficio les pueda generar. Por lo que, en virtud de la naturaleza de la emergencia social y\/o natural, no se podr\u00e1 solicitar documentos a las personas afectadas.<\/p>\n<h4 style=\"text-align: justify;\"><span style=\"color: #808080;\"><b>Requisitos para ser beneficiario en Mercados de Bienestar:<\/b><\/span><\/h4>\n<p><span style=\"font-weight: 400;\">a) Acudir al Mercado de Bienestar en curso<\/span><\/p>\n<p><span style=\"font-weight: 400;\">b) Llenar lista de asistencia con la siguiente informaci\u00f3n:<\/span><\/p>\n<p>I. Nombre Completo<\/p>\n<p>II. Direcci\u00f3n<\/p>\n<p><span style=\"font-weight: 400;\">III. Tel\u00e9fono<\/span><\/p>\n<h4 style=\"text-align: justify;\"><\/h4>\n<h4 style=\"text-align: justify;\"><span style=\"color: #808080;\"><b>Documentos para consulta:\u00a0<\/b><\/span><\/h4>\n<p style=\"text-align: justify;\"><div class=\"panel panel-default\">\n\t\t\t\t<div class=\"panel-heading\">\n\t\t\t\t\t<h4 class=\"panel-title\">\n\t\t\t\t\t\t<a class=\"collapsed\" data-toggle=\"collapse\" data-parent=\"#single-collapse\" href=\"#single-collapse-0\">Reglas de Operaci\u00f3n<\/a>\n\t\t\t\t\t<\/h4>\n\t\t\t\t<\/div>\n\t\t\t\t<div id=\"single-collapse-0\" class=\"panel-collapse collapse\">\n\t\t\t\t\t<div class=\"panel-body\">\n<p style=\"text-align: justify;\"><a href=\"https:\/\/www.tamaulipas.gob.mx\/bienestarsocial\/wp-content\/uploads\/sites\/2\/2023\/01\/reglas-de-operacion-del-programa-alimentando-tu-bienestar-2022.pdf\">Reglas de Operaci\u00f3n 2023<\/a><\/p>\n<p style=\"text-align: justify;\"><a href=\"https:\/\/www.tamaulipas.gob.mx\/bienestarsocial\/wp-content\/uploads\/sites\/2\/2024\/05\/s123-alimentando-tu-bienestar.pdf\">Reglas de Operaci\u00f3n 2024<\/a><\/p>\n<p style=\"text-align: justify;\"><a href=\"https:\/\/www.tamaulipas.gob.mx\/bienestarsocial\/wp-content\/uploads\/sites\/2\/2025\/01\/alimentando-tu-bienestar.pdf\">Reglas de Operaci\u00f3n 2025<\/a><\/p>\n<p style=\"text-align: justify;\"><a href=\"https:\/\/www.tamaulipas.gob.mx\/bienestarsocial\/wp-content\/uploads\/sites\/2\/2026\/02\/alimentando-tu-bienestar.pdf\">Reglas de Operaci\u00f3n 2026<\/a><\/p>\n<p style=\"text-align: justify;\"><\/div>\n\t\t\t\t<\/div>\n\t\t\t<\/div>\n<h4 style=\"text-align: justify;\"><span style=\"color: #808080;\"><b>Datos de contacto:<\/b><\/span><\/h4>\n<p style=\"text-align: justify;\">Nombre del \u00e1rea o Departamento:<br \/>\n<strong>Direcci\u00f3n de Programas Alimentarios<\/strong><br \/>\nNombre del Responsable o titular:<br \/>\n<strong>Javier Ricardo Garc\u00eda Rivera<\/strong><br \/>\nN\u00famero telef\u00f3nico de contacto y extensi\u00f3n:<br \/>\n<strong>834-318-8000 Ext. 43065<\/strong><br \/>\nCorreo electr\u00f3nico:<br \/>\n<strong>javier.garciar@tamaulipas.gob.mx; juana.rodriguez@tamaulipas.gob.mx;<\/strong><br \/>\n<strong>celia.serrano@tamaulipas.gob.mx<\/strong><br \/>\nHorario de atenci\u00f3n:<br \/>\n<strong>Lunes a viernes de 9:00 a 18:00 hrs.<\/strong><\/p>\n","protected":false},"excerpt":{"rendered":"<p>Objetivo General: Coadyuvar a que las personas en situaci\u00f3n de\u00a0pobreza por ingresos en Tamaulipas mantengan una alimentaci\u00f3n nutritiva, suficiente y de calidad. Objetivos Espec\u00edficos: Entregar\u2026<\/p>\n","protected":false},"author":51,"featured_media":3323,"parent":0,"menu_order":0,"comment_status":"closed","ping_status":"closed","template":"","meta":{"footnotes":""},"class_list":["post-2681","page","type-page","status-publish","has-post-thumbnail","hentry"],"publishpress_future_action":{"enabled":false,"date":"2026-04-26 08:41:41","action":"change-status","newStatus":"draft","terms":[],"taxonomy":""},"_links":{"self":[{"href":"https:\/\/www.tamaulipas.gob.mx\/bienestarsocial\/wp-json\/wp\/v2\/pages\/2681"}],"collection":[{"href":"https:\/\/www.tamaulipas.gob.mx\/bienestarsocial\/wp-json\/wp\/v2\/pages"}],"about":[{"href":"https:\/\/www.tamaulipas.gob.mx\/bienestarsocial\/wp-json\/wp\/v2\/types\/page"}],"author":[{"embeddable":true,"href":"https:\/\/www.tamaulipas.gob.mx\/bienestarsocial\/wp-json\/wp\/v2\/users\/51"}],"replies":[{"embeddable":true,"href":"https:\/\/www.tamaulipas.gob.mx\/bienestarsocial\/wp-json\/wp\/v2\/comments?post=2681"}],"version-history":[{"count":47,"href":"https:\/\/www.tamaulipas.gob.mx\/bienestarsocial\/wp-json\/wp\/v2\/pages\/2681\/revisions"}],"predecessor-version":[{"id":3923,"href":"https:\/\/www.tamaulipas.gob.mx\/bienestarsocial\/wp-json\/wp\/v2\/pages\/2681\/revisions\/3923"}],"wp:featuredmedia":[{"embeddable":true,"href":"https:\/\/www.tamaulipas.gob.mx\/bienestarsocial\/wp-json\/wp\/v2\/media\/3323"}],"wp:attachment":[{"href":"https:\/\/www.tamaulipas.gob.mx\/bienestarsocial\/wp-json\/wp\/v2\/media?parent=2681"}],"curies":[{"name":"wp","href":"https:\/\/api.w.org\/{rel}","templated":true}]}}