{"id":2656,"date":"2023-04-25T13:54:46","date_gmt":"2023-04-25T19:54:46","guid":{"rendered":"https:\/\/www.tamaulipas.gob.mx\/bienestarsocial\/?page_id=2656"},"modified":"2026-04-06T12:29:24","modified_gmt":"2026-04-06T18:29:24","slug":"integrantes","status":"publish","type":"page","link":"https:\/\/www.tamaulipas.gob.mx\/bienestarsocial\/comite-de-etica\/integrantes\/","title":{"rendered":"Integrantes"},"content":{"rendered":"<h3 style=\"text-align: center;\">Integrantes del Comit\u00e9 de \u00c9tica, Conducta y Prevenci\u00f3n de Conflictos de Inter\u00e9s de la Secretar\u00eda de Bienestar Social<\/h3>\n<p>&nbsp;<\/p>\n<p style=\"text-align: center;\">Mtro. Jes\u00fas Demetrio Reyes Monsivais<br \/>\n<strong>Presidente del Comit\u00e9 de \u00c9tica, Conducta y Prevenci\u00f3n de Conflictos de Inter\u00e9s<\/strong><\/p>\n<p style=\"text-align: center;\">Lic. Karla Valeria Flores Castro<br \/>\n<strong>Secretaria T\u00e9cnica<\/strong><\/p>\n<p style=\"text-align: center;\">C.P. H\u00e9ctor Rafael Adame Lerma<br \/>\n<strong>Coordinador<\/strong><\/p>\n<p style=\"text-align: center;\">Ing. Alejandra F\u00e9lix Ramos<br \/>\n<strong>Vocal 1<\/strong><\/p>\n<p style=\"text-align: center;\">MVZ. Javier Ricardo Garc\u00eda Rivera<br \/>\n<strong>Vocal 2<\/strong><\/p>\n<h3 style=\"text-align: center;\"><\/h3>\n","protected":false},"excerpt":{"rendered":"<p>Integrantes del Comit\u00e9 de \u00c9tica, Conducta y Prevenci\u00f3n de Conflictos de Inter\u00e9s de la Secretar\u00eda de Bienestar Social &nbsp; Mtro. Jes\u00fas Demetrio Reyes Monsivais Presidente\u2026<\/p>\n","protected":false},"author":51,"featured_media":0,"parent":2723,"menu_order":0,"comment_status":"closed","ping_status":"closed","template":"","meta":{"footnotes":""},"class_list":["post-2656","page","type-page","status-publish","hentry"],"publishpress_future_action":{"enabled":false,"date":"2026-04-27 10:34:37","action":"change-status","newStatus":"draft","terms":[],"taxonomy":""},"_links":{"self":[{"href":"https:\/\/www.tamaulipas.gob.mx\/bienestarsocial\/wp-json\/wp\/v2\/pages\/2656"}],"collection":[{"href":"https:\/\/www.tamaulipas.gob.mx\/bienestarsocial\/wp-json\/wp\/v2\/pages"}],"about":[{"href":"https:\/\/www.tamaulipas.gob.mx\/bienestarsocial\/wp-json\/wp\/v2\/types\/page"}],"author":[{"embeddable":true,"href":"https:\/\/www.tamaulipas.gob.mx\/bienestarsocial\/wp-json\/wp\/v2\/users\/51"}],"replies":[{"embeddable":true,"href":"https:\/\/www.tamaulipas.gob.mx\/bienestarsocial\/wp-json\/wp\/v2\/comments?post=2656"}],"version-history":[{"count":31,"href":"https:\/\/www.tamaulipas.gob.mx\/bienestarsocial\/wp-json\/wp\/v2\/pages\/2656\/revisions"}],"predecessor-version":[{"id":4029,"href":"https:\/\/www.tamaulipas.gob.mx\/bienestarsocial\/wp-json\/wp\/v2\/pages\/2656\/revisions\/4029"}],"up":[{"embeddable":true,"href":"https:\/\/www.tamaulipas.gob.mx\/bienestarsocial\/wp-json\/wp\/v2\/pages\/2723"}],"wp:attachment":[{"href":"https:\/\/www.tamaulipas.gob.mx\/bienestarsocial\/wp-json\/wp\/v2\/media?parent=2656"}],"curies":[{"name":"wp","href":"https:\/\/api.w.org\/{rel}","templated":true}]}}