{"id":2649,"date":"2023-04-25T13:49:50","date_gmt":"2023-04-25T19:49:50","guid":{"rendered":"https:\/\/www.tamaulipas.gob.mx\/bienestarsocial\/?page_id=2649"},"modified":"2023-05-02T11:43:31","modified_gmt":"2023-05-02T17:43:31","slug":"normas-del-comportamiento-de-los-servidores-publicos","status":"publish","type":"page","link":"https:\/\/www.tamaulipas.gob.mx\/bienestarsocial\/comite-de-etica\/normas-del-comportamiento-de-los-servidores-publicos\/","title":{"rendered":"Normas del comportamiento de los servidores p\u00fablicos"},"content":{"rendered":"<h3><\/h3>\n<ul>\n<li><strong>Uso del Cargo P\u00fablico<\/strong><br \/>\nLas y los servidores p\u00fablicos de la Secretar\u00eda, debemos realizar nuestras funciones, con eficiencia, adecuando nuestra conducta a los principios constitucionales, institucionales y personales previstos en el C\u00f3digo de \u00e9tica, conducta y prevenci\u00f3n de conflictos de inter\u00e9s para lograr la calidad en el servicio p\u00fablico que la sociedad requiere, orientados por un esp\u00edritu de servicio.<\/li>\n<li><strong>Programas Sociales<\/strong><br \/>\nLas y los servidores p\u00fablicos de la Secretar\u00eda, debemos conocer los programas sociales que se implementen, los cuales tienen por objeto generar bienestar, abatiendo las distintas carencias sociales detectadas a trav\u00e9s de indicadores estad\u00edsticos de medici\u00f3n de la pobreza multidimensional, garantizando que la entrega de los beneficios, se apeguen a los principios de igualdad y no discriminaci\u00f3n, legalidad, imparcialidad, transparencia y respeto.<\/li>\n<li><strong>Respeto a los derechos humanos, igualdad, no discriminaci\u00f3n y perspectiva de g\u00e9nero<\/strong><br \/>\nLas y los servidores p\u00fablicos de la Secretar\u00eda debemos respetar los derechos humanos, brindar trato igualitario en la prestaci\u00f3n de los servicios, sin hacer discriminaci\u00f3n alguna las personas por su origen \u00e9tnico o nacional, color de piel, cultura, sexo, g\u00e9nero edad, capacidad diferente, condici\u00f3n social.<\/li>\n<li><strong>Transparencia y rendici\u00f3n de cuentas<\/strong><br \/>\nLas y los servidores p\u00fablicos de la Secretar\u00eda, garantizaremos el derecho humano a la transparencia y acceso a la informaci\u00f3n p\u00fablica, estableciendo lo necesario a fin de que la sociedad cuente con los mecanismos adecuados, para el acceso libre y transparente de la informaci\u00f3n que se genere, respetando el principio constitucional de m\u00e1xima publicidad, siempre que la informaci\u00f3n no se encuentre reservada o sea confidencial por razones legales en cumplimiento de la Ley de Transparencia y Acceso a la Informaci\u00f3n P\u00fablica del Estado de Tamaulipas, as\u00ed como de otras disposiciones legales aplicables.<\/li>\n<li><strong>Conflictos de Intereses<\/strong><br \/>\nLas y los servidores p\u00fablicos de esta Secretar\u00eda, debemos evitar cualquier situaci\u00f3n que est\u00e9 fuera de nuestras funciones, y que pueda generar un conflicto de inter\u00e9s en nuestro actuar o con las y los compa\u00f1eros; sabemos que nuestra actuaci\u00f3n debe estar apegada en todo momento al C\u00f3digo de \u00e9tica, conducta y prevenci\u00f3n de conflictos de inter\u00e9s acorde a las reglas de integridad, a la misi\u00f3n y visi\u00f3n de la Secretar\u00eda.<\/li>\n<\/ul>\n","protected":false},"excerpt":{"rendered":"<p>Uso del Cargo P\u00fablico Las y los servidores p\u00fablicos de la Secretar\u00eda, debemos realizar nuestras funciones, con eficiencia, adecuando nuestra conducta a los principios constitucionales,\u2026<\/p>\n","protected":false},"author":51,"featured_media":0,"parent":2723,"menu_order":0,"comment_status":"closed","ping_status":"closed","template":"","meta":{"footnotes":""},"class_list":["post-2649","page","type-page","status-publish","hentry"],"publishpress_future_action":{"enabled":false,"date":"2026-04-27 10:34:37","action":"change-status","newStatus":"draft","terms":[],"taxonomy":""},"_links":{"self":[{"href":"https:\/\/www.tamaulipas.gob.mx\/bienestarsocial\/wp-json\/wp\/v2\/pages\/2649"}],"collection":[{"href":"https:\/\/www.tamaulipas.gob.mx\/bienestarsocial\/wp-json\/wp\/v2\/pages"}],"about":[{"href":"https:\/\/www.tamaulipas.gob.mx\/bienestarsocial\/wp-json\/wp\/v2\/types\/page"}],"author":[{"embeddable":true,"href":"https:\/\/www.tamaulipas.gob.mx\/bienestarsocial\/wp-json\/wp\/v2\/users\/51"}],"replies":[{"embeddable":true,"href":"https:\/\/www.tamaulipas.gob.mx\/bienestarsocial\/wp-json\/wp\/v2\/comments?post=2649"}],"version-history":[{"count":3,"href":"https:\/\/www.tamaulipas.gob.mx\/bienestarsocial\/wp-json\/wp\/v2\/pages\/2649\/revisions"}],"predecessor-version":[{"id":2655,"href":"https:\/\/www.tamaulipas.gob.mx\/bienestarsocial\/wp-json\/wp\/v2\/pages\/2649\/revisions\/2655"}],"up":[{"embeddable":true,"href":"https:\/\/www.tamaulipas.gob.mx\/bienestarsocial\/wp-json\/wp\/v2\/pages\/2723"}],"wp:attachment":[{"href":"https:\/\/www.tamaulipas.gob.mx\/bienestarsocial\/wp-json\/wp\/v2\/media?parent=2649"}],"curies":[{"name":"wp","href":"https:\/\/api.w.org\/{rel}","templated":true}]}}